{"id":1571,"date":"2025-06-09T17:46:00","date_gmt":"2025-06-09T17:46:00","guid":{"rendered":"http:\/\/www.mymomentsworld.com.jakub-belau.pl\/?page_id=1571"},"modified":"2025-07-05T10:41:28","modified_gmt":"2025-07-05T10:41:28","slug":"formy-platnosci","status":"publish","type":"page","link":"https:\/\/www.mymomentsworld.com\/pl\/formy-platnosci\/","title":{"rendered":"Formy p\u0142atno\u015bci"},"content":{"rendered":"<p><strong>Kiedy serduszko m\u00f3wi \u201echc\u0119!\u201d, a portfel m\u00f3wi \u201ejak?\u201d<\/strong><\/p>\n<ul>\n<li>Oferujemy r\u00f3\u017cne formy p\u0142atno\u015bci, aby zakupy by\u0142y tak wygodne, jak to tylko mo\u017cliwe, od przelew\u00f3w tradycyjnych, przez szybkie p\u0142atno\u015bci online, a\u017c po mo\u017cliwo\u015b\u0107 odbioru osobistego.<\/li>\n<li>Na wp\u0142at\u0119 tradycyjnym przelewem czekamy do 5 dni roboczych, po tym czasie zam\u00f3wienie zostanie automatycznie anulowane. A szkoda by by\u0142o, prawda? W przypadku braku zap\u0142aty w w\/w terminie, Umow\u0119 uwa\u017ca si\u0119 za niezawart\u0105.<\/li>\n<li>Je\u015bli napotkasz jakiekolwiek problemy z p\u0142atno\u015bci\u0105, nie porzucaj koszyka! Zadzwo\u0144 do nas 535-450-443 lub napisz, a z przyjemno\u015bci\u0105 pomo\u017cemy i dopilnujemy, by wszystko posz\u0142o g\u0142adko.<\/li>\n<li>\n<p>Potrzebujesz innej formy p\u0142atno\u015bci? Odezwij si\u0119 do nas. Zobaczymy, co da si\u0119 zrobi\u0107.\u00a0<\/p>\n<\/li>\n<li>\n<p>Nie oferujemy p\u0142atno\u015bci za pobraniem. Niestety, \u017cycie nauczy\u0142o nas kilku lekcji i musieli\u015bmy z tej opcji zrezygnowa\u0107.<\/p>\n<p>Ale nie martw si\u0119! Mo\u017cesz skorzysta\u0107 z odroczonej p\u0142atno\u015bci i zap\u0142aci\u0107 p\u00f3\u017aniej \u2013 bez stresu, na spokojnie.<\/p>\n<\/li>\n<li>\n<p>Sklep oferuje nast\u0119puj\u0105ce metody p\u0142atno\u015bci:<\/p>\n<ol>\n<li>tradycyjny przelew bankowy na rachunek Sprzedawcy<\/li>\n<li>szybki przelew elektroniczny \/ BLIK \/ p\u0142atno\u015b\u0107 tzw. wirtualnym portfelem &#8211; za po\u015brednictwem platformy p\u0142atniczej Autopay<\/li>\n<li>p\u0142atno\u015b\u0107 kart\u0105: Visa, Visa Electron, MasterCard, MasterCard Electronic<\/li>\n<li>p\u0142atno\u015b\u0107 odroczona \u2013 za po\u015brednictwem operatora wskazanego na etapie sk\u0142adania zam\u00f3wienia<\/li>\n<\/ol>\n<\/li>\n<\/ul>\n<p>\ud83d\udcd8 Dane do przelewu: ING 63105017641000009083997511<\/p>\n<p>KP KLEIN Sp. z o.o., Urocza 6\/2, 83-307 Kie\u0142pino<\/p>\n<ul class=\"zen-list-none\">\n<li><a>\u00a0 <span class=\"s1\">\ud83d\udcde <\/span><\/a><a><span class=\"s1\">\u00a0<\/span><\/a><a>+48 535-450-443\u00a0<\/a><\/li>\n<li><span class=\"s1\">\ud83d\udce9 \u00a0<\/span><a>kontakt@mymomentsworld.com<\/a><\/li>\n<\/ul>\n<p>\u00a0<\/p>\n\n\n<figure class=\"wp-block-image\"><img decoding=\"async\" src=\"https:\/\/developers.autopay.pl\/storage\/loga\/blik-karty-portfele_elektroniczne-PIS-przelew-platnosci_odroczone-raty\/1215x200-bankpay.png\" alt=\"Blik + karty + portfele elektroniczne + PIS + przelew + p\u0142atno\u015bci odroczone + raty 1215x200 bank pay\" \/><\/figure>\n","protected":false},"excerpt":{"rendered":"<p>Kiedy serduszko m\u00f3wi \u201echc\u0119!\u201d, a portfel m\u00f3wi \u201ejak?\u201d Oferujemy r\u00f3\u017cne formy p\u0142atno\u015bci, aby zakupy by\u0142y tak wygodne, jak to tylko [&hellip;]<\/p>\n","protected":false},"author":1,"featured_media":0,"parent":0,"menu_order":0,"comment_status":"closed","ping_status":"closed","template":"","meta":{"site-sidebar-layout":"default","site-content-layout":"","ast-site-content-layout":"default","site-content-style":"default","site-sidebar-style":"default","ast-global-header-display":"","ast-banner-title-visibility":"","ast-main-header-display":"","ast-hfb-above-header-display":"","ast-hfb-below-header-display":"","ast-hfb-mobile-header-display":"","site-post-title":"","ast-breadcrumbs-content":"","ast-featured-img":"","footer-sml-layout":"","ast-disable-related-posts":"","theme-transparent-header-meta":"","adv-header-id-meta":"","stick-header-meta":"","header-above-stick-meta":"","header-main-stick-meta":"","header-below-stick-meta":"","astra-migrate-meta-layouts":"default","ast-page-background-enabled":"default","ast-page-background-meta":{"desktop":{"background-color":"var(--ast-global-color-5)","background-image":"","background-repeat":"repeat","background-position":"center center","background-size":"auto","background-attachment":"scroll","background-type":"","background-media":"","overlay-type":"","overlay-color":"","overlay-opacity":"","overlay-gradient":""},"tablet":{"background-color":"","background-image":"","background-repeat":"repeat","background-position":"center center","background-size":"auto","background-attachment":"scroll","background-type":"","background-media":"","overlay-type":"","overlay-color":"","overlay-opacity":"","overlay-gradient":""},"mobile":{"background-color":"","background-image":"","background-repeat":"repeat","background-position":"center center","background-size":"auto","background-attachment":"scroll","background-type":"","background-media":"","overlay-type":"","overlay-color":"","overlay-opacity":"","overlay-gradient":""}},"ast-content-background-meta":{"desktop":{"background-color":"var(--ast-global-color-4)","background-image":"","background-repeat":"repeat","background-position":"center center","background-size":"auto","background-attachment":"scroll","background-type":"","background-media":"","overlay-type":"","overlay-color":"","overlay-opacity":"","overlay-gradient":""},"tablet":{"background-color":"var(--ast-global-color-4)","background-image":"","background-repeat":"repeat","background-position":"center center","background-size":"auto","background-attachment":"scroll","background-type":"","background-media":"","overlay-type":"","overlay-color":"","overlay-opacity":"","overlay-gradient":""},"mobile":{"background-color":"var(--ast-global-color-4)","background-image":"","background-repeat":"repeat","background-position":"center center","background-size":"auto","background-attachment":"scroll","background-type":"","background-media":"","overlay-type":"","overlay-color":"","overlay-opacity":"","overlay-gradient":""}},"footnotes":""},"class_list":["post-1571","page","type-page","status-publish","hentry"],"yoast_head":"<!-- This site is optimized with the Yoast SEO plugin v27.3 - https:\/\/yoast.com\/product\/yoast-seo-wordpress\/ -->\n<title>Formy p\u0142atno\u015bci | My Moments - Produkty dla niemowl\u0105t, dzieci i rodzic\u00f3w<\/title>\n<meta name=\"robots\" content=\"index, follow, max-snippet:-1, max-image-preview:large, max-video-preview:-1\" \/>\n<link rel=\"canonical\" href=\"https:\/\/www.mymomentsworld.com\/pl\/formy-platnosci\/\" \/>\n<meta property=\"og:locale\" content=\"pl_PL\" \/>\n<meta property=\"og:type\" content=\"article\" \/>\n<meta property=\"og:title\" content=\"Formy p\u0142atno\u015bci | My Moments - Produkty dla niemowl\u0105t, dzieci i rodzic\u00f3w\" \/>\n<meta property=\"og:description\" content=\"Kiedy serduszko m\u00f3wi \u201echc\u0119!\u201d, a portfel m\u00f3wi \u201ejak?\u201d Oferujemy r\u00f3\u017cne formy p\u0142atno\u015bci, aby zakupy by\u0142y tak wygodne, jak to tylko [&hellip;]\" \/>\n<meta property=\"og:url\" content=\"https:\/\/www.mymomentsworld.com\/pl\/formy-platnosci\/\" \/>\n<meta property=\"og:site_name\" content=\"My Moments\" \/>\n<meta property=\"article:publisher\" content=\"https:\/\/www.facebook.com\/mymomentsworld\/\" \/>\n<meta property=\"article:modified_time\" content=\"2025-07-05T10:41:28+00:00\" \/>\n<meta property=\"og:image\" content=\"https:\/\/developers.autopay.pl\/storage\/loga\/blik-karty-portfele_elektroniczne-PIS-przelew-platnosci_odroczone-raty\/1215x200-bankpay.png\" \/>\n<meta name=\"twitter:card\" content=\"summary_large_image\" \/>\n<meta name=\"twitter:label1\" content=\"Szacowany czas czytania\" \/>\n\t<meta name=\"twitter:data1\" content=\"1 minuta\" \/>\n<script type=\"application\/ld+json\" class=\"yoast-schema-graph\">{\"@context\":\"https:\\\/\\\/schema.org\",\"@graph\":[{\"@type\":\"WebPage\",\"@id\":\"https:\\\/\\\/www.mymomentsworld.com\\\/formy-platnosci\\\/\",\"url\":\"https:\\\/\\\/www.mymomentsworld.com\\\/formy-platnosci\\\/\",\"name\":\"Formy p\u0142atno\u015bci | My Moments - Produkty dla niemowl\u0105t, dzieci i rodzic\u00f3w\",\"isPartOf\":{\"@id\":\"https:\\\/\\\/www.mymomentsworld.com\\\/#website\"},\"primaryImageOfPage\":{\"@id\":\"https:\\\/\\\/www.mymomentsworld.com\\\/formy-platnosci\\\/#primaryimage\"},\"image\":{\"@id\":\"https:\\\/\\\/www.mymomentsworld.com\\\/formy-platnosci\\\/#primaryimage\"},\"thumbnailUrl\":\"https:\\\/\\\/developers.autopay.pl\\\/storage\\\/loga\\\/blik-karty-portfele_elektroniczne-PIS-przelew-platnosci_odroczone-raty\\\/1215x200-bankpay.png\",\"datePublished\":\"2025-06-09T17:46:00+00:00\",\"dateModified\":\"2025-07-05T10:41:28+00:00\",\"breadcrumb\":{\"@id\":\"https:\\\/\\\/www.mymomentsworld.com\\\/formy-platnosci\\\/#breadcrumb\"},\"inLanguage\":\"pl-PL\",\"potentialAction\":[{\"@type\":\"ReadAction\",\"target\":[\"https:\\\/\\\/www.mymomentsworld.com\\\/formy-platnosci\\\/\"]}]},{\"@type\":\"ImageObject\",\"inLanguage\":\"pl-PL\",\"@id\":\"https:\\\/\\\/www.mymomentsworld.com\\\/formy-platnosci\\\/#primaryimage\",\"url\":\"https:\\\/\\\/developers.autopay.pl\\\/storage\\\/loga\\\/blik-karty-portfele_elektroniczne-PIS-przelew-platnosci_odroczone-raty\\\/1215x200-bankpay.png\",\"contentUrl\":\"https:\\\/\\\/developers.autopay.pl\\\/storage\\\/loga\\\/blik-karty-portfele_elektroniczne-PIS-przelew-platnosci_odroczone-raty\\\/1215x200-bankpay.png\"},{\"@type\":\"BreadcrumbList\",\"@id\":\"https:\\\/\\\/www.mymomentsworld.com\\\/formy-platnosci\\\/#breadcrumb\",\"itemListElement\":[{\"@type\":\"ListItem\",\"position\":1,\"name\":\"Strona g\u0142\u00f3wna\",\"item\":\"https:\\\/\\\/www.mymomentsworld.com\\\/\"},{\"@type\":\"ListItem\",\"position\":2,\"name\":\"Formy p\u0142atno\u015bci\"}]},{\"@type\":\"WebSite\",\"@id\":\"https:\\\/\\\/www.mymomentsworld.com\\\/#website\",\"url\":\"https:\\\/\\\/www.mymomentsworld.com\\\/\",\"name\":\"My Moments\",\"description\":\"Produkty dla niemowl\u0105t, dzieci i rodzic\u00f3w\",\"publisher\":{\"@id\":\"https:\\\/\\\/www.mymomentsworld.com\\\/#organization\"},\"potentialAction\":[{\"@type\":\"SearchAction\",\"target\":{\"@type\":\"EntryPoint\",\"urlTemplate\":\"https:\\\/\\\/www.mymomentsworld.com\\\/?s={search_term_string}\"},\"query-input\":{\"@type\":\"PropertyValueSpecification\",\"valueRequired\":true,\"valueName\":\"search_term_string\"}}],\"inLanguage\":\"pl-PL\"},{\"@type\":\"Organization\",\"@id\":\"https:\\\/\\\/www.mymomentsworld.com\\\/#organization\",\"name\":\"My Moments\",\"url\":\"https:\\\/\\\/www.mymomentsworld.com\\\/\",\"logo\":{\"@type\":\"ImageObject\",\"inLanguage\":\"pl-PL\",\"@id\":\"https:\\\/\\\/www.mymomentsworld.com\\\/#\\\/schema\\\/logo\\\/image\\\/\",\"url\":\"https:\\\/\\\/www.mymomentsworld.com\\\/wp-content\\\/uploads\\\/2025\\\/07\\\/cropped-logo-transparent.png\",\"contentUrl\":\"https:\\\/\\\/www.mymomentsworld.com\\\/wp-content\\\/uploads\\\/2025\\\/07\\\/cropped-logo-transparent.png\",\"width\":1024,\"height\":590,\"caption\":\"My Moments\"},\"image\":{\"@id\":\"https:\\\/\\\/www.mymomentsworld.com\\\/#\\\/schema\\\/logo\\\/image\\\/\"},\"sameAs\":[\"https:\\\/\\\/www.facebook.com\\\/mymomentsworld\\\/\",\"https:\\\/\\\/www.instagram.com\\\/mymomentsworld\\\/\",\"https:\\\/\\\/pinterest.com\\\/MyMomentsWorld\\\/\"]}]}<\/script>\n<!-- \/ Yoast SEO plugin. -->","yoast_head_json":{"title":"Formy p\u0142atno\u015bci | My Moments - Produkty dla niemowl\u0105t, dzieci i rodzic\u00f3w","robots":{"index":"index","follow":"follow","max-snippet":"max-snippet:-1","max-image-preview":"max-image-preview:large","max-video-preview":"max-video-preview:-1"},"canonical":"https:\/\/www.mymomentsworld.com\/pl\/formy-platnosci\/","og_locale":"pl_PL","og_type":"article","og_title":"Formy p\u0142atno\u015bci | My Moments - Produkty dla niemowl\u0105t, dzieci i rodzic\u00f3w","og_description":"Kiedy serduszko m\u00f3wi \u201echc\u0119!\u201d, a portfel m\u00f3wi \u201ejak?\u201d Oferujemy r\u00f3\u017cne formy p\u0142atno\u015bci, aby zakupy by\u0142y tak wygodne, jak to tylko [&hellip;]","og_url":"https:\/\/www.mymomentsworld.com\/pl\/formy-platnosci\/","og_site_name":"My Moments","article_publisher":"https:\/\/www.facebook.com\/mymomentsworld\/","article_modified_time":"2025-07-05T10:41:28+00:00","og_image":[{"url":"https:\/\/developers.autopay.pl\/storage\/loga\/blik-karty-portfele_elektroniczne-PIS-przelew-platnosci_odroczone-raty\/1215x200-bankpay.png","type":"","width":"","height":""}],"twitter_card":"summary_large_image","twitter_misc":{"Szacowany czas czytania":"1 minuta"},"schema":{"@context":"https:\/\/schema.org","@graph":[{"@type":"WebPage","@id":"https:\/\/www.mymomentsworld.com\/formy-platnosci\/","url":"https:\/\/www.mymomentsworld.com\/formy-platnosci\/","name":"Formy p\u0142atno\u015bci | My Moments - Produkty dla niemowl\u0105t, dzieci i rodzic\u00f3w","isPartOf":{"@id":"https:\/\/www.mymomentsworld.com\/#website"},"primaryImageOfPage":{"@id":"https:\/\/www.mymomentsworld.com\/formy-platnosci\/#primaryimage"},"image":{"@id":"https:\/\/www.mymomentsworld.com\/formy-platnosci\/#primaryimage"},"thumbnailUrl":"https:\/\/developers.autopay.pl\/storage\/loga\/blik-karty-portfele_elektroniczne-PIS-przelew-platnosci_odroczone-raty\/1215x200-bankpay.png","datePublished":"2025-06-09T17:46:00+00:00","dateModified":"2025-07-05T10:41:28+00:00","breadcrumb":{"@id":"https:\/\/www.mymomentsworld.com\/formy-platnosci\/#breadcrumb"},"inLanguage":"pl-PL","potentialAction":[{"@type":"ReadAction","target":["https:\/\/www.mymomentsworld.com\/formy-platnosci\/"]}]},{"@type":"ImageObject","inLanguage":"pl-PL","@id":"https:\/\/www.mymomentsworld.com\/formy-platnosci\/#primaryimage","url":"https:\/\/developers.autopay.pl\/storage\/loga\/blik-karty-portfele_elektroniczne-PIS-przelew-platnosci_odroczone-raty\/1215x200-bankpay.png","contentUrl":"https:\/\/developers.autopay.pl\/storage\/loga\/blik-karty-portfele_elektroniczne-PIS-przelew-platnosci_odroczone-raty\/1215x200-bankpay.png"},{"@type":"BreadcrumbList","@id":"https:\/\/www.mymomentsworld.com\/formy-platnosci\/#breadcrumb","itemListElement":[{"@type":"ListItem","position":1,"name":"Strona g\u0142\u00f3wna","item":"https:\/\/www.mymomentsworld.com\/"},{"@type":"ListItem","position":2,"name":"Formy p\u0142atno\u015bci"}]},{"@type":"WebSite","@id":"https:\/\/www.mymomentsworld.com\/#website","url":"https:\/\/www.mymomentsworld.com\/","name":"My Moments","description":"Produkty dla niemowl\u0105t, dzieci i rodzic\u00f3w","publisher":{"@id":"https:\/\/www.mymomentsworld.com\/#organization"},"potentialAction":[{"@type":"SearchAction","target":{"@type":"EntryPoint","urlTemplate":"https:\/\/www.mymomentsworld.com\/?s={search_term_string}"},"query-input":{"@type":"PropertyValueSpecification","valueRequired":true,"valueName":"search_term_string"}}],"inLanguage":"pl-PL"},{"@type":"Organization","@id":"https:\/\/www.mymomentsworld.com\/#organization","name":"My Moments","url":"https:\/\/www.mymomentsworld.com\/","logo":{"@type":"ImageObject","inLanguage":"pl-PL","@id":"https:\/\/www.mymomentsworld.com\/#\/schema\/logo\/image\/","url":"https:\/\/www.mymomentsworld.com\/wp-content\/uploads\/2025\/07\/cropped-logo-transparent.png","contentUrl":"https:\/\/www.mymomentsworld.com\/wp-content\/uploads\/2025\/07\/cropped-logo-transparent.png","width":1024,"height":590,"caption":"My Moments"},"image":{"@id":"https:\/\/www.mymomentsworld.com\/#\/schema\/logo\/image\/"},"sameAs":["https:\/\/www.facebook.com\/mymomentsworld\/","https:\/\/www.instagram.com\/mymomentsworld\/","https:\/\/pinterest.com\/MyMomentsWorld\/"]}]}},"_links":{"self":[{"href":"https:\/\/www.mymomentsworld.com\/pl\/wp-json\/wp\/v2\/pages\/1571","targetHints":{"allow":["GET"]}}],"collection":[{"href":"https:\/\/www.mymomentsworld.com\/pl\/wp-json\/wp\/v2\/pages"}],"about":[{"href":"https:\/\/www.mymomentsworld.com\/pl\/wp-json\/wp\/v2\/types\/page"}],"author":[{"embeddable":true,"href":"https:\/\/www.mymomentsworld.com\/pl\/wp-json\/wp\/v2\/users\/1"}],"replies":[{"embeddable":true,"href":"https:\/\/www.mymomentsworld.com\/pl\/wp-json\/wp\/v2\/comments?post=1571"}],"version-history":[{"count":5,"href":"https:\/\/www.mymomentsworld.com\/pl\/wp-json\/wp\/v2\/pages\/1571\/revisions"}],"predecessor-version":[{"id":2483,"href":"https:\/\/www.mymomentsworld.com\/pl\/wp-json\/wp\/v2\/pages\/1571\/revisions\/2483"}],"wp:attachment":[{"href":"https:\/\/www.mymomentsworld.com\/pl\/wp-json\/wp\/v2\/media?parent=1571"}],"curies":[{"name":"wp","href":"https:\/\/api.w.org\/{rel}","templated":true}]}}