{"id":1573,"date":"2025-06-09T17:46:45","date_gmt":"2025-06-09T17:46:45","guid":{"rendered":"http:\/\/www.mymomentsworld.com.jakub-belau.pl\/?page_id=1573"},"modified":"2025-07-06T20:28:06","modified_gmt":"2025-07-06T20:28:06","slug":"czas-realizacji-zamowien","status":"publish","type":"page","link":"https:\/\/www.mymomentsworld.com\/pl\/czas-realizacji-zamowien\/","title":{"rendered":"Czas realizacji zam\u00f3wie\u0144"},"content":{"rendered":"\n<p>\u2702\ufe0f&nbsp;Czas realizacji:<\/p>\n\n\n\n<p>Nasze krawcowe pracuj\u0105 jak mr\u00f3wki po podw\u00f3jnym espresso \ud83d\udc1c\ud83e\uddf5, \u017ceby na bie\u017c\u0105co uzupe\u0142nia\u0107 stany magazynowe.<\/p>\n\n\n\n<p>Czasami jednak produkty znikaj\u0105 szybciej ni\u017c ulubiony smoczek\u2026 Je\u015bli potrzebujesz czego\u015b\u00a0na ju\u017c-teraz-zaraz, zadzwo\u0144 do nas 535-450-443 lub napisz przed z\u0142o\u017ceniem zam\u00f3wienia!<\/p>\n\n\n\n<p>Ka\u017cdy towar w przypadku p\u0142atno\u015bci przelewem lub p\u0142atno\u015bci online <strong>wysy\u0142amy&nbsp;w terminie 3 do 7 dni<\/strong> po zaksi\u0119gowaniu pieni\u0119dzy na naszym koncie.&nbsp;<\/p>\n\n\n\n<p>Przesy\u0142ki dostarczane firm\u0105 kuriersk\u0105 &#8211; czas dostawy zale\u017cy od przewo\u017anika, rodzaju przesy\u0142ki oraz adresu odbiorcy. Zazwyczaj zajmuje to do 2 dni roboczych. Je\u017celi wybra\u0142e\u015b&nbsp;odbi\u00f3r zam\u00f3wienia przez Paczkomaty InPost, przesy\u0142ka znajdzie si\u0119 w wybranym przez Ciebie&nbsp;Paczkomacie w przeci\u0105gu kilku (zazwyczaj do 2) dni roboczych od momentu nadania paczki.<\/p>\n\n\n\n<p><\/p>\n\n\n\n<p><\/p>\n","protected":false},"excerpt":{"rendered":"<p>\u2702\ufe0f&nbsp;Czas realizacji: Nasze krawcowe pracuj\u0105 jak mr\u00f3wki po podw\u00f3jnym espresso \ud83d\udc1c\ud83e\uddf5, \u017ceby na bie\u017c\u0105co uzupe\u0142nia\u0107 stany magazynowe. Czasami jednak produkty [&hellip;]<\/p>\n","protected":false},"author":1,"featured_media":0,"parent":0,"menu_order":0,"comment_status":"closed","ping_status":"closed","template":"","meta":{"site-sidebar-layout":"default","site-content-layout":"","ast-site-content-layout":"default","site-content-style":"default","site-sidebar-style":"default","ast-global-header-display":"","ast-banner-title-visibility":"","ast-main-header-display":"","ast-hfb-above-header-display":"","ast-hfb-below-header-display":"","ast-hfb-mobile-header-display":"","site-post-title":"","ast-breadcrumbs-content":"","ast-featured-img":"","footer-sml-layout":"","ast-disable-related-posts":"","theme-transparent-header-meta":"","adv-header-id-meta":"","stick-header-meta":"","header-above-stick-meta":"","header-main-stick-meta":"","header-below-stick-meta":"","astra-migrate-meta-layouts":"default","ast-page-background-enabled":"default","ast-page-background-meta":{"desktop":{"background-color":"var(--ast-global-color-5)","background-image":"","background-repeat":"repeat","background-position":"center center","background-size":"auto","background-attachment":"scroll","background-type":"","background-media":"","overlay-type":"","overlay-color":"","overlay-opacity":"","overlay-gradient":""},"tablet":{"background-color":"","background-image":"","background-repeat":"repeat","background-position":"center center","background-size":"auto","background-attachment":"scroll","background-type":"","background-media":"","overlay-type":"","overlay-color":"","overlay-opacity":"","overlay-gradient":""},"mobile":{"background-color":"","background-image":"","background-repeat":"repeat","background-position":"center center","background-size":"auto","background-attachment":"scroll","background-type":"","background-media":"","overlay-type":"","overlay-color":"","overlay-opacity":"","overlay-gradient":""}},"ast-content-background-meta":{"desktop":{"background-color":"var(--ast-global-color-4)","background-image":"","background-repeat":"repeat","background-position":"center center","background-size":"auto","background-attachment":"scroll","background-type":"","background-media":"","overlay-type":"","overlay-color":"","overlay-opacity":"","overlay-gradient":""},"tablet":{"background-color":"var(--ast-global-color-4)","background-image":"","background-repeat":"repeat","background-position":"center center","background-size":"auto","background-attachment":"scroll","background-type":"","background-media":"","overlay-type":"","overlay-color":"","overlay-opacity":"","overlay-gradient":""},"mobile":{"background-color":"var(--ast-global-color-4)","background-image":"","background-repeat":"repeat","background-position":"center center","background-size":"auto","background-attachment":"scroll","background-type":"","background-media":"","overlay-type":"","overlay-color":"","overlay-opacity":"","overlay-gradient":""}},"footnotes":""},"class_list":["post-1573","page","type-page","status-publish","hentry"],"yoast_head":"<!-- This site is optimized with the Yoast SEO plugin v27.3 - https:\/\/yoast.com\/product\/yoast-seo-wordpress\/ -->\n<title>Czas realizacji zam\u00f3wie\u0144 | My Moments - Produkty dla niemowl\u0105t, dzieci i rodzic\u00f3w<\/title>\n<meta name=\"robots\" content=\"index, follow, max-snippet:-1, max-image-preview:large, max-video-preview:-1\" \/>\n<link rel=\"canonical\" href=\"https:\/\/www.mymomentsworld.com\/pl\/czas-realizacji-zamowien\/\" \/>\n<meta property=\"og:locale\" content=\"pl_PL\" \/>\n<meta property=\"og:type\" content=\"article\" \/>\n<meta property=\"og:title\" content=\"Czas realizacji zam\u00f3wie\u0144 | My Moments - Produkty dla niemowl\u0105t, dzieci i rodzic\u00f3w\" \/>\n<meta property=\"og:description\" content=\"\u2702\ufe0f&nbsp;Czas realizacji: Nasze krawcowe pracuj\u0105 jak mr\u00f3wki po podw\u00f3jnym espresso \ud83d\udc1c\ud83e\uddf5, \u017ceby na bie\u017c\u0105co uzupe\u0142nia\u0107 stany magazynowe. Czasami jednak produkty [&hellip;]\" \/>\n<meta property=\"og:url\" content=\"https:\/\/www.mymomentsworld.com\/pl\/czas-realizacji-zamowien\/\" \/>\n<meta property=\"og:site_name\" content=\"My Moments\" \/>\n<meta property=\"article:publisher\" content=\"https:\/\/www.facebook.com\/mymomentsworld\/\" \/>\n<meta property=\"article:modified_time\" content=\"2025-07-06T20:28:06+00:00\" \/>\n<meta name=\"twitter:card\" content=\"summary_large_image\" \/>\n<meta name=\"twitter:label1\" content=\"Szacowany czas czytania\" \/>\n\t<meta name=\"twitter:data1\" content=\"1 minuta\" \/>\n<script type=\"application\/ld+json\" class=\"yoast-schema-graph\">{\"@context\":\"https:\\\/\\\/schema.org\",\"@graph\":[{\"@type\":\"WebPage\",\"@id\":\"https:\\\/\\\/www.mymomentsworld.com\\\/czas-realizacji-zamowien\\\/\",\"url\":\"https:\\\/\\\/www.mymomentsworld.com\\\/czas-realizacji-zamowien\\\/\",\"name\":\"Czas realizacji zam\u00f3wie\u0144 | My Moments - Produkty dla niemowl\u0105t, dzieci i rodzic\u00f3w\",\"isPartOf\":{\"@id\":\"https:\\\/\\\/www.mymomentsworld.com\\\/#website\"},\"datePublished\":\"2025-06-09T17:46:45+00:00\",\"dateModified\":\"2025-07-06T20:28:06+00:00\",\"breadcrumb\":{\"@id\":\"https:\\\/\\\/www.mymomentsworld.com\\\/czas-realizacji-zamowien\\\/#breadcrumb\"},\"inLanguage\":\"pl-PL\",\"potentialAction\":[{\"@type\":\"ReadAction\",\"target\":[\"https:\\\/\\\/www.mymomentsworld.com\\\/czas-realizacji-zamowien\\\/\"]}]},{\"@type\":\"BreadcrumbList\",\"@id\":\"https:\\\/\\\/www.mymomentsworld.com\\\/czas-realizacji-zamowien\\\/#breadcrumb\",\"itemListElement\":[{\"@type\":\"ListItem\",\"position\":1,\"name\":\"Strona g\u0142\u00f3wna\",\"item\":\"https:\\\/\\\/www.mymomentsworld.com\\\/\"},{\"@type\":\"ListItem\",\"position\":2,\"name\":\"Czas realizacji zam\u00f3wie\u0144\"}]},{\"@type\":\"WebSite\",\"@id\":\"https:\\\/\\\/www.mymomentsworld.com\\\/#website\",\"url\":\"https:\\\/\\\/www.mymomentsworld.com\\\/\",\"name\":\"My Moments\",\"description\":\"Produkty dla niemowl\u0105t, dzieci i rodzic\u00f3w\",\"publisher\":{\"@id\":\"https:\\\/\\\/www.mymomentsworld.com\\\/#organization\"},\"potentialAction\":[{\"@type\":\"SearchAction\",\"target\":{\"@type\":\"EntryPoint\",\"urlTemplate\":\"https:\\\/\\\/www.mymomentsworld.com\\\/?s={search_term_string}\"},\"query-input\":{\"@type\":\"PropertyValueSpecification\",\"valueRequired\":true,\"valueName\":\"search_term_string\"}}],\"inLanguage\":\"pl-PL\"},{\"@type\":\"Organization\",\"@id\":\"https:\\\/\\\/www.mymomentsworld.com\\\/#organization\",\"name\":\"My Moments\",\"url\":\"https:\\\/\\\/www.mymomentsworld.com\\\/\",\"logo\":{\"@type\":\"ImageObject\",\"inLanguage\":\"pl-PL\",\"@id\":\"https:\\\/\\\/www.mymomentsworld.com\\\/#\\\/schema\\\/logo\\\/image\\\/\",\"url\":\"https:\\\/\\\/www.mymomentsworld.com\\\/wp-content\\\/uploads\\\/2025\\\/07\\\/cropped-logo-transparent.png\",\"contentUrl\":\"https:\\\/\\\/www.mymomentsworld.com\\\/wp-content\\\/uploads\\\/2025\\\/07\\\/cropped-logo-transparent.png\",\"width\":1024,\"height\":590,\"caption\":\"My Moments\"},\"image\":{\"@id\":\"https:\\\/\\\/www.mymomentsworld.com\\\/#\\\/schema\\\/logo\\\/image\\\/\"},\"sameAs\":[\"https:\\\/\\\/www.facebook.com\\\/mymomentsworld\\\/\",\"https:\\\/\\\/www.instagram.com\\\/mymomentsworld\\\/\",\"https:\\\/\\\/pinterest.com\\\/MyMomentsWorld\\\/\"]}]}<\/script>\n<!-- \/ Yoast SEO plugin. -->","yoast_head_json":{"title":"Czas realizacji zam\u00f3wie\u0144 | My Moments - Produkty dla niemowl\u0105t, dzieci i rodzic\u00f3w","robots":{"index":"index","follow":"follow","max-snippet":"max-snippet:-1","max-image-preview":"max-image-preview:large","max-video-preview":"max-video-preview:-1"},"canonical":"https:\/\/www.mymomentsworld.com\/pl\/czas-realizacji-zamowien\/","og_locale":"pl_PL","og_type":"article","og_title":"Czas realizacji zam\u00f3wie\u0144 | My Moments - Produkty dla niemowl\u0105t, dzieci i rodzic\u00f3w","og_description":"\u2702\ufe0f&nbsp;Czas realizacji: Nasze krawcowe pracuj\u0105 jak mr\u00f3wki po podw\u00f3jnym espresso \ud83d\udc1c\ud83e\uddf5, \u017ceby na bie\u017c\u0105co uzupe\u0142nia\u0107 stany magazynowe. Czasami jednak produkty [&hellip;]","og_url":"https:\/\/www.mymomentsworld.com\/pl\/czas-realizacji-zamowien\/","og_site_name":"My Moments","article_publisher":"https:\/\/www.facebook.com\/mymomentsworld\/","article_modified_time":"2025-07-06T20:28:06+00:00","twitter_card":"summary_large_image","twitter_misc":{"Szacowany czas czytania":"1 minuta"},"schema":{"@context":"https:\/\/schema.org","@graph":[{"@type":"WebPage","@id":"https:\/\/www.mymomentsworld.com\/czas-realizacji-zamowien\/","url":"https:\/\/www.mymomentsworld.com\/czas-realizacji-zamowien\/","name":"Czas realizacji zam\u00f3wie\u0144 | My Moments - Produkty dla niemowl\u0105t, dzieci i rodzic\u00f3w","isPartOf":{"@id":"https:\/\/www.mymomentsworld.com\/#website"},"datePublished":"2025-06-09T17:46:45+00:00","dateModified":"2025-07-06T20:28:06+00:00","breadcrumb":{"@id":"https:\/\/www.mymomentsworld.com\/czas-realizacji-zamowien\/#breadcrumb"},"inLanguage":"pl-PL","potentialAction":[{"@type":"ReadAction","target":["https:\/\/www.mymomentsworld.com\/czas-realizacji-zamowien\/"]}]},{"@type":"BreadcrumbList","@id":"https:\/\/www.mymomentsworld.com\/czas-realizacji-zamowien\/#breadcrumb","itemListElement":[{"@type":"ListItem","position":1,"name":"Strona g\u0142\u00f3wna","item":"https:\/\/www.mymomentsworld.com\/"},{"@type":"ListItem","position":2,"name":"Czas realizacji zam\u00f3wie\u0144"}]},{"@type":"WebSite","@id":"https:\/\/www.mymomentsworld.com\/#website","url":"https:\/\/www.mymomentsworld.com\/","name":"My Moments","description":"Produkty dla niemowl\u0105t, dzieci i rodzic\u00f3w","publisher":{"@id":"https:\/\/www.mymomentsworld.com\/#organization"},"potentialAction":[{"@type":"SearchAction","target":{"@type":"EntryPoint","urlTemplate":"https:\/\/www.mymomentsworld.com\/?s={search_term_string}"},"query-input":{"@type":"PropertyValueSpecification","valueRequired":true,"valueName":"search_term_string"}}],"inLanguage":"pl-PL"},{"@type":"Organization","@id":"https:\/\/www.mymomentsworld.com\/#organization","name":"My Moments","url":"https:\/\/www.mymomentsworld.com\/","logo":{"@type":"ImageObject","inLanguage":"pl-PL","@id":"https:\/\/www.mymomentsworld.com\/#\/schema\/logo\/image\/","url":"https:\/\/www.mymomentsworld.com\/wp-content\/uploads\/2025\/07\/cropped-logo-transparent.png","contentUrl":"https:\/\/www.mymomentsworld.com\/wp-content\/uploads\/2025\/07\/cropped-logo-transparent.png","width":1024,"height":590,"caption":"My Moments"},"image":{"@id":"https:\/\/www.mymomentsworld.com\/#\/schema\/logo\/image\/"},"sameAs":["https:\/\/www.facebook.com\/mymomentsworld\/","https:\/\/www.instagram.com\/mymomentsworld\/","https:\/\/pinterest.com\/MyMomentsWorld\/"]}]}},"_links":{"self":[{"href":"https:\/\/www.mymomentsworld.com\/pl\/wp-json\/wp\/v2\/pages\/1573","targetHints":{"allow":["GET"]}}],"collection":[{"href":"https:\/\/www.mymomentsworld.com\/pl\/wp-json\/wp\/v2\/pages"}],"about":[{"href":"https:\/\/www.mymomentsworld.com\/pl\/wp-json\/wp\/v2\/types\/page"}],"author":[{"embeddable":true,"href":"https:\/\/www.mymomentsworld.com\/pl\/wp-json\/wp\/v2\/users\/1"}],"replies":[{"embeddable":true,"href":"https:\/\/www.mymomentsworld.com\/pl\/wp-json\/wp\/v2\/comments?post=1573"}],"version-history":[{"count":5,"href":"https:\/\/www.mymomentsworld.com\/pl\/wp-json\/wp\/v2\/pages\/1573\/revisions"}],"predecessor-version":[{"id":2387,"href":"https:\/\/www.mymomentsworld.com\/pl\/wp-json\/wp\/v2\/pages\/1573\/revisions\/2387"}],"wp:attachment":[{"href":"https:\/\/www.mymomentsworld.com\/pl\/wp-json\/wp\/v2\/media?parent=1573"}],"curies":[{"name":"wp","href":"https:\/\/api.w.org\/{rel}","templated":true}]}}