{"id":2400,"date":"2025-07-02T13:34:55","date_gmt":"2025-07-02T13:34:55","guid":{"rendered":"https:\/\/www.mymomentsworld.com.jakub-belau.pl\/?page_id=2400"},"modified":"2026-03-30T11:04:31","modified_gmt":"2026-03-30T10:04:31","slug":"czas-i-koszty-dostawy","status":"publish","type":"page","link":"https:\/\/www.mymomentsworld.com\/pl\/czas-i-koszty-dostawy\/","title":{"rendered":"Czas i koszty dostawy"},"content":{"rendered":"\n<p>&nbsp;W My Moments dok\u0142adamy wszelkich stara\u0144, aby\u015b m\u00f3g\u0142 cieszy\u0107 si\u0119 swoimi zakupami jak najszybciej.<\/p>\n\n\n\n<ol class=\"wp-block-list\">\n<li>Dostawa Towar\u00f3w odbywa si\u0119 wedle wyboru klienta:\n<ul class=\"wp-block-list\">\n<li>za po\u015brednictwem firmy kurierskiej (\u015brednio 3 dni robocze )<\/li>\n\n\n\n<li>do paczkomat\u00f3w InPost (\u015brednio 3 dni robocze )<\/li>\n\n\n\n<li>do punktu DPD pickup (\u015brednio 3 dni robocze )<\/li>\n\n\n\n<li>do punktu Orlen (\u015brednio 5 dni robocze )<\/li>\n<\/ul>\n<\/li>\n\n\n\n<li>Za wyj\u0105tkiem Towar\u00f3w odbieranych przez klienta osobi\u015bcie, zam\u00f3wienie uwa\u017ca si\u0119 za zrealizowane z chwil\u0105 nadania przesy\u0142ki do klienta (kurier odbiera paczki&nbsp;tego samego dnia co nadanie lub nast\u0119pnego roboczego). Dok\u0142adny rzeczywisty termin dor\u0119czenia przesy\u0142ki okre\u015bla przewo\u017anik.<\/li>\n\n\n\n<li>Towary wysy\u0142ane s\u0105 przez Sprzedawc\u0119 w terminie do 7 dni roboczych, chyba, \u017ce w opisie produktu podczas sk\u0142adania zam\u00f3wienia przez klienta podano wyra\u017anie inny termin. Szczeg\u00f3\u0142owe terminy realizacji podane s\u0105 na stronie Sklepu w zak\u0142adce \u201eCzas realizacji zam\u00f3wienia\u201d.<\/li>\n<\/ol>\n\n\n\n<p>Je\u015bli zale\u017cy Pa\u0144stwu na szybszej wysy\u0142ce ni\u017c podana przy produkcie prosimy o kontakt mailowy lub telefoniczny PRZED z\u0142o\u017ceniem zam\u00f3wienia.<\/p>\n\n\n\n<p>Darmowa dostawa kurier\/ paczkomat od 299 z\u0142<\/p>\n\n\n\n<p>Koszty dostawy na terenie Polski:<\/p>\n\n\n\n<p><strong>Kurier Inpost- 17 z\u0142<\/strong><\/p>\n\n\n\n<p><strong>Paczkomat &#8211; 14 z\u0142<\/strong><\/p>\n\n\n\n<p><strong>Dpd Pickup\/ Orlen paczka &#8211; 11 z\u0142<\/strong><\/p>\n\n\n\n<p>Kraje UE i reszta \u015bwiata- 59 z\u0142 &#8211; 99 z\u0142<\/p>\n\n\n\n<p>Anglia &#8211; 99 z\u0142<\/p>\n\n\n\n<p>Stany Zjednoczone &#8211; 99 z\u0142<\/p>\n\n\n\n<p>ODBI\u00d3R OSOBISTY w godzinach otwarcia sklepu:<\/p>\n\n\n\n<p>Nad Stawem 32 , 83-250 Skarszewy<\/p>\n\n\n\n<p><\/p>\n","protected":false},"excerpt":{"rendered":"<p>&nbsp;W My Moments dok\u0142adamy wszelkich stara\u0144, aby\u015b m\u00f3g\u0142 cieszy\u0107 si\u0119 swoimi zakupami jak najszybciej. Je\u015bli zale\u017cy Pa\u0144stwu na szybszej wysy\u0142ce [&hellip;]<\/p>\n","protected":false},"author":1,"featured_media":0,"parent":0,"menu_order":0,"comment_status":"closed","ping_status":"closed","template":"","meta":{"site-sidebar-layout":"default","site-content-layout":"","ast-site-content-layout":"default","site-content-style":"default","site-sidebar-style":"default","ast-global-header-display":"","ast-banner-title-visibility":"","ast-main-header-display":"","ast-hfb-above-header-display":"","ast-hfb-below-header-display":"","ast-hfb-mobile-header-display":"","site-post-title":"","ast-breadcrumbs-content":"","ast-featured-img":"","footer-sml-layout":"","ast-disable-related-posts":"","theme-transparent-header-meta":"","adv-header-id-meta":"","stick-header-meta":"","header-above-stick-meta":"","header-main-stick-meta":"","header-below-stick-meta":"","astra-migrate-meta-layouts":"default","ast-page-background-enabled":"default","ast-page-background-meta":{"desktop":{"background-color":"var(--ast-global-color-5)","background-image":"","background-repeat":"repeat","background-position":"center center","background-size":"auto","background-attachment":"scroll","background-type":"","background-media":"","overlay-type":"","overlay-color":"","overlay-opacity":"","overlay-gradient":""},"tablet":{"background-color":"","background-image":"","background-repeat":"repeat","background-position":"center center","background-size":"auto","background-attachment":"scroll","background-type":"","background-media":"","overlay-type":"","overlay-color":"","overlay-opacity":"","overlay-gradient":""},"mobile":{"background-color":"","background-image":"","background-repeat":"repeat","background-position":"center center","background-size":"auto","background-attachment":"scroll","background-type":"","background-media":"","overlay-type":"","overlay-color":"","overlay-opacity":"","overlay-gradient":""}},"ast-content-background-meta":{"desktop":{"background-color":"var(--ast-global-color-4)","background-image":"","background-repeat":"repeat","background-position":"center center","background-size":"auto","background-attachment":"scroll","background-type":"","background-media":"","overlay-type":"","overlay-color":"","overlay-opacity":"","overlay-gradient":""},"tablet":{"background-color":"var(--ast-global-color-4)","background-image":"","background-repeat":"repeat","background-position":"center center","background-size":"auto","background-attachment":"scroll","background-type":"","background-media":"","overlay-type":"","overlay-color":"","overlay-opacity":"","overlay-gradient":""},"mobile":{"background-color":"var(--ast-global-color-4)","background-image":"","background-repeat":"repeat","background-position":"center center","background-size":"auto","background-attachment":"scroll","background-type":"","background-media":"","overlay-type":"","overlay-color":"","overlay-opacity":"","overlay-gradient":""}},"footnotes":""},"class_list":["post-2400","page","type-page","status-publish","hentry"],"yoast_head":"<!-- This site is optimized with the Yoast SEO plugin v27.3 - https:\/\/yoast.com\/product\/yoast-seo-wordpress\/ -->\n<title>Czas i koszty dostawy | My Moments - Produkty dla niemowl\u0105t, dzieci i rodzic\u00f3w<\/title>\n<meta name=\"robots\" content=\"index, follow, max-snippet:-1, max-image-preview:large, max-video-preview:-1\" \/>\n<link rel=\"canonical\" href=\"https:\/\/www.mymomentsworld.com\/pl\/czas-i-koszty-dostawy\/\" \/>\n<meta property=\"og:locale\" content=\"pl_PL\" \/>\n<meta property=\"og:type\" content=\"article\" \/>\n<meta property=\"og:title\" content=\"Czas i koszty dostawy | My Moments - Produkty dla niemowl\u0105t, dzieci i rodzic\u00f3w\" \/>\n<meta property=\"og:description\" content=\"&nbsp;W My Moments dok\u0142adamy wszelkich stara\u0144, aby\u015b m\u00f3g\u0142 cieszy\u0107 si\u0119 swoimi zakupami jak najszybciej. Je\u015bli zale\u017cy Pa\u0144stwu na szybszej wysy\u0142ce [&hellip;]\" \/>\n<meta property=\"og:url\" content=\"https:\/\/www.mymomentsworld.com\/pl\/czas-i-koszty-dostawy\/\" \/>\n<meta property=\"og:site_name\" content=\"My Moments\" \/>\n<meta property=\"article:publisher\" content=\"https:\/\/www.facebook.com\/mymomentsworld\/\" \/>\n<meta property=\"article:modified_time\" content=\"2026-03-30T10:04:31+00:00\" \/>\n<meta name=\"twitter:card\" content=\"summary_large_image\" \/>\n<meta name=\"twitter:label1\" content=\"Szacowany czas czytania\" \/>\n\t<meta name=\"twitter:data1\" content=\"2 minuty\" \/>\n<script type=\"application\/ld+json\" class=\"yoast-schema-graph\">{\"@context\":\"https:\\\/\\\/schema.org\",\"@graph\":[{\"@type\":\"WebPage\",\"@id\":\"https:\\\/\\\/www.mymomentsworld.com\\\/czas-i-koszty-dostawy\\\/\",\"url\":\"https:\\\/\\\/www.mymomentsworld.com\\\/czas-i-koszty-dostawy\\\/\",\"name\":\"Czas i koszty dostawy | My Moments - Produkty dla niemowl\u0105t, dzieci i rodzic\u00f3w\",\"isPartOf\":{\"@id\":\"https:\\\/\\\/www.mymomentsworld.com\\\/#website\"},\"datePublished\":\"2025-07-02T13:34:55+00:00\",\"dateModified\":\"2026-03-30T10:04:31+00:00\",\"breadcrumb\":{\"@id\":\"https:\\\/\\\/www.mymomentsworld.com\\\/czas-i-koszty-dostawy\\\/#breadcrumb\"},\"inLanguage\":\"pl-PL\",\"potentialAction\":[{\"@type\":\"ReadAction\",\"target\":[\"https:\\\/\\\/www.mymomentsworld.com\\\/czas-i-koszty-dostawy\\\/\"]}]},{\"@type\":\"BreadcrumbList\",\"@id\":\"https:\\\/\\\/www.mymomentsworld.com\\\/czas-i-koszty-dostawy\\\/#breadcrumb\",\"itemListElement\":[{\"@type\":\"ListItem\",\"position\":1,\"name\":\"Strona g\u0142\u00f3wna\",\"item\":\"https:\\\/\\\/www.mymomentsworld.com\\\/\"},{\"@type\":\"ListItem\",\"position\":2,\"name\":\"Czas i koszty dostawy\"}]},{\"@type\":\"WebSite\",\"@id\":\"https:\\\/\\\/www.mymomentsworld.com\\\/#website\",\"url\":\"https:\\\/\\\/www.mymomentsworld.com\\\/\",\"name\":\"My Moments\",\"description\":\"Produkty dla niemowl\u0105t, dzieci i rodzic\u00f3w\",\"publisher\":{\"@id\":\"https:\\\/\\\/www.mymomentsworld.com\\\/#organization\"},\"potentialAction\":[{\"@type\":\"SearchAction\",\"target\":{\"@type\":\"EntryPoint\",\"urlTemplate\":\"https:\\\/\\\/www.mymomentsworld.com\\\/?s={search_term_string}\"},\"query-input\":{\"@type\":\"PropertyValueSpecification\",\"valueRequired\":true,\"valueName\":\"search_term_string\"}}],\"inLanguage\":\"pl-PL\"},{\"@type\":\"Organization\",\"@id\":\"https:\\\/\\\/www.mymomentsworld.com\\\/#organization\",\"name\":\"My Moments\",\"url\":\"https:\\\/\\\/www.mymomentsworld.com\\\/\",\"logo\":{\"@type\":\"ImageObject\",\"inLanguage\":\"pl-PL\",\"@id\":\"https:\\\/\\\/www.mymomentsworld.com\\\/#\\\/schema\\\/logo\\\/image\\\/\",\"url\":\"https:\\\/\\\/www.mymomentsworld.com\\\/wp-content\\\/uploads\\\/2025\\\/07\\\/cropped-logo-transparent.png\",\"contentUrl\":\"https:\\\/\\\/www.mymomentsworld.com\\\/wp-content\\\/uploads\\\/2025\\\/07\\\/cropped-logo-transparent.png\",\"width\":1024,\"height\":590,\"caption\":\"My Moments\"},\"image\":{\"@id\":\"https:\\\/\\\/www.mymomentsworld.com\\\/#\\\/schema\\\/logo\\\/image\\\/\"},\"sameAs\":[\"https:\\\/\\\/www.facebook.com\\\/mymomentsworld\\\/\",\"https:\\\/\\\/www.instagram.com\\\/mymomentsworld\\\/\",\"https:\\\/\\\/pinterest.com\\\/MyMomentsWorld\\\/\"]}]}<\/script>\n<!-- \/ Yoast SEO plugin. -->","yoast_head_json":{"title":"Czas i koszty dostawy | My Moments - Produkty dla niemowl\u0105t, dzieci i rodzic\u00f3w","robots":{"index":"index","follow":"follow","max-snippet":"max-snippet:-1","max-image-preview":"max-image-preview:large","max-video-preview":"max-video-preview:-1"},"canonical":"https:\/\/www.mymomentsworld.com\/pl\/czas-i-koszty-dostawy\/","og_locale":"pl_PL","og_type":"article","og_title":"Czas i koszty dostawy | My Moments - Produkty dla niemowl\u0105t, dzieci i rodzic\u00f3w","og_description":"&nbsp;W My Moments dok\u0142adamy wszelkich stara\u0144, aby\u015b m\u00f3g\u0142 cieszy\u0107 si\u0119 swoimi zakupami jak najszybciej. Je\u015bli zale\u017cy Pa\u0144stwu na szybszej wysy\u0142ce [&hellip;]","og_url":"https:\/\/www.mymomentsworld.com\/pl\/czas-i-koszty-dostawy\/","og_site_name":"My Moments","article_publisher":"https:\/\/www.facebook.com\/mymomentsworld\/","article_modified_time":"2026-03-30T10:04:31+00:00","twitter_card":"summary_large_image","twitter_misc":{"Szacowany czas czytania":"2 minuty"},"schema":{"@context":"https:\/\/schema.org","@graph":[{"@type":"WebPage","@id":"https:\/\/www.mymomentsworld.com\/czas-i-koszty-dostawy\/","url":"https:\/\/www.mymomentsworld.com\/czas-i-koszty-dostawy\/","name":"Czas i koszty dostawy | My Moments - Produkty dla niemowl\u0105t, dzieci i rodzic\u00f3w","isPartOf":{"@id":"https:\/\/www.mymomentsworld.com\/#website"},"datePublished":"2025-07-02T13:34:55+00:00","dateModified":"2026-03-30T10:04:31+00:00","breadcrumb":{"@id":"https:\/\/www.mymomentsworld.com\/czas-i-koszty-dostawy\/#breadcrumb"},"inLanguage":"pl-PL","potentialAction":[{"@type":"ReadAction","target":["https:\/\/www.mymomentsworld.com\/czas-i-koszty-dostawy\/"]}]},{"@type":"BreadcrumbList","@id":"https:\/\/www.mymomentsworld.com\/czas-i-koszty-dostawy\/#breadcrumb","itemListElement":[{"@type":"ListItem","position":1,"name":"Strona g\u0142\u00f3wna","item":"https:\/\/www.mymomentsworld.com\/"},{"@type":"ListItem","position":2,"name":"Czas i koszty dostawy"}]},{"@type":"WebSite","@id":"https:\/\/www.mymomentsworld.com\/#website","url":"https:\/\/www.mymomentsworld.com\/","name":"My Moments","description":"Produkty dla niemowl\u0105t, dzieci i rodzic\u00f3w","publisher":{"@id":"https:\/\/www.mymomentsworld.com\/#organization"},"potentialAction":[{"@type":"SearchAction","target":{"@type":"EntryPoint","urlTemplate":"https:\/\/www.mymomentsworld.com\/?s={search_term_string}"},"query-input":{"@type":"PropertyValueSpecification","valueRequired":true,"valueName":"search_term_string"}}],"inLanguage":"pl-PL"},{"@type":"Organization","@id":"https:\/\/www.mymomentsworld.com\/#organization","name":"My Moments","url":"https:\/\/www.mymomentsworld.com\/","logo":{"@type":"ImageObject","inLanguage":"pl-PL","@id":"https:\/\/www.mymomentsworld.com\/#\/schema\/logo\/image\/","url":"https:\/\/www.mymomentsworld.com\/wp-content\/uploads\/2025\/07\/cropped-logo-transparent.png","contentUrl":"https:\/\/www.mymomentsworld.com\/wp-content\/uploads\/2025\/07\/cropped-logo-transparent.png","width":1024,"height":590,"caption":"My Moments"},"image":{"@id":"https:\/\/www.mymomentsworld.com\/#\/schema\/logo\/image\/"},"sameAs":["https:\/\/www.facebook.com\/mymomentsworld\/","https:\/\/www.instagram.com\/mymomentsworld\/","https:\/\/pinterest.com\/MyMomentsWorld\/"]}]}},"_links":{"self":[{"href":"https:\/\/www.mymomentsworld.com\/pl\/wp-json\/wp\/v2\/pages\/2400","targetHints":{"allow":["GET"]}}],"collection":[{"href":"https:\/\/www.mymomentsworld.com\/pl\/wp-json\/wp\/v2\/pages"}],"about":[{"href":"https:\/\/www.mymomentsworld.com\/pl\/wp-json\/wp\/v2\/types\/page"}],"author":[{"embeddable":true,"href":"https:\/\/www.mymomentsworld.com\/pl\/wp-json\/wp\/v2\/users\/1"}],"replies":[{"embeddable":true,"href":"https:\/\/www.mymomentsworld.com\/pl\/wp-json\/wp\/v2\/comments?post=2400"}],"version-history":[{"count":5,"href":"https:\/\/www.mymomentsworld.com\/pl\/wp-json\/wp\/v2\/pages\/2400\/revisions"}],"predecessor-version":[{"id":4956,"href":"https:\/\/www.mymomentsworld.com\/pl\/wp-json\/wp\/v2\/pages\/2400\/revisions\/4956"}],"wp:attachment":[{"href":"https:\/\/www.mymomentsworld.com\/pl\/wp-json\/wp\/v2\/media?parent=2400"}],"curies":[{"name":"wp","href":"https:\/\/api.w.org\/{rel}","templated":true}]}}