{"id":1122,"date":"2025-06-05T21:06:57","date_gmt":"2025-06-05T21:06:57","guid":{"rendered":"http:\/\/www.mymomentsworld.com.jakub-belau.pl\/?post_type=product&#038;p=1122"},"modified":"2026-03-29T18:35:47","modified_gmt":"2026-03-29T17:35:47","slug":"bawelniany-kocyk-azurowy-pink","status":"publish","type":"product","link":"https:\/\/www.mymomentsworld.com\/pl\/sklep\/bawelniany-kocyk-azurowy-pink\/","title":{"rendered":"Bawe\u0142niany kocyk a\u017curowy Pink"},"content":{"rendered":"<p>Jedwabi\u015bcie mi\u0119kki, lekki <strong>kocyk dzianinowy<\/strong> wykonany w 100 % z prz\u0119dzy bawe\u0142nianej. Przepi\u0119kny a\u017curowy splot w delikatne listki nawi\u0105zuj\u0105cy do naszych kultowych wzor\u00f3w na tkaninach. Sprawdzi si\u0119 ju\u017c od pierwszych dni \u017cycia dziecka jako <strong>kocyk niemowl\u0119cy<\/strong> oraz <strong>kocyk dla dzieci<\/strong> nieco starszych. Jego wykonanie z naturalnych tkanin gwarantuje, \u017ce nie podra\u017cni delikatnej sk\u00f3ry dziecka i pozwoli jej oddycha\u0107.<\/p>\n<p>\u015aci\u0105gacz dooko\u0142a kocyka pozwala na zachowanie idealnego kszta\u0142tu nawet po wielu praniach.<\/p>\n<p>Wymiar 85&#215;100 cm, rozmiar kocyk\u00f3w jest przybli\u017cony w zale\u017cno\u015bci od u\u0142o\u017cenia, materia\u0142 pracuje i rozmiar mo\u017ce odbiega\u0107 od podanego powy\u017cej +\/- 5%.<\/p>\n<p>Materia\u0142:<\/p>\n<ul>\n<li>100% prz\u0119dza bawe\u0142niana. Wszystkie kocyki My Moments tworzymy w Polsce z prz\u0119dzy najwy\u017cszej jako\u015bci.<\/li>\n<\/ul>\n<p>Zadbaj o produkty tak, aby zosta\u0142y z Tob\u0105 jak najd\u0142u\u017cej:<\/p>\n<ul>\n<li>Pra\u0107 w pralce, w temperaturze 30\u00b0C, program delikatny \u2013 obroty max 800.<\/li>\n<li>Po praniu uformowa\u0107 produkt i suszy\u0107 na p\u0142asko. Jest to bardzo wa\u017cny etap, dzianina kocyka mocno pracuje i jej kszta\u0142t nigdy nie jest w 100% regularny, dlatego uformowanie i wysuszenie kocyka na p\u0142asko jest tak istotne.<\/li>\n<li>Nie suszy\u0107 w suszarce b\u0119bnowej.<\/li>\n<li>Nie stosowa\u0107 wybielaczy.<\/li>\n<li>Nie pra\u0107 z szorstkimi, ostrymi elementami mog\u0105cymi zaci\u0105ga\u0107 tkanin\u0119.<\/li>\n<li>Je\u017celi to konieczne &#8211;\u00a0\u00a0prasowanie jedynie przez pieluch\u0119 tetrow\u0105. Nie prasowa\u0107 bezpo\u015brednio w\u0142\u00f3kien.<\/li>\n<li>Uszkodzenie mechaniczne produktu np. rozdarcie dziur lub tkaniny\u00a0<em>nie stanowi podstawy reklamacji.<\/em><\/li>\n<\/ul>\n","protected":false},"excerpt":{"rendered":"<p>Jedwabi\u015bcie mi\u0119kki, lekki kocyk dzianinowy wykonany w 100 % z prz\u0119dzy bawe\u0142nianej. Przepi\u0119kny a\u017curowy splot w delikatne listki nawi\u0105zuj\u0105cy do [&hellip;]<\/p>\n","protected":false},"featured_media":1123,"comment_status":"open","ping_status":"closed","template":"","meta":{"site-sidebar-layout":"default","site-content-layout":"","ast-site-content-layout":"default","site-content-style":"default","site-sidebar-style":"default","ast-global-header-display":"","ast-banner-title-visibility":"","ast-main-header-display":"","ast-hfb-above-header-display":"","ast-hfb-below-header-display":"","ast-hfb-mobile-header-display":"","site-post-title":"","ast-breadcrumbs-content":"","ast-featured-img":"","footer-sml-layout":"","ast-disable-related-posts":"","theme-transparent-header-meta":"default","adv-header-id-meta":"","stick-header-meta":"","header-above-stick-meta":"","header-main-stick-meta":"","header-below-stick-meta":"","astra-migrate-meta-layouts":"set","ast-page-background-enabled":"default","ast-page-background-meta":{"desktop":{"background-color":"var(--ast-global-color-5)","background-image":"","background-repeat":"repeat","background-position":"center center","background-size":"auto","background-attachment":"scroll","background-type":"","background-media":"","overlay-type":"","overlay-color":"","overlay-opacity":"","overlay-gradient":""},"tablet":{"background-color":"","background-image":"","background-repeat":"repeat","background-position":"center center","background-size":"auto","background-attachment":"scroll","background-type":"","background-media":"","overlay-type":"","overlay-color":"","overlay-opacity":"","overlay-gradient":""},"mobile":{"background-color":"","background-image":"","background-repeat":"repeat","background-position":"center center","background-size":"auto","background-attachment":"scroll","background-type":"","background-media":"","overlay-type":"","overlay-color":"","overlay-opacity":"","overlay-gradient":""}},"ast-content-background-meta":{"desktop":{"background-color":"var(--ast-global-color-4)","background-image":"","background-repeat":"repeat","background-position":"center center","background-size":"auto","background-attachment":"scroll","background-type":"","background-media":"","overlay-type":"","overlay-color":"","overlay-opacity":"","overlay-gradient":""},"tablet":{"background-color":"var(--ast-global-color-4)","background-image":"","background-repeat":"repeat","background-position":"center center","background-size":"auto","background-attachment":"scroll","background-type":"","background-media":"","overlay-type":"","overlay-color":"","overlay-opacity":"","overlay-gradient":""},"mobile":{"background-color":"var(--ast-global-color-4)","background-image":"","background-repeat":"repeat","background-position":"center center","background-size":"auto","background-attachment":"scroll","background-type":"","background-media":"","overlay-type":"","overlay-color":"","overlay-opacity":"","overlay-gradient":""}}},"product_brand":[21],"product_cat":[86],"product_tag":[],"class_list":{"0":"post-1122","1":"product","2":"type-product","3":"status-publish","4":"has-post-thumbnail","6":"product_brand-my-moments","7":"product_cat-kocyki-dzianinowe-dla-dzieci-i-niemowlat","8":"pa_kolekcja-pink","9":"desktop-align-left","10":"tablet-align-left","11":"mobile-align-left","13":"first","14":"instock","15":"taxable","16":"shipping-taxable","17":"purchasable","18":"product-type-simple"},"yoast_head":"<!-- This site is optimized with the Yoast SEO plugin v27.3 - https:\/\/yoast.com\/product\/yoast-seo-wordpress\/ -->\n<title>Bawe\u0142niany kocyk a\u017curowy Pink | My Moments - Produkty dla niemowl\u0105t, dzieci i rodzic\u00f3w<\/title>\n<meta name=\"robots\" content=\"index, follow, max-snippet:-1, max-image-preview:large, max-video-preview:-1\" \/>\n<link rel=\"canonical\" href=\"https:\/\/www.mymomentsworld.com\/pl\/sklep\/bawelniany-kocyk-azurowy-pink\/\" \/>\n<meta property=\"og:locale\" content=\"pl_PL\" \/>\n<meta property=\"og:type\" content=\"article\" \/>\n<meta property=\"og:title\" content=\"Bawe\u0142niany kocyk a\u017curowy Pink | My Moments - Produkty dla niemowl\u0105t, dzieci i rodzic\u00f3w\" \/>\n<meta property=\"og:description\" content=\"Jedwabi\u015bcie mi\u0119kki, lekki kocyk dzianinowy wykonany w 100 % z prz\u0119dzy bawe\u0142nianej. Przepi\u0119kny a\u017curowy splot w delikatne listki nawi\u0105zuj\u0105cy do [&hellip;]\" \/>\n<meta property=\"og:url\" content=\"https:\/\/www.mymomentsworld.com\/pl\/sklep\/bawelniany-kocyk-azurowy-pink\/\" \/>\n<meta property=\"og:site_name\" content=\"My Moments\" \/>\n<meta property=\"article:publisher\" content=\"https:\/\/www.facebook.com\/mymomentsworld\/\" \/>\n<meta property=\"article:modified_time\" content=\"2026-03-29T17:35:47+00:00\" \/>\n<meta property=\"og:image\" content=\"https:\/\/www.mymomentsworld.com\/wp-content\/uploads\/2025\/06\/Kocyk-azurowy-Pink.jpg\" \/>\n\t<meta property=\"og:image:width\" content=\"800\" \/>\n\t<meta property=\"og:image:height\" content=\"800\" \/>\n\t<meta property=\"og:image:type\" content=\"image\/jpeg\" \/>\n<meta name=\"twitter:card\" content=\"summary_large_image\" \/>\n<meta name=\"twitter:label1\" content=\"Szacowany czas czytania\" \/>\n\t<meta name=\"twitter:data1\" content=\"1 minuta\" \/>\n<script type=\"application\/ld+json\" class=\"yoast-schema-graph\">{\"@context\":\"https:\\\/\\\/schema.org\",\"@graph\":[{\"@type\":\"WebPage\",\"@id\":\"https:\\\/\\\/www.mymomentsworld.com\\\/sklep\\\/bawelniany-kocyk-azurowy-pink\\\/\",\"url\":\"https:\\\/\\\/www.mymomentsworld.com\\\/sklep\\\/bawelniany-kocyk-azurowy-pink\\\/\",\"name\":\"Bawe\u0142niany kocyk a\u017curowy Pink | My Moments - Produkty dla niemowl\u0105t, dzieci i rodzic\u00f3w\",\"isPartOf\":{\"@id\":\"https:\\\/\\\/www.mymomentsworld.com\\\/#website\"},\"primaryImageOfPage\":{\"@id\":\"https:\\\/\\\/www.mymomentsworld.com\\\/sklep\\\/bawelniany-kocyk-azurowy-pink\\\/#primaryimage\"},\"image\":{\"@id\":\"https:\\\/\\\/www.mymomentsworld.com\\\/sklep\\\/bawelniany-kocyk-azurowy-pink\\\/#primaryimage\"},\"thumbnailUrl\":\"https:\\\/\\\/www.mymomentsworld.com\\\/wp-content\\\/uploads\\\/2025\\\/06\\\/Kocyk-azurowy-Pink.jpg\",\"datePublished\":\"2025-06-05T21:06:57+00:00\",\"dateModified\":\"2026-03-29T17:35:47+00:00\",\"breadcrumb\":{\"@id\":\"https:\\\/\\\/www.mymomentsworld.com\\\/sklep\\\/bawelniany-kocyk-azurowy-pink\\\/#breadcrumb\"},\"inLanguage\":\"pl-PL\",\"potentialAction\":[{\"@type\":\"ReadAction\",\"target\":[\"https:\\\/\\\/www.mymomentsworld.com\\\/sklep\\\/bawelniany-kocyk-azurowy-pink\\\/\"]}]},{\"@type\":\"ImageObject\",\"inLanguage\":\"pl-PL\",\"@id\":\"https:\\\/\\\/www.mymomentsworld.com\\\/sklep\\\/bawelniany-kocyk-azurowy-pink\\\/#primaryimage\",\"url\":\"https:\\\/\\\/www.mymomentsworld.com\\\/wp-content\\\/uploads\\\/2025\\\/06\\\/Kocyk-azurowy-Pink.jpg\",\"contentUrl\":\"https:\\\/\\\/www.mymomentsworld.com\\\/wp-content\\\/uploads\\\/2025\\\/06\\\/Kocyk-azurowy-Pink.jpg\",\"width\":800,\"height\":800},{\"@type\":\"BreadcrumbList\",\"@id\":\"https:\\\/\\\/www.mymomentsworld.com\\\/sklep\\\/bawelniany-kocyk-azurowy-pink\\\/#breadcrumb\",\"itemListElement\":[{\"@type\":\"ListItem\",\"position\":1,\"name\":\"Strona g\u0142\u00f3wna\",\"item\":\"https:\\\/\\\/www.mymomentsworld.com\\\/\"},{\"@type\":\"ListItem\",\"position\":2,\"name\":\"Produkty\",\"item\":\"https:\\\/\\\/www.mymomentsworld.com\\\/sklep\\\/\"},{\"@type\":\"ListItem\",\"position\":3,\"name\":\"Bawe\u0142niany kocyk a\u017curowy Pink\"}]},{\"@type\":\"WebSite\",\"@id\":\"https:\\\/\\\/www.mymomentsworld.com\\\/#website\",\"url\":\"https:\\\/\\\/www.mymomentsworld.com\\\/\",\"name\":\"My Moments\",\"description\":\"Produkty dla niemowl\u0105t, dzieci i rodzic\u00f3w\",\"publisher\":{\"@id\":\"https:\\\/\\\/www.mymomentsworld.com\\\/#organization\"},\"potentialAction\":[{\"@type\":\"SearchAction\",\"target\":{\"@type\":\"EntryPoint\",\"urlTemplate\":\"https:\\\/\\\/www.mymomentsworld.com\\\/?s={search_term_string}\"},\"query-input\":{\"@type\":\"PropertyValueSpecification\",\"valueRequired\":true,\"valueName\":\"search_term_string\"}}],\"inLanguage\":\"pl-PL\"},{\"@type\":\"Organization\",\"@id\":\"https:\\\/\\\/www.mymomentsworld.com\\\/#organization\",\"name\":\"My Moments\",\"url\":\"https:\\\/\\\/www.mymomentsworld.com\\\/\",\"logo\":{\"@type\":\"ImageObject\",\"inLanguage\":\"pl-PL\",\"@id\":\"https:\\\/\\\/www.mymomentsworld.com\\\/#\\\/schema\\\/logo\\\/image\\\/\",\"url\":\"https:\\\/\\\/www.mymomentsworld.com\\\/wp-content\\\/uploads\\\/2025\\\/07\\\/cropped-logo-transparent.png\",\"contentUrl\":\"https:\\\/\\\/www.mymomentsworld.com\\\/wp-content\\\/uploads\\\/2025\\\/07\\\/cropped-logo-transparent.png\",\"width\":1024,\"height\":590,\"caption\":\"My Moments\"},\"image\":{\"@id\":\"https:\\\/\\\/www.mymomentsworld.com\\\/#\\\/schema\\\/logo\\\/image\\\/\"},\"sameAs\":[\"https:\\\/\\\/www.facebook.com\\\/mymomentsworld\\\/\",\"https:\\\/\\\/www.instagram.com\\\/mymomentsworld\\\/\",\"https:\\\/\\\/pinterest.com\\\/MyMomentsWorld\\\/\"]}]}<\/script>\n<!-- \/ Yoast SEO plugin. -->","yoast_head_json":{"title":"Bawe\u0142niany kocyk a\u017curowy Pink | My Moments - Produkty dla niemowl\u0105t, dzieci i rodzic\u00f3w","robots":{"index":"index","follow":"follow","max-snippet":"max-snippet:-1","max-image-preview":"max-image-preview:large","max-video-preview":"max-video-preview:-1"},"canonical":"https:\/\/www.mymomentsworld.com\/pl\/sklep\/bawelniany-kocyk-azurowy-pink\/","og_locale":"pl_PL","og_type":"article","og_title":"Bawe\u0142niany kocyk a\u017curowy Pink | My Moments - Produkty dla niemowl\u0105t, dzieci i rodzic\u00f3w","og_description":"Jedwabi\u015bcie mi\u0119kki, lekki kocyk dzianinowy wykonany w 100 % z prz\u0119dzy bawe\u0142nianej. Przepi\u0119kny a\u017curowy splot w delikatne listki nawi\u0105zuj\u0105cy do [&hellip;]","og_url":"https:\/\/www.mymomentsworld.com\/pl\/sklep\/bawelniany-kocyk-azurowy-pink\/","og_site_name":"My Moments","article_publisher":"https:\/\/www.facebook.com\/mymomentsworld\/","article_modified_time":"2026-03-29T17:35:47+00:00","og_image":[{"width":800,"height":800,"url":"https:\/\/www.mymomentsworld.com\/wp-content\/uploads\/2025\/06\/Kocyk-azurowy-Pink.jpg","type":"image\/jpeg"}],"twitter_card":"summary_large_image","twitter_misc":{"Szacowany czas czytania":"1 minuta"},"schema":{"@context":"https:\/\/schema.org","@graph":[{"@type":"WebPage","@id":"https:\/\/www.mymomentsworld.com\/sklep\/bawelniany-kocyk-azurowy-pink\/","url":"https:\/\/www.mymomentsworld.com\/sklep\/bawelniany-kocyk-azurowy-pink\/","name":"Bawe\u0142niany kocyk a\u017curowy Pink | My Moments - Produkty dla niemowl\u0105t, dzieci i rodzic\u00f3w","isPartOf":{"@id":"https:\/\/www.mymomentsworld.com\/#website"},"primaryImageOfPage":{"@id":"https:\/\/www.mymomentsworld.com\/sklep\/bawelniany-kocyk-azurowy-pink\/#primaryimage"},"image":{"@id":"https:\/\/www.mymomentsworld.com\/sklep\/bawelniany-kocyk-azurowy-pink\/#primaryimage"},"thumbnailUrl":"https:\/\/www.mymomentsworld.com\/wp-content\/uploads\/2025\/06\/Kocyk-azurowy-Pink.jpg","datePublished":"2025-06-05T21:06:57+00:00","dateModified":"2026-03-29T17:35:47+00:00","breadcrumb":{"@id":"https:\/\/www.mymomentsworld.com\/sklep\/bawelniany-kocyk-azurowy-pink\/#breadcrumb"},"inLanguage":"pl-PL","potentialAction":[{"@type":"ReadAction","target":["https:\/\/www.mymomentsworld.com\/sklep\/bawelniany-kocyk-azurowy-pink\/"]}]},{"@type":"ImageObject","inLanguage":"pl-PL","@id":"https:\/\/www.mymomentsworld.com\/sklep\/bawelniany-kocyk-azurowy-pink\/#primaryimage","url":"https:\/\/www.mymomentsworld.com\/wp-content\/uploads\/2025\/06\/Kocyk-azurowy-Pink.jpg","contentUrl":"https:\/\/www.mymomentsworld.com\/wp-content\/uploads\/2025\/06\/Kocyk-azurowy-Pink.jpg","width":800,"height":800},{"@type":"BreadcrumbList","@id":"https:\/\/www.mymomentsworld.com\/sklep\/bawelniany-kocyk-azurowy-pink\/#breadcrumb","itemListElement":[{"@type":"ListItem","position":1,"name":"Strona g\u0142\u00f3wna","item":"https:\/\/www.mymomentsworld.com\/"},{"@type":"ListItem","position":2,"name":"Produkty","item":"https:\/\/www.mymomentsworld.com\/sklep\/"},{"@type":"ListItem","position":3,"name":"Bawe\u0142niany kocyk a\u017curowy Pink"}]},{"@type":"WebSite","@id":"https:\/\/www.mymomentsworld.com\/#website","url":"https:\/\/www.mymomentsworld.com\/","name":"My Moments","description":"Produkty dla niemowl\u0105t, dzieci i rodzic\u00f3w","publisher":{"@id":"https:\/\/www.mymomentsworld.com\/#organization"},"potentialAction":[{"@type":"SearchAction","target":{"@type":"EntryPoint","urlTemplate":"https:\/\/www.mymomentsworld.com\/?s={search_term_string}"},"query-input":{"@type":"PropertyValueSpecification","valueRequired":true,"valueName":"search_term_string"}}],"inLanguage":"pl-PL"},{"@type":"Organization","@id":"https:\/\/www.mymomentsworld.com\/#organization","name":"My Moments","url":"https:\/\/www.mymomentsworld.com\/","logo":{"@type":"ImageObject","inLanguage":"pl-PL","@id":"https:\/\/www.mymomentsworld.com\/#\/schema\/logo\/image\/","url":"https:\/\/www.mymomentsworld.com\/wp-content\/uploads\/2025\/07\/cropped-logo-transparent.png","contentUrl":"https:\/\/www.mymomentsworld.com\/wp-content\/uploads\/2025\/07\/cropped-logo-transparent.png","width":1024,"height":590,"caption":"My Moments"},"image":{"@id":"https:\/\/www.mymomentsworld.com\/#\/schema\/logo\/image\/"},"sameAs":["https:\/\/www.facebook.com\/mymomentsworld\/","https:\/\/www.instagram.com\/mymomentsworld\/","https:\/\/pinterest.com\/MyMomentsWorld\/"]}]}},"_links":{"self":[{"href":"https:\/\/www.mymomentsworld.com\/pl\/wp-json\/wp\/v2\/product\/1122","targetHints":{"allow":["GET"]}}],"collection":[{"href":"https:\/\/www.mymomentsworld.com\/pl\/wp-json\/wp\/v2\/product"}],"about":[{"href":"https:\/\/www.mymomentsworld.com\/pl\/wp-json\/wp\/v2\/types\/product"}],"replies":[{"embeddable":true,"href":"https:\/\/www.mymomentsworld.com\/pl\/wp-json\/wp\/v2\/comments?post=1122"}],"wp:featuredmedia":[{"embeddable":true,"href":"https:\/\/www.mymomentsworld.com\/pl\/wp-json\/wp\/v2\/media\/1123"}],"wp:attachment":[{"href":"https:\/\/www.mymomentsworld.com\/pl\/wp-json\/wp\/v2\/media?parent=1122"}],"wp:term":[{"taxonomy":"product_brand","embeddable":true,"href":"https:\/\/www.mymomentsworld.com\/pl\/wp-json\/wp\/v2\/product_brand?post=1122"},{"taxonomy":"product_cat","embeddable":true,"href":"https:\/\/www.mymomentsworld.com\/pl\/wp-json\/wp\/v2\/product_cat?post=1122"},{"taxonomy":"product_tag","embeddable":true,"href":"https:\/\/www.mymomentsworld.com\/pl\/wp-json\/wp\/v2\/product_tag?post=1122"}],"curies":[{"name":"wp","href":"https:\/\/api.w.org\/{rel}","templated":true}]}}