{"id":1215,"date":"2025-06-07T18:31:43","date_gmt":"2025-06-07T18:31:43","guid":{"rendered":"http:\/\/www.mymomentsworld.com.jakub-belau.pl\/?post_type=product&#038;p=1215"},"modified":"2026-03-29T18:35:45","modified_gmt":"2026-03-29T17:35:45","slug":"zawieszka-do-smoczka-wings-beige-leaves","status":"publish","type":"product","link":"https:\/\/www.mymomentsworld.com\/pl\/sklep\/zawieszka-do-smoczka-wings-beige-leaves\/","title":{"rendered":"Zawieszka do smoczka Wings Beige leaves"},"content":{"rendered":"<p>Stylowa i elegancka <strong>zawieszka do smoczka<\/strong> , pomaga w zachowaniu czysto\u015bci smoczka. Pasuje do wi\u0119kszo\u015bci smoczk\u00f3w. Ozdobiona uroczymi skrzyde\u0142kami idealnie komponuje si\u0119 z pozosta\u0142ymi produktami dost\u0119pnymi w sklepie. Odpowiednia d\u0142ugo\u015b\u0107 i mocny klips gwarantuj\u0105 bezpiecze\u0144stwo u\u017cywania.<\/p>\n<p>Materia\u0142:<\/p>\n<ul>\n<li>Wykonana w 100% z tkaniny bawe\u0142nianej, skrzyde\u0142ka to welur bawe\u0142niany.<\/li>\n<li>Rozmieszczenie wzor\u00f3w na zawieszce mo\u017ce si\u0119 r\u00f3\u017cni\u0107 od przedstawionych na zdj\u0119ciu.<\/li>\n<\/ul>\n<p>Zadbaj o produkty tak, aby zosta\u0142y z Tob\u0105 jak najd\u0142u\u017cej:<\/p>\n<ul>\n<li>Pra\u0107 r\u0119cznie, stara\u0107 si\u0119 nie pra\u0107 drewnianej zawieszki. Wycisn\u0105\u0107 wod\u0119 i uformowa\u0107 skrzyde\u0142ka. Nie naci\u0105ga\u0107.<\/li>\n<li>Nie suszy\u0107 w suszarce b\u0119bnowej.<\/li>\n<li>Nie stosowa\u0107 wybielaczy.<\/li>\n<li>Uszkodzenie mechaniczne produktu np. rozdarcie \u00a0<em>nie stanowi podstawy reklamacji.<\/em><\/li>\n<\/ul>\n","protected":false},"excerpt":{"rendered":"<p>Stylowa i elegancka zawieszka do smoczka , pomaga w zachowaniu czysto\u015bci smoczka. Pasuje do wi\u0119kszo\u015bci smoczk\u00f3w. Ozdobiona uroczymi skrzyde\u0142kami idealnie [&hellip;]<\/p>\n","protected":false},"featured_media":0,"comment_status":"open","ping_status":"closed","template":"","meta":{"site-sidebar-layout":"default","site-content-layout":"","ast-site-content-layout":"default","site-content-style":"default","site-sidebar-style":"default","ast-global-header-display":"","ast-banner-title-visibility":"","ast-main-header-display":"","ast-hfb-above-header-display":"","ast-hfb-below-header-display":"","ast-hfb-mobile-header-display":"","site-post-title":"","ast-breadcrumbs-content":"","ast-featured-img":"","footer-sml-layout":"","ast-disable-related-posts":"","theme-transparent-header-meta":"default","adv-header-id-meta":"","stick-header-meta":"","header-above-stick-meta":"","header-main-stick-meta":"","header-below-stick-meta":"","astra-migrate-meta-layouts":"set","ast-page-background-enabled":"default","ast-page-background-meta":{"desktop":{"background-color":"var(--ast-global-color-5)","background-image":"","background-repeat":"repeat","background-position":"center center","background-size":"auto","background-attachment":"scroll","background-type":"","background-media":"","overlay-type":"","overlay-color":"","overlay-opacity":"","overlay-gradient":""},"tablet":{"background-color":"","background-image":"","background-repeat":"repeat","background-position":"center center","background-size":"auto","background-attachment":"scroll","background-type":"","background-media":"","overlay-type":"","overlay-color":"","overlay-opacity":"","overlay-gradient":""},"mobile":{"background-color":"","background-image":"","background-repeat":"repeat","background-position":"center center","background-size":"auto","background-attachment":"scroll","background-type":"","background-media":"","overlay-type":"","overlay-color":"","overlay-opacity":"","overlay-gradient":""}},"ast-content-background-meta":{"desktop":{"background-color":"var(--ast-global-color-4)","background-image":"","background-repeat":"repeat","background-position":"center center","background-size":"auto","background-attachment":"scroll","background-type":"","background-media":"","overlay-type":"","overlay-color":"","overlay-opacity":"","overlay-gradient":""},"tablet":{"background-color":"var(--ast-global-color-4)","background-image":"","background-repeat":"repeat","background-position":"center center","background-size":"auto","background-attachment":"scroll","background-type":"","background-media":"","overlay-type":"","overlay-color":"","overlay-opacity":"","overlay-gradient":""},"mobile":{"background-color":"var(--ast-global-color-4)","background-image":"","background-repeat":"repeat","background-position":"center center","background-size":"auto","background-attachment":"scroll","background-type":"","background-media":"","overlay-type":"","overlay-color":"","overlay-opacity":"","overlay-gradient":""}}},"product_brand":[21],"product_cat":[99],"product_tag":[],"class_list":{"0":"post-1215","1":"product","2":"type-product","3":"status-publish","5":"product_brand-my-moments","6":"product_cat-zawieszki-do-smoczka","7":"pa_kolekcja-beige-leaves","8":"desktop-align-left","9":"tablet-align-left","10":"mobile-align-left","12":"first","13":"instock","14":"taxable","15":"shipping-taxable","16":"purchasable","17":"product-type-simple"},"yoast_head":"<!-- This site is optimized with the Yoast SEO plugin v27.3 - https:\/\/yoast.com\/product\/yoast-seo-wordpress\/ -->\n<title>Zawieszka do smoczka Wings Beige leaves | My Moments - Produkty dla niemowl\u0105t, dzieci i rodzic\u00f3w<\/title>\n<meta name=\"robots\" content=\"index, follow, max-snippet:-1, max-image-preview:large, max-video-preview:-1\" \/>\n<link rel=\"canonical\" href=\"https:\/\/www.mymomentsworld.com\/pl\/sklep\/zawieszka-do-smoczka-wings-beige-leaves\/\" \/>\n<meta property=\"og:locale\" content=\"pl_PL\" \/>\n<meta property=\"og:type\" content=\"article\" \/>\n<meta property=\"og:title\" content=\"Zawieszka do smoczka Wings Beige leaves | My Moments - Produkty dla niemowl\u0105t, dzieci i rodzic\u00f3w\" \/>\n<meta property=\"og:description\" content=\"Stylowa i elegancka zawieszka do smoczka , pomaga w zachowaniu czysto\u015bci smoczka. Pasuje do wi\u0119kszo\u015bci smoczk\u00f3w. Ozdobiona uroczymi skrzyde\u0142kami idealnie [&hellip;]\" \/>\n<meta property=\"og:url\" content=\"https:\/\/www.mymomentsworld.com\/pl\/sklep\/zawieszka-do-smoczka-wings-beige-leaves\/\" \/>\n<meta property=\"og:site_name\" content=\"My Moments\" \/>\n<meta property=\"article:publisher\" content=\"https:\/\/www.facebook.com\/mymomentsworld\/\" \/>\n<meta property=\"article:modified_time\" content=\"2026-03-29T17:35:45+00:00\" \/>\n<meta name=\"twitter:card\" content=\"summary_large_image\" \/>\n<meta name=\"twitter:label1\" content=\"Szacowany czas czytania\" \/>\n\t<meta name=\"twitter:data1\" content=\"1 minuta\" \/>\n<script type=\"application\/ld+json\" class=\"yoast-schema-graph\">{\"@context\":\"https:\\\/\\\/schema.org\",\"@graph\":[{\"@type\":\"WebPage\",\"@id\":\"https:\\\/\\\/www.mymomentsworld.com\\\/sklep\\\/zawieszka-do-smoczka-wings-beige-leaves\\\/\",\"url\":\"https:\\\/\\\/www.mymomentsworld.com\\\/sklep\\\/zawieszka-do-smoczka-wings-beige-leaves\\\/\",\"name\":\"Zawieszka do smoczka Wings Beige leaves | My Moments - Produkty dla niemowl\u0105t, dzieci i rodzic\u00f3w\",\"isPartOf\":{\"@id\":\"https:\\\/\\\/www.mymomentsworld.com\\\/#website\"},\"datePublished\":\"2025-06-07T18:31:43+00:00\",\"dateModified\":\"2026-03-29T17:35:45+00:00\",\"breadcrumb\":{\"@id\":\"https:\\\/\\\/www.mymomentsworld.com\\\/sklep\\\/zawieszka-do-smoczka-wings-beige-leaves\\\/#breadcrumb\"},\"inLanguage\":\"pl-PL\",\"potentialAction\":[{\"@type\":\"ReadAction\",\"target\":[\"https:\\\/\\\/www.mymomentsworld.com\\\/sklep\\\/zawieszka-do-smoczka-wings-beige-leaves\\\/\"]}]},{\"@type\":\"BreadcrumbList\",\"@id\":\"https:\\\/\\\/www.mymomentsworld.com\\\/sklep\\\/zawieszka-do-smoczka-wings-beige-leaves\\\/#breadcrumb\",\"itemListElement\":[{\"@type\":\"ListItem\",\"position\":1,\"name\":\"Strona g\u0142\u00f3wna\",\"item\":\"https:\\\/\\\/www.mymomentsworld.com\\\/\"},{\"@type\":\"ListItem\",\"position\":2,\"name\":\"Produkty\",\"item\":\"https:\\\/\\\/www.mymomentsworld.com\\\/sklep\\\/\"},{\"@type\":\"ListItem\",\"position\":3,\"name\":\"Zawieszka do smoczka Wings Beige leaves\"}]},{\"@type\":\"WebSite\",\"@id\":\"https:\\\/\\\/www.mymomentsworld.com\\\/#website\",\"url\":\"https:\\\/\\\/www.mymomentsworld.com\\\/\",\"name\":\"My Moments\",\"description\":\"Produkty dla niemowl\u0105t, dzieci i rodzic\u00f3w\",\"publisher\":{\"@id\":\"https:\\\/\\\/www.mymomentsworld.com\\\/#organization\"},\"potentialAction\":[{\"@type\":\"SearchAction\",\"target\":{\"@type\":\"EntryPoint\",\"urlTemplate\":\"https:\\\/\\\/www.mymomentsworld.com\\\/?s={search_term_string}\"},\"query-input\":{\"@type\":\"PropertyValueSpecification\",\"valueRequired\":true,\"valueName\":\"search_term_string\"}}],\"inLanguage\":\"pl-PL\"},{\"@type\":\"Organization\",\"@id\":\"https:\\\/\\\/www.mymomentsworld.com\\\/#organization\",\"name\":\"My Moments\",\"url\":\"https:\\\/\\\/www.mymomentsworld.com\\\/\",\"logo\":{\"@type\":\"ImageObject\",\"inLanguage\":\"pl-PL\",\"@id\":\"https:\\\/\\\/www.mymomentsworld.com\\\/#\\\/schema\\\/logo\\\/image\\\/\",\"url\":\"https:\\\/\\\/www.mymomentsworld.com\\\/wp-content\\\/uploads\\\/2025\\\/07\\\/cropped-logo-transparent.png\",\"contentUrl\":\"https:\\\/\\\/www.mymomentsworld.com\\\/wp-content\\\/uploads\\\/2025\\\/07\\\/cropped-logo-transparent.png\",\"width\":1024,\"height\":590,\"caption\":\"My Moments\"},\"image\":{\"@id\":\"https:\\\/\\\/www.mymomentsworld.com\\\/#\\\/schema\\\/logo\\\/image\\\/\"},\"sameAs\":[\"https:\\\/\\\/www.facebook.com\\\/mymomentsworld\\\/\",\"https:\\\/\\\/www.instagram.com\\\/mymomentsworld\\\/\",\"https:\\\/\\\/pinterest.com\\\/MyMomentsWorld\\\/\"]}]}<\/script>\n<!-- \/ Yoast SEO plugin. -->","yoast_head_json":{"title":"Zawieszka do smoczka Wings Beige leaves | My Moments - Produkty dla niemowl\u0105t, dzieci i rodzic\u00f3w","robots":{"index":"index","follow":"follow","max-snippet":"max-snippet:-1","max-image-preview":"max-image-preview:large","max-video-preview":"max-video-preview:-1"},"canonical":"https:\/\/www.mymomentsworld.com\/pl\/sklep\/zawieszka-do-smoczka-wings-beige-leaves\/","og_locale":"pl_PL","og_type":"article","og_title":"Zawieszka do smoczka Wings Beige leaves | My Moments - Produkty dla niemowl\u0105t, dzieci i rodzic\u00f3w","og_description":"Stylowa i elegancka zawieszka do smoczka , pomaga w zachowaniu czysto\u015bci smoczka. Pasuje do wi\u0119kszo\u015bci smoczk\u00f3w. Ozdobiona uroczymi skrzyde\u0142kami idealnie [&hellip;]","og_url":"https:\/\/www.mymomentsworld.com\/pl\/sklep\/zawieszka-do-smoczka-wings-beige-leaves\/","og_site_name":"My Moments","article_publisher":"https:\/\/www.facebook.com\/mymomentsworld\/","article_modified_time":"2026-03-29T17:35:45+00:00","twitter_card":"summary_large_image","twitter_misc":{"Szacowany czas czytania":"1 minuta"},"schema":{"@context":"https:\/\/schema.org","@graph":[{"@type":"WebPage","@id":"https:\/\/www.mymomentsworld.com\/sklep\/zawieszka-do-smoczka-wings-beige-leaves\/","url":"https:\/\/www.mymomentsworld.com\/sklep\/zawieszka-do-smoczka-wings-beige-leaves\/","name":"Zawieszka do smoczka Wings Beige leaves | My Moments - Produkty dla niemowl\u0105t, dzieci i rodzic\u00f3w","isPartOf":{"@id":"https:\/\/www.mymomentsworld.com\/#website"},"datePublished":"2025-06-07T18:31:43+00:00","dateModified":"2026-03-29T17:35:45+00:00","breadcrumb":{"@id":"https:\/\/www.mymomentsworld.com\/sklep\/zawieszka-do-smoczka-wings-beige-leaves\/#breadcrumb"},"inLanguage":"pl-PL","potentialAction":[{"@type":"ReadAction","target":["https:\/\/www.mymomentsworld.com\/sklep\/zawieszka-do-smoczka-wings-beige-leaves\/"]}]},{"@type":"BreadcrumbList","@id":"https:\/\/www.mymomentsworld.com\/sklep\/zawieszka-do-smoczka-wings-beige-leaves\/#breadcrumb","itemListElement":[{"@type":"ListItem","position":1,"name":"Strona g\u0142\u00f3wna","item":"https:\/\/www.mymomentsworld.com\/"},{"@type":"ListItem","position":2,"name":"Produkty","item":"https:\/\/www.mymomentsworld.com\/sklep\/"},{"@type":"ListItem","position":3,"name":"Zawieszka do smoczka Wings Beige leaves"}]},{"@type":"WebSite","@id":"https:\/\/www.mymomentsworld.com\/#website","url":"https:\/\/www.mymomentsworld.com\/","name":"My Moments","description":"Produkty dla niemowl\u0105t, dzieci i rodzic\u00f3w","publisher":{"@id":"https:\/\/www.mymomentsworld.com\/#organization"},"potentialAction":[{"@type":"SearchAction","target":{"@type":"EntryPoint","urlTemplate":"https:\/\/www.mymomentsworld.com\/?s={search_term_string}"},"query-input":{"@type":"PropertyValueSpecification","valueRequired":true,"valueName":"search_term_string"}}],"inLanguage":"pl-PL"},{"@type":"Organization","@id":"https:\/\/www.mymomentsworld.com\/#organization","name":"My Moments","url":"https:\/\/www.mymomentsworld.com\/","logo":{"@type":"ImageObject","inLanguage":"pl-PL","@id":"https:\/\/www.mymomentsworld.com\/#\/schema\/logo\/image\/","url":"https:\/\/www.mymomentsworld.com\/wp-content\/uploads\/2025\/07\/cropped-logo-transparent.png","contentUrl":"https:\/\/www.mymomentsworld.com\/wp-content\/uploads\/2025\/07\/cropped-logo-transparent.png","width":1024,"height":590,"caption":"My Moments"},"image":{"@id":"https:\/\/www.mymomentsworld.com\/#\/schema\/logo\/image\/"},"sameAs":["https:\/\/www.facebook.com\/mymomentsworld\/","https:\/\/www.instagram.com\/mymomentsworld\/","https:\/\/pinterest.com\/MyMomentsWorld\/"]}]}},"_links":{"self":[{"href":"https:\/\/www.mymomentsworld.com\/pl\/wp-json\/wp\/v2\/product\/1215","targetHints":{"allow":["GET"]}}],"collection":[{"href":"https:\/\/www.mymomentsworld.com\/pl\/wp-json\/wp\/v2\/product"}],"about":[{"href":"https:\/\/www.mymomentsworld.com\/pl\/wp-json\/wp\/v2\/types\/product"}],"replies":[{"embeddable":true,"href":"https:\/\/www.mymomentsworld.com\/pl\/wp-json\/wp\/v2\/comments?post=1215"}],"wp:attachment":[{"href":"https:\/\/www.mymomentsworld.com\/pl\/wp-json\/wp\/v2\/media?parent=1215"}],"wp:term":[{"taxonomy":"product_brand","embeddable":true,"href":"https:\/\/www.mymomentsworld.com\/pl\/wp-json\/wp\/v2\/product_brand?post=1215"},{"taxonomy":"product_cat","embeddable":true,"href":"https:\/\/www.mymomentsworld.com\/pl\/wp-json\/wp\/v2\/product_cat?post=1215"},{"taxonomy":"product_tag","embeddable":true,"href":"https:\/\/www.mymomentsworld.com\/pl\/wp-json\/wp\/v2\/product_tag?post=1215"}],"curies":[{"name":"wp","href":"https:\/\/api.w.org\/{rel}","templated":true}]}}