{"id":1911,"date":"2025-06-23T16:40:40","date_gmt":"2025-06-23T16:40:40","guid":{"rendered":"http:\/\/www.mymomentsworld.com.jakub-belau.pl\/?post_type=product&#038;p=1911"},"modified":"2026-03-29T18:35:37","modified_gmt":"2026-03-29T17:35:37","slug":"rozek-niemowlecy-cherry","status":"publish","type":"product","link":"https:\/\/www.mymomentsworld.com\/pl\/sklep\/rozek-niemowlecy-cherry\/","title":{"rendered":"Ro\u017cek niemowl\u0119cy  Cherry"},"content":{"rendered":"<p>Nasz\u00a0<strong>ro\u017cek\u00a0niemowl\u0119cy<\/strong>\u00a0wykonany z najwy\u017cszej jako\u015bci materia\u0142\u00f3w, zapewnia nie tylko wygod\u0119, ale tak\u017ce zdrowy i komfortowy sen. Mi\u0119kka bawe\u0142na delikatna dla sk\u00f3ry dziecka oraz starannie dobrane wzory z pewno\u015bci\u0105 przypadn\u0105 do gustu ka\u017cdemu maluchowi.\u00a0Ro\u017cek dedykowany jest niemowlakom do 3 miesi\u0105ca \u017cycia, jednak kiedy maluch podro\u015bnie roz\u0142o\u017cony ro\u017cek \u015bwietnie sprawdzi si\u0119 jako mata do zabawy, ko\u0142derka lub przeno\u015bny przewijak.<\/p>\n<p>Cechy produktu:<\/p>\n<ul>\n<li>Wymiary +\/- 2 cm: \u00a075 x 75 cm<\/li>\n<\/ul>\n<p>Tkaniny do wyboru:<\/p>\n<ul>\n<li>100 % bawe\u0142na, naturalna, certyfikowana, mi\u0119kka i przyjemna dla sk\u00f3ry<\/li>\n<li>100 % bambus, oddychaj\u0105cy materia\u0142, kt\u00f3ry reguluje temperatur\u0119 cia\u0142a. Wyj\u0105tkowe zalety tkanin bambusowych potwierdzi\u0142 Instytutu Matki i Dziecka wydaj\u0105c pozytywn\u0105 opini\u0119. Wiskoza bambusowa idealnie sprawdza si\u0119 w sezonie wiosenno- letnim.<\/li>\n<\/ul>\n<p>Wype\u0142nienie:<\/p>\n<ul>\n<li>Ro\u017cek wype\u0142niony jest antyalergiczn\u0105 owat\u0105 200 mg\/m2. Posiada dodatkowe st\u0119bnowanie, kt\u00f3re zdobi oraz dodatkowo zabezpiecza przesuwanie si\u0119 wype\u0142nienia.<\/li>\n<\/ul>\n<p>Jak dba\u0107 o Nasze produkty:<\/p>\n<ul>\n<li>Pra\u0107 w pralce, w temperaturze 30\u00b0, program delikatny z delikatnym wirowaniem. Pierzemy ca\u0142\u0105 po\u015bciel, a nie tylko jej wierzchni\u0105 cz\u0119\u015b\u0107, co jest idealnym rozwi\u0105zaniem szczeg\u00f3lnie dla alergik\u00f3w.<\/li>\n<li>Nie stosowa\u0107 wybielaczy<\/li>\n<li>Nie suszy\u0107 w suszarce b\u0119bnowej<\/li>\n<li>Nie pra\u0107 z szorstkimi, ostrymi elementami mog\u0105cymi zaci\u0105ga\u0107 tkanin\u0119.<\/li>\n<li>Prasowa\u0107 \u017celazkiem tylko tkanin\u0119 bawe\u0142nian\u0105 lub bambusow\u0105 \u2013 maksymalna temperatura 110\u00b0C.<\/li>\n<li>W wyniku u\u017cytkowania, cz\u0119stego prania i wystawiania na dzia\u0142anie promieni s\u0142onecznych produkty mog\u0105 ulec naturalnemu zu\u017cyciu, kolory mog\u0105 straci\u0107 intensywno\u015b\u0107. <em>Tego typu zu\u017cycie nie stanowi podstawy do reklamacji.\u00a0<\/em><\/li>\n<li>W wyniku u\u017cytkowania produkty z tkanin bambusowych mog\u0105 si\u0119 zaci\u0105ga\u0107, lub mechaci\u0107, jest to proces naturalny, kt\u00f3ry mo\u017cna zniwelowa\u0107 u\u017cywaj\u0105c golarki do ubra\u0144. <em>Tego typu zu\u017cycie nie stanowi podstawy do reklamacji.<\/em><\/li>\n<li>Uszkodzenie mechaniczne produktu typu rozdarcie, <em>nie stanowi podstawy reklamacji.<\/em><\/li>\n<\/ul>\n","protected":false},"excerpt":{"rendered":"<p>Nasz\u00a0ro\u017cek\u00a0niemowl\u0119cy\u00a0wykonany z najwy\u017cszej jako\u015bci materia\u0142\u00f3w, zapewnia nie tylko wygod\u0119, ale tak\u017ce zdrowy i komfortowy sen. Mi\u0119kka bawe\u0142na delikatna dla sk\u00f3ry [&hellip;]<\/p>\n","protected":false},"featured_media":1918,"comment_status":"open","ping_status":"closed","template":"","meta":{"site-sidebar-layout":"default","site-content-layout":"","ast-site-content-layout":"default","site-content-style":"default","site-sidebar-style":"default","ast-global-header-display":"","ast-banner-title-visibility":"","ast-main-header-display":"","ast-hfb-above-header-display":"","ast-hfb-below-header-display":"","ast-hfb-mobile-header-display":"","site-post-title":"","ast-breadcrumbs-content":"","ast-featured-img":"","footer-sml-layout":"","ast-disable-related-posts":"","theme-transparent-header-meta":"default","adv-header-id-meta":"","stick-header-meta":"","header-above-stick-meta":"","header-main-stick-meta":"","header-below-stick-meta":"","astra-migrate-meta-layouts":"set","ast-page-background-enabled":"default","ast-page-background-meta":{"desktop":{"background-color":"var(--ast-global-color-5)","background-image":"","background-repeat":"repeat","background-position":"center center","background-size":"auto","background-attachment":"scroll","background-type":"","background-media":"","overlay-type":"","overlay-color":"","overlay-opacity":"","overlay-gradient":""},"tablet":{"background-color":"","background-image":"","background-repeat":"repeat","background-position":"center center","background-size":"auto","background-attachment":"scroll","background-type":"","background-media":"","overlay-type":"","overlay-color":"","overlay-opacity":"","overlay-gradient":""},"mobile":{"background-color":"","background-image":"","background-repeat":"repeat","background-position":"center center","background-size":"auto","background-attachment":"scroll","background-type":"","background-media":"","overlay-type":"","overlay-color":"","overlay-opacity":"","overlay-gradient":""}},"ast-content-background-meta":{"desktop":{"background-color":"var(--ast-global-color-4)","background-image":"","background-repeat":"repeat","background-position":"center center","background-size":"auto","background-attachment":"scroll","background-type":"","background-media":"","overlay-type":"","overlay-color":"","overlay-opacity":"","overlay-gradient":""},"tablet":{"background-color":"var(--ast-global-color-4)","background-image":"","background-repeat":"repeat","background-position":"center center","background-size":"auto","background-attachment":"scroll","background-type":"","background-media":"","overlay-type":"","overlay-color":"","overlay-opacity":"","overlay-gradient":""},"mobile":{"background-color":"var(--ast-global-color-4)","background-image":"","background-repeat":"repeat","background-position":"center center","background-size":"auto","background-attachment":"scroll","background-type":"","background-media":"","overlay-type":"","overlay-color":"","overlay-opacity":"","overlay-gradient":""}}},"product_brand":[21],"product_cat":[76,95],"product_tag":[],"class_list":{"0":"post-1911","1":"product","2":"type-product","3":"status-publish","4":"has-post-thumbnail","6":"product_brand-my-moments","7":"product_cat-akcesoria-poscielowe","8":"product_cat-rozki-niemowlece","9":"pa_kolekcja-cherry","10":"desktop-align-left","11":"tablet-align-left","12":"mobile-align-left","14":"first","15":"instock","16":"purchasable","17":"product-type-variable","18":"has-default-attributes"},"yoast_head":"<!-- This site is optimized with the Yoast SEO plugin v27.3 - https:\/\/yoast.com\/product\/yoast-seo-wordpress\/ -->\n<title>Ro\u017cek niemowl\u0119cy Cherry | My Moments - Produkty dla niemowl\u0105t, dzieci i rodzic\u00f3w<\/title>\n<meta name=\"robots\" content=\"index, follow, max-snippet:-1, max-image-preview:large, max-video-preview:-1\" \/>\n<link rel=\"canonical\" href=\"https:\/\/www.mymomentsworld.com\/pl\/sklep\/rozek-niemowlecy-cherry\/\" \/>\n<meta property=\"og:locale\" content=\"pl_PL\" \/>\n<meta property=\"og:type\" content=\"article\" \/>\n<meta property=\"og:title\" content=\"Ro\u017cek niemowl\u0119cy Cherry | My Moments - Produkty dla niemowl\u0105t, dzieci i rodzic\u00f3w\" \/>\n<meta property=\"og:description\" content=\"Nasz\u00a0ro\u017cek\u00a0niemowl\u0119cy\u00a0wykonany z najwy\u017cszej jako\u015bci materia\u0142\u00f3w, zapewnia nie tylko wygod\u0119, ale tak\u017ce zdrowy i komfortowy sen. Mi\u0119kka bawe\u0142na delikatna dla sk\u00f3ry [&hellip;]\" \/>\n<meta property=\"og:url\" content=\"https:\/\/www.mymomentsworld.com\/pl\/sklep\/rozek-niemowlecy-cherry\/\" \/>\n<meta property=\"og:site_name\" content=\"My Moments\" \/>\n<meta property=\"article:publisher\" content=\"https:\/\/www.facebook.com\/mymomentsworld\/\" \/>\n<meta property=\"article:modified_time\" content=\"2026-03-29T17:35:37+00:00\" \/>\n<meta property=\"og:image\" content=\"https:\/\/www.mymomentsworld.com\/wp-content\/uploads\/2025\/06\/Rozek-Niemowlecy-Kratka-Cherry-.jpg\" \/>\n\t<meta property=\"og:image:width\" content=\"800\" \/>\n\t<meta property=\"og:image:height\" content=\"800\" \/>\n\t<meta property=\"og:image:type\" content=\"image\/jpeg\" \/>\n<meta name=\"twitter:card\" content=\"summary_large_image\" \/>\n<meta name=\"twitter:label1\" content=\"Szacowany czas czytania\" \/>\n\t<meta name=\"twitter:data1\" content=\"2 minuty\" \/>\n<script type=\"application\/ld+json\" class=\"yoast-schema-graph\">{\"@context\":\"https:\\\/\\\/schema.org\",\"@graph\":[{\"@type\":\"WebPage\",\"@id\":\"https:\\\/\\\/www.mymomentsworld.com\\\/sklep\\\/rozek-niemowlecy-cherry\\\/\",\"url\":\"https:\\\/\\\/www.mymomentsworld.com\\\/sklep\\\/rozek-niemowlecy-cherry\\\/\",\"name\":\"Ro\u017cek niemowl\u0119cy Cherry | My Moments - Produkty dla niemowl\u0105t, dzieci i rodzic\u00f3w\",\"isPartOf\":{\"@id\":\"https:\\\/\\\/www.mymomentsworld.com\\\/#website\"},\"primaryImageOfPage\":{\"@id\":\"https:\\\/\\\/www.mymomentsworld.com\\\/sklep\\\/rozek-niemowlecy-cherry\\\/#primaryimage\"},\"image\":{\"@id\":\"https:\\\/\\\/www.mymomentsworld.com\\\/sklep\\\/rozek-niemowlecy-cherry\\\/#primaryimage\"},\"thumbnailUrl\":\"https:\\\/\\\/www.mymomentsworld.com\\\/wp-content\\\/uploads\\\/2025\\\/06\\\/Rozek-Niemowlecy-Kratka-Cherry-.jpg\",\"datePublished\":\"2025-06-23T16:40:40+00:00\",\"dateModified\":\"2026-03-29T17:35:37+00:00\",\"breadcrumb\":{\"@id\":\"https:\\\/\\\/www.mymomentsworld.com\\\/sklep\\\/rozek-niemowlecy-cherry\\\/#breadcrumb\"},\"inLanguage\":\"pl-PL\",\"potentialAction\":[{\"@type\":\"ReadAction\",\"target\":[\"https:\\\/\\\/www.mymomentsworld.com\\\/sklep\\\/rozek-niemowlecy-cherry\\\/\"]}]},{\"@type\":\"ImageObject\",\"inLanguage\":\"pl-PL\",\"@id\":\"https:\\\/\\\/www.mymomentsworld.com\\\/sklep\\\/rozek-niemowlecy-cherry\\\/#primaryimage\",\"url\":\"https:\\\/\\\/www.mymomentsworld.com\\\/wp-content\\\/uploads\\\/2025\\\/06\\\/Rozek-Niemowlecy-Kratka-Cherry-.jpg\",\"contentUrl\":\"https:\\\/\\\/www.mymomentsworld.com\\\/wp-content\\\/uploads\\\/2025\\\/06\\\/Rozek-Niemowlecy-Kratka-Cherry-.jpg\",\"width\":800,\"height\":800},{\"@type\":\"BreadcrumbList\",\"@id\":\"https:\\\/\\\/www.mymomentsworld.com\\\/sklep\\\/rozek-niemowlecy-cherry\\\/#breadcrumb\",\"itemListElement\":[{\"@type\":\"ListItem\",\"position\":1,\"name\":\"Strona g\u0142\u00f3wna\",\"item\":\"https:\\\/\\\/www.mymomentsworld.com\\\/\"},{\"@type\":\"ListItem\",\"position\":2,\"name\":\"Produkty\",\"item\":\"https:\\\/\\\/www.mymomentsworld.com\\\/sklep\\\/\"},{\"@type\":\"ListItem\",\"position\":3,\"name\":\"Ro\u017cek niemowl\u0119cy Cherry\"}]},{\"@type\":\"WebSite\",\"@id\":\"https:\\\/\\\/www.mymomentsworld.com\\\/#website\",\"url\":\"https:\\\/\\\/www.mymomentsworld.com\\\/\",\"name\":\"My Moments\",\"description\":\"Produkty dla niemowl\u0105t, dzieci i rodzic\u00f3w\",\"publisher\":{\"@id\":\"https:\\\/\\\/www.mymomentsworld.com\\\/#organization\"},\"potentialAction\":[{\"@type\":\"SearchAction\",\"target\":{\"@type\":\"EntryPoint\",\"urlTemplate\":\"https:\\\/\\\/www.mymomentsworld.com\\\/?s={search_term_string}\"},\"query-input\":{\"@type\":\"PropertyValueSpecification\",\"valueRequired\":true,\"valueName\":\"search_term_string\"}}],\"inLanguage\":\"pl-PL\"},{\"@type\":\"Organization\",\"@id\":\"https:\\\/\\\/www.mymomentsworld.com\\\/#organization\",\"name\":\"My Moments\",\"url\":\"https:\\\/\\\/www.mymomentsworld.com\\\/\",\"logo\":{\"@type\":\"ImageObject\",\"inLanguage\":\"pl-PL\",\"@id\":\"https:\\\/\\\/www.mymomentsworld.com\\\/#\\\/schema\\\/logo\\\/image\\\/\",\"url\":\"https:\\\/\\\/www.mymomentsworld.com\\\/wp-content\\\/uploads\\\/2025\\\/07\\\/cropped-logo-transparent.png\",\"contentUrl\":\"https:\\\/\\\/www.mymomentsworld.com\\\/wp-content\\\/uploads\\\/2025\\\/07\\\/cropped-logo-transparent.png\",\"width\":1024,\"height\":590,\"caption\":\"My Moments\"},\"image\":{\"@id\":\"https:\\\/\\\/www.mymomentsworld.com\\\/#\\\/schema\\\/logo\\\/image\\\/\"},\"sameAs\":[\"https:\\\/\\\/www.facebook.com\\\/mymomentsworld\\\/\",\"https:\\\/\\\/www.instagram.com\\\/mymomentsworld\\\/\",\"https:\\\/\\\/pinterest.com\\\/MyMomentsWorld\\\/\"]}]}<\/script>\n<!-- \/ Yoast SEO plugin. -->","yoast_head_json":{"title":"Ro\u017cek niemowl\u0119cy Cherry | My Moments - Produkty dla niemowl\u0105t, dzieci i rodzic\u00f3w","robots":{"index":"index","follow":"follow","max-snippet":"max-snippet:-1","max-image-preview":"max-image-preview:large","max-video-preview":"max-video-preview:-1"},"canonical":"https:\/\/www.mymomentsworld.com\/pl\/sklep\/rozek-niemowlecy-cherry\/","og_locale":"pl_PL","og_type":"article","og_title":"Ro\u017cek niemowl\u0119cy Cherry | My Moments - Produkty dla niemowl\u0105t, dzieci i rodzic\u00f3w","og_description":"Nasz\u00a0ro\u017cek\u00a0niemowl\u0119cy\u00a0wykonany z najwy\u017cszej jako\u015bci materia\u0142\u00f3w, zapewnia nie tylko wygod\u0119, ale tak\u017ce zdrowy i komfortowy sen. Mi\u0119kka bawe\u0142na delikatna dla sk\u00f3ry [&hellip;]","og_url":"https:\/\/www.mymomentsworld.com\/pl\/sklep\/rozek-niemowlecy-cherry\/","og_site_name":"My Moments","article_publisher":"https:\/\/www.facebook.com\/mymomentsworld\/","article_modified_time":"2026-03-29T17:35:37+00:00","og_image":[{"width":800,"height":800,"url":"https:\/\/www.mymomentsworld.com\/wp-content\/uploads\/2025\/06\/Rozek-Niemowlecy-Kratka-Cherry-.jpg","type":"image\/jpeg"}],"twitter_card":"summary_large_image","twitter_misc":{"Szacowany czas czytania":"2 minuty"},"schema":{"@context":"https:\/\/schema.org","@graph":[{"@type":"WebPage","@id":"https:\/\/www.mymomentsworld.com\/sklep\/rozek-niemowlecy-cherry\/","url":"https:\/\/www.mymomentsworld.com\/sklep\/rozek-niemowlecy-cherry\/","name":"Ro\u017cek niemowl\u0119cy Cherry | My Moments - Produkty dla niemowl\u0105t, dzieci i rodzic\u00f3w","isPartOf":{"@id":"https:\/\/www.mymomentsworld.com\/#website"},"primaryImageOfPage":{"@id":"https:\/\/www.mymomentsworld.com\/sklep\/rozek-niemowlecy-cherry\/#primaryimage"},"image":{"@id":"https:\/\/www.mymomentsworld.com\/sklep\/rozek-niemowlecy-cherry\/#primaryimage"},"thumbnailUrl":"https:\/\/www.mymomentsworld.com\/wp-content\/uploads\/2025\/06\/Rozek-Niemowlecy-Kratka-Cherry-.jpg","datePublished":"2025-06-23T16:40:40+00:00","dateModified":"2026-03-29T17:35:37+00:00","breadcrumb":{"@id":"https:\/\/www.mymomentsworld.com\/sklep\/rozek-niemowlecy-cherry\/#breadcrumb"},"inLanguage":"pl-PL","potentialAction":[{"@type":"ReadAction","target":["https:\/\/www.mymomentsworld.com\/sklep\/rozek-niemowlecy-cherry\/"]}]},{"@type":"ImageObject","inLanguage":"pl-PL","@id":"https:\/\/www.mymomentsworld.com\/sklep\/rozek-niemowlecy-cherry\/#primaryimage","url":"https:\/\/www.mymomentsworld.com\/wp-content\/uploads\/2025\/06\/Rozek-Niemowlecy-Kratka-Cherry-.jpg","contentUrl":"https:\/\/www.mymomentsworld.com\/wp-content\/uploads\/2025\/06\/Rozek-Niemowlecy-Kratka-Cherry-.jpg","width":800,"height":800},{"@type":"BreadcrumbList","@id":"https:\/\/www.mymomentsworld.com\/sklep\/rozek-niemowlecy-cherry\/#breadcrumb","itemListElement":[{"@type":"ListItem","position":1,"name":"Strona g\u0142\u00f3wna","item":"https:\/\/www.mymomentsworld.com\/"},{"@type":"ListItem","position":2,"name":"Produkty","item":"https:\/\/www.mymomentsworld.com\/sklep\/"},{"@type":"ListItem","position":3,"name":"Ro\u017cek niemowl\u0119cy Cherry"}]},{"@type":"WebSite","@id":"https:\/\/www.mymomentsworld.com\/#website","url":"https:\/\/www.mymomentsworld.com\/","name":"My Moments","description":"Produkty dla niemowl\u0105t, dzieci i rodzic\u00f3w","publisher":{"@id":"https:\/\/www.mymomentsworld.com\/#organization"},"potentialAction":[{"@type":"SearchAction","target":{"@type":"EntryPoint","urlTemplate":"https:\/\/www.mymomentsworld.com\/?s={search_term_string}"},"query-input":{"@type":"PropertyValueSpecification","valueRequired":true,"valueName":"search_term_string"}}],"inLanguage":"pl-PL"},{"@type":"Organization","@id":"https:\/\/www.mymomentsworld.com\/#organization","name":"My Moments","url":"https:\/\/www.mymomentsworld.com\/","logo":{"@type":"ImageObject","inLanguage":"pl-PL","@id":"https:\/\/www.mymomentsworld.com\/#\/schema\/logo\/image\/","url":"https:\/\/www.mymomentsworld.com\/wp-content\/uploads\/2025\/07\/cropped-logo-transparent.png","contentUrl":"https:\/\/www.mymomentsworld.com\/wp-content\/uploads\/2025\/07\/cropped-logo-transparent.png","width":1024,"height":590,"caption":"My Moments"},"image":{"@id":"https:\/\/www.mymomentsworld.com\/#\/schema\/logo\/image\/"},"sameAs":["https:\/\/www.facebook.com\/mymomentsworld\/","https:\/\/www.instagram.com\/mymomentsworld\/","https:\/\/pinterest.com\/MyMomentsWorld\/"]}]}},"_links":{"self":[{"href":"https:\/\/www.mymomentsworld.com\/pl\/wp-json\/wp\/v2\/product\/1911","targetHints":{"allow":["GET"]}}],"collection":[{"href":"https:\/\/www.mymomentsworld.com\/pl\/wp-json\/wp\/v2\/product"}],"about":[{"href":"https:\/\/www.mymomentsworld.com\/pl\/wp-json\/wp\/v2\/types\/product"}],"replies":[{"embeddable":true,"href":"https:\/\/www.mymomentsworld.com\/pl\/wp-json\/wp\/v2\/comments?post=1911"}],"wp:featuredmedia":[{"embeddable":true,"href":"https:\/\/www.mymomentsworld.com\/pl\/wp-json\/wp\/v2\/media\/1918"}],"wp:attachment":[{"href":"https:\/\/www.mymomentsworld.com\/pl\/wp-json\/wp\/v2\/media?parent=1911"}],"wp:term":[{"taxonomy":"product_brand","embeddable":true,"href":"https:\/\/www.mymomentsworld.com\/pl\/wp-json\/wp\/v2\/product_brand?post=1911"},{"taxonomy":"product_cat","embeddable":true,"href":"https:\/\/www.mymomentsworld.com\/pl\/wp-json\/wp\/v2\/product_cat?post=1911"},{"taxonomy":"product_tag","embeddable":true,"href":"https:\/\/www.mymomentsworld.com\/pl\/wp-json\/wp\/v2\/product_tag?post=1911"}],"curies":[{"name":"wp","href":"https:\/\/api.w.org\/{rel}","templated":true}]}}