{"id":1965,"date":"2025-06-24T18:57:26","date_gmt":"2025-06-24T18:57:26","guid":{"rendered":"http:\/\/www.mymomentsworld.com.jakub-belau.pl\/?post_type=product&#038;p=1965"},"modified":"2026-04-10T12:51:20","modified_gmt":"2026-04-10T11:51:20","slug":"sukienka-dziecieca-z-krotkim-rekawem-dusty-rose","status":"publish","type":"product","link":"https:\/\/www.mymomentsworld.com\/pl\/sklep\/sukienka-dziecieca-z-krotkim-rekawem-dusty-rose\/","title":{"rendered":"Sukienka dzieci\u0119ca z kr\u00f3tkim r\u0119kawem Dusty rose"},"content":{"rendered":"<p><strong>Sukienka dzianinowa<\/strong> z kr\u00f3tkim r\u0119kawem, idealna na lato dla niemowl\u0105t i ma\u0142ych dzieci. Posiada antyalergiczne napy na ramionach, u\u0142atwiaj\u0105ce ubieranie sukienki przez g\u0142ow\u0119.<\/p>\n<p>Sukienka idealna na codzie\u0144 i rodzinne uroczysto\u015bci. Sukienki dzieci\u0119ce znajduj\u0105ce si\u0119 w ofercie naszego sklepu wykonane s\u0105 z najlepszej jako\u015bciowo certyfikowanej dzianiny. Materia\u0142 jest wyj\u0105tkowo mi\u0142y w dotyku, przyjemny dla sk\u00f3ry, naturalny, a przy tym wystarczaj\u0105co spr\u0119\u017cysty i elastyczny. Zalet\u0105 materia\u0142u typu interlock jest jej precyzyjne dopasowywanie si\u0119 do sylwetki, otula ona cia\u0142o jak druga sk\u00f3ra Do zestawu polecamy <strong>opaski dla dzieci.<\/strong><\/p>\n<p>Materia\u0142: 100 % bawe\u0142na interlock<\/p>\n<p>Produkt szyty w naszej pracowni, z najwy\u017csz\u0105 dok\u0142adno\u015bci\u0105 i z wykorzystaniem najlepszych jako\u015bciowo materia\u0142\u00f3w od Polskich producent\u00f3w.<\/p>\n<p>Zadbaj o produkty tak, aby zosta\u0142y z Tob\u0105 jak najd\u0142u\u017cej:<\/p>\n<ul>\n<li>Pra\u0107 w pralce, w temperaturze 30\u00b0C, program delikatny \u2013 obroty max 800.<\/li>\n<li>Nie suszy\u0107 w suszarce b\u0119bnowej.<\/li>\n<li>Nie stosowa\u0107 wybielaczy.<\/li>\n<li>Nie pra\u0107 z szorstkimi, ostrymi elementami mog\u0105cymi zaci\u0105ga\u0107 tkanin\u0119.<\/li>\n<li>Prasowa\u0107 maksymaln\u0105 temperatur\u0105 110\u00b0C.<\/li>\n<li>W wyniku u\u017cytkowania, cz\u0119stego prania i wystawiania na dzia\u0142anie promieni s\u0142onecznych produkty mog\u0105 ulec naturalnemu zu\u017cyciu \u2013 kolory mog\u0105 straci\u0107 intensywno\u015b\u0107. <em>Tego typu zu\u017cycie nie stanowi podstawy do reklamacji.\u00a0<\/em><\/li>\n<\/ul>\n","protected":false},"excerpt":{"rendered":"<p>Sukienka dzianinowa z kr\u00f3tkim r\u0119kawem, idealna na lato dla niemowl\u0105t i ma\u0142ych dzieci. Posiada antyalergiczne napy na ramionach, u\u0142atwiaj\u0105ce ubieranie [&hellip;]<\/p>\n","protected":false},"featured_media":1972,"comment_status":"open","ping_status":"closed","template":"","meta":{"site-sidebar-layout":"default","site-content-layout":"","ast-site-content-layout":"default","site-content-style":"default","site-sidebar-style":"default","ast-global-header-display":"","ast-banner-title-visibility":"","ast-main-header-display":"","ast-hfb-above-header-display":"","ast-hfb-below-header-display":"","ast-hfb-mobile-header-display":"","site-post-title":"","ast-breadcrumbs-content":"","ast-featured-img":"","footer-sml-layout":"","ast-disable-related-posts":"","theme-transparent-header-meta":"default","adv-header-id-meta":"","stick-header-meta":"","header-above-stick-meta":"","header-main-stick-meta":"","header-below-stick-meta":"","astra-migrate-meta-layouts":"set","ast-page-background-enabled":"default","ast-page-background-meta":{"desktop":{"background-color":"var(--ast-global-color-5)","background-image":"","background-repeat":"repeat","background-position":"center center","background-size":"auto","background-attachment":"scroll","background-type":"","background-media":"","overlay-type":"","overlay-color":"","overlay-opacity":"","overlay-gradient":""},"tablet":{"background-color":"","background-image":"","background-repeat":"repeat","background-position":"center center","background-size":"auto","background-attachment":"scroll","background-type":"","background-media":"","overlay-type":"","overlay-color":"","overlay-opacity":"","overlay-gradient":""},"mobile":{"background-color":"","background-image":"","background-repeat":"repeat","background-position":"center center","background-size":"auto","background-attachment":"scroll","background-type":"","background-media":"","overlay-type":"","overlay-color":"","overlay-opacity":"","overlay-gradient":""}},"ast-content-background-meta":{"desktop":{"background-color":"var(--ast-global-color-4)","background-image":"","background-repeat":"repeat","background-position":"center center","background-size":"auto","background-attachment":"scroll","background-type":"","background-media":"","overlay-type":"","overlay-color":"","overlay-opacity":"","overlay-gradient":""},"tablet":{"background-color":"var(--ast-global-color-4)","background-image":"","background-repeat":"repeat","background-position":"center center","background-size":"auto","background-attachment":"scroll","background-type":"","background-media":"","overlay-type":"","overlay-color":"","overlay-opacity":"","overlay-gradient":""},"mobile":{"background-color":"var(--ast-global-color-4)","background-image":"","background-repeat":"repeat","background-position":"center center","background-size":"auto","background-attachment":"scroll","background-type":"","background-media":"","overlay-type":"","overlay-color":"","overlay-opacity":"","overlay-gradient":""}}},"product_brand":[21],"product_cat":[19,17],"product_tag":[],"class_list":{"0":"post-1965","1":"product","2":"type-product","3":"status-publish","4":"has-post-thumbnail","6":"product_brand-my-moments","7":"product_cat-sukienki-dzieciece-z-krotkim-rekawem","8":"product_cat-ubranka-i-dodatki-dla-dzieci","9":"pa_kolekcja-dusty-rose","10":"desktop-align-left","11":"tablet-align-left","12":"mobile-align-left","14":"first","15":"instock","16":"taxable","17":"shipping-taxable","18":"purchasable","19":"product-type-variable"},"yoast_head":"<!-- This site is optimized with the Yoast SEO plugin v27.3 - https:\/\/yoast.com\/product\/yoast-seo-wordpress\/ -->\n<title>Sukienka dzieci\u0119ca z kr\u00f3tkim r\u0119kawem Dusty rose | My Moments - Produkty dla niemowl\u0105t, dzieci i rodzic\u00f3w<\/title>\n<meta name=\"robots\" content=\"index, follow, max-snippet:-1, max-image-preview:large, max-video-preview:-1\" \/>\n<link rel=\"canonical\" href=\"https:\/\/www.mymomentsworld.com\/pl\/sklep\/sukienka-dziecieca-z-krotkim-rekawem-dusty-rose\/\" \/>\n<meta property=\"og:locale\" content=\"pl_PL\" \/>\n<meta property=\"og:type\" content=\"article\" \/>\n<meta property=\"og:title\" content=\"Sukienka dzieci\u0119ca z kr\u00f3tkim r\u0119kawem Dusty rose | My Moments - Produkty dla niemowl\u0105t, dzieci i rodzic\u00f3w\" \/>\n<meta property=\"og:description\" content=\"Sukienka dzianinowa z kr\u00f3tkim r\u0119kawem, idealna na lato dla niemowl\u0105t i ma\u0142ych dzieci. Posiada antyalergiczne napy na ramionach, u\u0142atwiaj\u0105ce ubieranie [&hellip;]\" \/>\n<meta property=\"og:url\" content=\"https:\/\/www.mymomentsworld.com\/pl\/sklep\/sukienka-dziecieca-z-krotkim-rekawem-dusty-rose\/\" \/>\n<meta property=\"og:site_name\" content=\"My Moments\" \/>\n<meta property=\"article:publisher\" content=\"https:\/\/www.facebook.com\/mymomentsworld\/\" \/>\n<meta property=\"article:modified_time\" content=\"2026-04-10T11:51:20+00:00\" \/>\n<meta property=\"og:image\" content=\"https:\/\/www.mymomentsworld.com\/wp-content\/uploads\/2025\/06\/sukienka-krotki-rekaw-roz.jpeg\" \/>\n\t<meta property=\"og:image:width\" content=\"800\" \/>\n\t<meta property=\"og:image:height\" content=\"800\" \/>\n\t<meta property=\"og:image:type\" content=\"image\/jpeg\" \/>\n<meta name=\"twitter:card\" content=\"summary_large_image\" \/>\n<meta name=\"twitter:label1\" content=\"Szacowany czas czytania\" \/>\n\t<meta name=\"twitter:data1\" content=\"2 minuty\" \/>\n<script type=\"application\/ld+json\" class=\"yoast-schema-graph\">{\"@context\":\"https:\\\/\\\/schema.org\",\"@graph\":[{\"@type\":\"WebPage\",\"@id\":\"https:\\\/\\\/www.mymomentsworld.com\\\/sklep\\\/sukienka-dziecieca-z-krotkim-rekawem-dusty-rose\\\/\",\"url\":\"https:\\\/\\\/www.mymomentsworld.com\\\/sklep\\\/sukienka-dziecieca-z-krotkim-rekawem-dusty-rose\\\/\",\"name\":\"Sukienka dzieci\u0119ca z kr\u00f3tkim r\u0119kawem Dusty rose | My Moments - Produkty dla niemowl\u0105t, dzieci i rodzic\u00f3w\",\"isPartOf\":{\"@id\":\"https:\\\/\\\/www.mymomentsworld.com\\\/#website\"},\"primaryImageOfPage\":{\"@id\":\"https:\\\/\\\/www.mymomentsworld.com\\\/sklep\\\/sukienka-dziecieca-z-krotkim-rekawem-dusty-rose\\\/#primaryimage\"},\"image\":{\"@id\":\"https:\\\/\\\/www.mymomentsworld.com\\\/sklep\\\/sukienka-dziecieca-z-krotkim-rekawem-dusty-rose\\\/#primaryimage\"},\"thumbnailUrl\":\"https:\\\/\\\/www.mymomentsworld.com\\\/wp-content\\\/uploads\\\/2025\\\/06\\\/sukienka-krotki-rekaw-roz.jpeg\",\"datePublished\":\"2025-06-24T18:57:26+00:00\",\"dateModified\":\"2026-04-10T11:51:20+00:00\",\"breadcrumb\":{\"@id\":\"https:\\\/\\\/www.mymomentsworld.com\\\/sklep\\\/sukienka-dziecieca-z-krotkim-rekawem-dusty-rose\\\/#breadcrumb\"},\"inLanguage\":\"pl-PL\",\"potentialAction\":[{\"@type\":\"ReadAction\",\"target\":[\"https:\\\/\\\/www.mymomentsworld.com\\\/sklep\\\/sukienka-dziecieca-z-krotkim-rekawem-dusty-rose\\\/\"]}]},{\"@type\":\"ImageObject\",\"inLanguage\":\"pl-PL\",\"@id\":\"https:\\\/\\\/www.mymomentsworld.com\\\/sklep\\\/sukienka-dziecieca-z-krotkim-rekawem-dusty-rose\\\/#primaryimage\",\"url\":\"https:\\\/\\\/www.mymomentsworld.com\\\/wp-content\\\/uploads\\\/2025\\\/06\\\/sukienka-krotki-rekaw-roz.jpeg\",\"contentUrl\":\"https:\\\/\\\/www.mymomentsworld.com\\\/wp-content\\\/uploads\\\/2025\\\/06\\\/sukienka-krotki-rekaw-roz.jpeg\",\"width\":800,\"height\":800},{\"@type\":\"BreadcrumbList\",\"@id\":\"https:\\\/\\\/www.mymomentsworld.com\\\/sklep\\\/sukienka-dziecieca-z-krotkim-rekawem-dusty-rose\\\/#breadcrumb\",\"itemListElement\":[{\"@type\":\"ListItem\",\"position\":1,\"name\":\"Strona g\u0142\u00f3wna\",\"item\":\"https:\\\/\\\/www.mymomentsworld.com\\\/\"},{\"@type\":\"ListItem\",\"position\":2,\"name\":\"Produkty\",\"item\":\"https:\\\/\\\/www.mymomentsworld.com\\\/sklep\\\/\"},{\"@type\":\"ListItem\",\"position\":3,\"name\":\"Sukienka dzieci\u0119ca z kr\u00f3tkim r\u0119kawem Dusty rose\"}]},{\"@type\":\"WebSite\",\"@id\":\"https:\\\/\\\/www.mymomentsworld.com\\\/#website\",\"url\":\"https:\\\/\\\/www.mymomentsworld.com\\\/\",\"name\":\"My Moments\",\"description\":\"Produkty dla niemowl\u0105t, dzieci i rodzic\u00f3w\",\"publisher\":{\"@id\":\"https:\\\/\\\/www.mymomentsworld.com\\\/#organization\"},\"potentialAction\":[{\"@type\":\"SearchAction\",\"target\":{\"@type\":\"EntryPoint\",\"urlTemplate\":\"https:\\\/\\\/www.mymomentsworld.com\\\/?s={search_term_string}\"},\"query-input\":{\"@type\":\"PropertyValueSpecification\",\"valueRequired\":true,\"valueName\":\"search_term_string\"}}],\"inLanguage\":\"pl-PL\"},{\"@type\":\"Organization\",\"@id\":\"https:\\\/\\\/www.mymomentsworld.com\\\/#organization\",\"name\":\"My Moments\",\"url\":\"https:\\\/\\\/www.mymomentsworld.com\\\/\",\"logo\":{\"@type\":\"ImageObject\",\"inLanguage\":\"pl-PL\",\"@id\":\"https:\\\/\\\/www.mymomentsworld.com\\\/#\\\/schema\\\/logo\\\/image\\\/\",\"url\":\"https:\\\/\\\/www.mymomentsworld.com\\\/wp-content\\\/uploads\\\/2025\\\/07\\\/cropped-logo-transparent.png\",\"contentUrl\":\"https:\\\/\\\/www.mymomentsworld.com\\\/wp-content\\\/uploads\\\/2025\\\/07\\\/cropped-logo-transparent.png\",\"width\":1024,\"height\":590,\"caption\":\"My Moments\"},\"image\":{\"@id\":\"https:\\\/\\\/www.mymomentsworld.com\\\/#\\\/schema\\\/logo\\\/image\\\/\"},\"sameAs\":[\"https:\\\/\\\/www.facebook.com\\\/mymomentsworld\\\/\",\"https:\\\/\\\/www.instagram.com\\\/mymomentsworld\\\/\",\"https:\\\/\\\/pinterest.com\\\/MyMomentsWorld\\\/\"]}]}<\/script>\n<!-- \/ Yoast SEO plugin. -->","yoast_head_json":{"title":"Sukienka dzieci\u0119ca z kr\u00f3tkim r\u0119kawem Dusty rose | My Moments - Produkty dla niemowl\u0105t, dzieci i rodzic\u00f3w","robots":{"index":"index","follow":"follow","max-snippet":"max-snippet:-1","max-image-preview":"max-image-preview:large","max-video-preview":"max-video-preview:-1"},"canonical":"https:\/\/www.mymomentsworld.com\/pl\/sklep\/sukienka-dziecieca-z-krotkim-rekawem-dusty-rose\/","og_locale":"pl_PL","og_type":"article","og_title":"Sukienka dzieci\u0119ca z kr\u00f3tkim r\u0119kawem Dusty rose | My Moments - Produkty dla niemowl\u0105t, dzieci i rodzic\u00f3w","og_description":"Sukienka dzianinowa z kr\u00f3tkim r\u0119kawem, idealna na lato dla niemowl\u0105t i ma\u0142ych dzieci. Posiada antyalergiczne napy na ramionach, u\u0142atwiaj\u0105ce ubieranie [&hellip;]","og_url":"https:\/\/www.mymomentsworld.com\/pl\/sklep\/sukienka-dziecieca-z-krotkim-rekawem-dusty-rose\/","og_site_name":"My Moments","article_publisher":"https:\/\/www.facebook.com\/mymomentsworld\/","article_modified_time":"2026-04-10T11:51:20+00:00","og_image":[{"width":800,"height":800,"url":"https:\/\/www.mymomentsworld.com\/wp-content\/uploads\/2025\/06\/sukienka-krotki-rekaw-roz.jpeg","type":"image\/jpeg"}],"twitter_card":"summary_large_image","twitter_misc":{"Szacowany czas czytania":"2 minuty"},"schema":{"@context":"https:\/\/schema.org","@graph":[{"@type":"WebPage","@id":"https:\/\/www.mymomentsworld.com\/sklep\/sukienka-dziecieca-z-krotkim-rekawem-dusty-rose\/","url":"https:\/\/www.mymomentsworld.com\/sklep\/sukienka-dziecieca-z-krotkim-rekawem-dusty-rose\/","name":"Sukienka dzieci\u0119ca z kr\u00f3tkim r\u0119kawem Dusty rose | My Moments - Produkty dla niemowl\u0105t, dzieci i rodzic\u00f3w","isPartOf":{"@id":"https:\/\/www.mymomentsworld.com\/#website"},"primaryImageOfPage":{"@id":"https:\/\/www.mymomentsworld.com\/sklep\/sukienka-dziecieca-z-krotkim-rekawem-dusty-rose\/#primaryimage"},"image":{"@id":"https:\/\/www.mymomentsworld.com\/sklep\/sukienka-dziecieca-z-krotkim-rekawem-dusty-rose\/#primaryimage"},"thumbnailUrl":"https:\/\/www.mymomentsworld.com\/wp-content\/uploads\/2025\/06\/sukienka-krotki-rekaw-roz.jpeg","datePublished":"2025-06-24T18:57:26+00:00","dateModified":"2026-04-10T11:51:20+00:00","breadcrumb":{"@id":"https:\/\/www.mymomentsworld.com\/sklep\/sukienka-dziecieca-z-krotkim-rekawem-dusty-rose\/#breadcrumb"},"inLanguage":"pl-PL","potentialAction":[{"@type":"ReadAction","target":["https:\/\/www.mymomentsworld.com\/sklep\/sukienka-dziecieca-z-krotkim-rekawem-dusty-rose\/"]}]},{"@type":"ImageObject","inLanguage":"pl-PL","@id":"https:\/\/www.mymomentsworld.com\/sklep\/sukienka-dziecieca-z-krotkim-rekawem-dusty-rose\/#primaryimage","url":"https:\/\/www.mymomentsworld.com\/wp-content\/uploads\/2025\/06\/sukienka-krotki-rekaw-roz.jpeg","contentUrl":"https:\/\/www.mymomentsworld.com\/wp-content\/uploads\/2025\/06\/sukienka-krotki-rekaw-roz.jpeg","width":800,"height":800},{"@type":"BreadcrumbList","@id":"https:\/\/www.mymomentsworld.com\/sklep\/sukienka-dziecieca-z-krotkim-rekawem-dusty-rose\/#breadcrumb","itemListElement":[{"@type":"ListItem","position":1,"name":"Strona g\u0142\u00f3wna","item":"https:\/\/www.mymomentsworld.com\/"},{"@type":"ListItem","position":2,"name":"Produkty","item":"https:\/\/www.mymomentsworld.com\/sklep\/"},{"@type":"ListItem","position":3,"name":"Sukienka dzieci\u0119ca z kr\u00f3tkim r\u0119kawem Dusty rose"}]},{"@type":"WebSite","@id":"https:\/\/www.mymomentsworld.com\/#website","url":"https:\/\/www.mymomentsworld.com\/","name":"My Moments","description":"Produkty dla niemowl\u0105t, dzieci i rodzic\u00f3w","publisher":{"@id":"https:\/\/www.mymomentsworld.com\/#organization"},"potentialAction":[{"@type":"SearchAction","target":{"@type":"EntryPoint","urlTemplate":"https:\/\/www.mymomentsworld.com\/?s={search_term_string}"},"query-input":{"@type":"PropertyValueSpecification","valueRequired":true,"valueName":"search_term_string"}}],"inLanguage":"pl-PL"},{"@type":"Organization","@id":"https:\/\/www.mymomentsworld.com\/#organization","name":"My Moments","url":"https:\/\/www.mymomentsworld.com\/","logo":{"@type":"ImageObject","inLanguage":"pl-PL","@id":"https:\/\/www.mymomentsworld.com\/#\/schema\/logo\/image\/","url":"https:\/\/www.mymomentsworld.com\/wp-content\/uploads\/2025\/07\/cropped-logo-transparent.png","contentUrl":"https:\/\/www.mymomentsworld.com\/wp-content\/uploads\/2025\/07\/cropped-logo-transparent.png","width":1024,"height":590,"caption":"My Moments"},"image":{"@id":"https:\/\/www.mymomentsworld.com\/#\/schema\/logo\/image\/"},"sameAs":["https:\/\/www.facebook.com\/mymomentsworld\/","https:\/\/www.instagram.com\/mymomentsworld\/","https:\/\/pinterest.com\/MyMomentsWorld\/"]}]}},"_links":{"self":[{"href":"https:\/\/www.mymomentsworld.com\/pl\/wp-json\/wp\/v2\/product\/1965","targetHints":{"allow":["GET"]}}],"collection":[{"href":"https:\/\/www.mymomentsworld.com\/pl\/wp-json\/wp\/v2\/product"}],"about":[{"href":"https:\/\/www.mymomentsworld.com\/pl\/wp-json\/wp\/v2\/types\/product"}],"replies":[{"embeddable":true,"href":"https:\/\/www.mymomentsworld.com\/pl\/wp-json\/wp\/v2\/comments?post=1965"}],"wp:featuredmedia":[{"embeddable":true,"href":"https:\/\/www.mymomentsworld.com\/pl\/wp-json\/wp\/v2\/media\/1972"}],"wp:attachment":[{"href":"https:\/\/www.mymomentsworld.com\/pl\/wp-json\/wp\/v2\/media?parent=1965"}],"wp:term":[{"taxonomy":"product_brand","embeddable":true,"href":"https:\/\/www.mymomentsworld.com\/pl\/wp-json\/wp\/v2\/product_brand?post=1965"},{"taxonomy":"product_cat","embeddable":true,"href":"https:\/\/www.mymomentsworld.com\/pl\/wp-json\/wp\/v2\/product_cat?post=1965"},{"taxonomy":"product_tag","embeddable":true,"href":"https:\/\/www.mymomentsworld.com\/pl\/wp-json\/wp\/v2\/product_tag?post=1965"}],"curies":[{"name":"wp","href":"https:\/\/api.w.org\/{rel}","templated":true}]}}