{"id":2342,"date":"2025-07-01T19:18:22","date_gmt":"2025-07-01T19:18:22","guid":{"rendered":"http:\/\/www.mymomentsworld.com.jakub-belau.pl\/?post_type=product&#038;p=2342"},"modified":"2026-03-29T18:35:35","modified_gmt":"2026-03-29T17:35:35","slug":"bambusowa-chustka-z-daszkiem-cherry","status":"publish","type":"product","link":"https:\/\/www.mymomentsworld.com\/pl\/sklep\/bambusowa-chustka-z-daszkiem-cherry\/","title":{"rendered":"Bambusowa chustka z daszkiem Cherry"},"content":{"rendered":"<p>Uniwersalna<strong> chustka z daszkiem<\/strong>, kt\u00f3ra ro\u015bnie razem z Twoim dzieckiem. Dzi\u0119ki supe\u0142kowym wi\u0105zaniom z ty\u0142u oraz u g\u00f3ry chustka ma spor\u0105 mo\u017cliwo\u015b\u0107 regulacji. Odpowiednia dla dzieci w wieku od 3 miesi\u0105cy \u00a0do 4 lat. Idealna dla maluszk\u00f3w do ochrony przed s\u0142o\u0144cem lub wiatrem. Uszyta w 100% tkaniny bambusowej, dzi\u0119ki czemu doskonale sprawdzi si\u0119 latem. Daszek mo\u017cna podnie\u015b\u0107 lekko do g\u00f3ry lub zostawi\u0107 na p\u0142asko w zale\u017cno\u015bci od potrzeb.<\/p>\n<p>Nasza\u00a0<strong>dzieci\u0119ca chustka z daszkiem<\/strong> to doskona\u0142y wyb\u00f3r dla rodzic\u00f3w, kt\u00f3rzy ceni\u0105 sobie najwy\u017csz\u0105 jako\u015b\u0107, komfort i ekologiczn\u0105 odpowiedzialno\u015b\u0107.<\/p>\n<p>Materia\u0142:<\/p>\n<ul>\n<li>100% bambus. Tkanina mi\u0119ciutka\u00a0i delikatna dla wra\u017cliwej sk\u00f3ry dzieci.\u00a0Produkt szyty r\u0119cznie w naszej pracowni, z najwy\u017csz\u0105 dok\u0142adno\u015bci\u0105 i z wykorzystaniem najlepszych jako\u015bciowo materia\u0142\u00f3w.<\/li>\n<\/ul>\n<p>Zadbaj o produkty tak, aby zosta\u0142y z Tob\u0105 jak najd\u0142u\u017cej:<\/p>\n<ul>\n<li>Pra\u0107 w pralce, w temperaturze 30\u00b0C, program delikatny \u2013 obroty max 800.<\/li>\n<li>Nie suszy\u0107 w suszarce b\u0119bnowej.<\/li>\n<li>Nie stosowa\u0107 wybielaczy.<\/li>\n<li>Nie pra\u0107 z szorstkimi, ostrymi elementami mog\u0105cymi zaci\u0105ga\u0107 tkanin\u0119.<\/li>\n<li>Prasowa\u0107 maksymaln\u0105 temperatur\u0105 110\u00b0C.<\/li>\n<li>W wyniku u\u017cytkowania, cz\u0119stego prania i wystawiania na dzia\u0142anie promieni s\u0142onecznych produkty mog\u0105 ulec naturalnemu zu\u017cyciu \u2013 kolory mog\u0105 straci\u0107 intensywno\u015b\u0107. <em>Tego typu zu\u017cycie nie stanowi podstawy do reklamacji.\u00a0<\/em><\/li>\n<li>Zmechacenia materia\u0142u usuwa\u0107 tylko golark\u0105 do ubra\u0144, <em>nie u\u017cywa\u0107 maszynek jednorazowych.<\/em><\/li>\n<\/ul>\n","protected":false},"excerpt":{"rendered":"<p>Uniwersalna chustka z daszkiem, kt\u00f3ra ro\u015bnie razem z Twoim dzieckiem. Dzi\u0119ki supe\u0142kowym wi\u0105zaniom z ty\u0142u oraz u g\u00f3ry chustka ma [&hellip;]<\/p>\n","protected":false},"featured_media":2922,"comment_status":"open","ping_status":"closed","template":"","meta":{"site-sidebar-layout":"default","site-content-layout":"","ast-site-content-layout":"default","site-content-style":"default","site-sidebar-style":"default","ast-global-header-display":"","ast-banner-title-visibility":"","ast-main-header-display":"","ast-hfb-above-header-display":"","ast-hfb-below-header-display":"","ast-hfb-mobile-header-display":"","site-post-title":"","ast-breadcrumbs-content":"","ast-featured-img":"","footer-sml-layout":"","ast-disable-related-posts":"","theme-transparent-header-meta":"default","adv-header-id-meta":"","stick-header-meta":"","header-above-stick-meta":"","header-main-stick-meta":"","header-below-stick-meta":"","astra-migrate-meta-layouts":"set","ast-page-background-enabled":"default","ast-page-background-meta":{"desktop":{"background-color":"var(--ast-global-color-5)","background-image":"","background-repeat":"repeat","background-position":"center center","background-size":"auto","background-attachment":"scroll","background-type":"","background-media":"","overlay-type":"","overlay-color":"","overlay-opacity":"","overlay-gradient":""},"tablet":{"background-color":"","background-image":"","background-repeat":"repeat","background-position":"center center","background-size":"auto","background-attachment":"scroll","background-type":"","background-media":"","overlay-type":"","overlay-color":"","overlay-opacity":"","overlay-gradient":""},"mobile":{"background-color":"","background-image":"","background-repeat":"repeat","background-position":"center center","background-size":"auto","background-attachment":"scroll","background-type":"","background-media":"","overlay-type":"","overlay-color":"","overlay-opacity":"","overlay-gradient":""}},"ast-content-background-meta":{"desktop":{"background-color":"var(--ast-global-color-4)","background-image":"","background-repeat":"repeat","background-position":"center center","background-size":"auto","background-attachment":"scroll","background-type":"","background-media":"","overlay-type":"","overlay-color":"","overlay-opacity":"","overlay-gradient":""},"tablet":{"background-color":"var(--ast-global-color-4)","background-image":"","background-repeat":"repeat","background-position":"center center","background-size":"auto","background-attachment":"scroll","background-type":"","background-media":"","overlay-type":"","overlay-color":"","overlay-opacity":"","overlay-gradient":""},"mobile":{"background-color":"var(--ast-global-color-4)","background-image":"","background-repeat":"repeat","background-position":"center center","background-size":"auto","background-attachment":"scroll","background-type":"","background-media":"","overlay-type":"","overlay-color":"","overlay-opacity":"","overlay-gradient":""}}},"product_brand":[21],"product_cat":[39,17],"product_tag":[153,152,154,155],"class_list":{"0":"post-2342","1":"product","2":"type-product","3":"status-publish","4":"has-post-thumbnail","6":"product_brand-my-moments","7":"product_cat-chustki-dzieciece-z-daszkiem","8":"product_cat-ubranka-i-dodatki-dla-dzieci","9":"product_tag-chustka-bambusowa","10":"product_tag-chustka-dziecieca","11":"product_tag-chustka-na-lato","12":"product_tag-chustka-z-daszkiem","13":"pa_kolekcja-cherry","14":"desktop-align-left","15":"tablet-align-left","16":"mobile-align-left","18":"first","19":"instock","20":"purchasable","21":"product-type-simple"},"yoast_head":"<!-- This site is optimized with the Yoast SEO plugin v27.2 - https:\/\/yoast.com\/product\/yoast-seo-wordpress\/ -->\n<title>Bambusowa chustka z daszkiem Cherry | My Moments - Produkty dla niemowl\u0105t, dzieci i rodzic\u00f3w<\/title>\n<meta name=\"robots\" content=\"index, follow, max-snippet:-1, max-image-preview:large, max-video-preview:-1\" \/>\n<link rel=\"canonical\" href=\"https:\/\/www.mymomentsworld.com\/pl\/sklep\/bambusowa-chustka-z-daszkiem-cherry\/\" \/>\n<meta property=\"og:locale\" content=\"pl_PL\" \/>\n<meta property=\"og:type\" content=\"article\" \/>\n<meta property=\"og:title\" content=\"Bambusowa chustka z daszkiem Cherry | My Moments - Produkty dla niemowl\u0105t, dzieci i rodzic\u00f3w\" \/>\n<meta property=\"og:description\" content=\"Uniwersalna chustka z daszkiem, kt\u00f3ra ro\u015bnie razem z Twoim dzieckiem. Dzi\u0119ki supe\u0142kowym wi\u0105zaniom z ty\u0142u oraz u g\u00f3ry chustka ma [&hellip;]\" \/>\n<meta property=\"og:url\" content=\"https:\/\/www.mymomentsworld.com\/pl\/sklep\/bambusowa-chustka-z-daszkiem-cherry\/\" \/>\n<meta property=\"og:site_name\" content=\"My Moments\" \/>\n<meta property=\"article:publisher\" content=\"https:\/\/www.facebook.com\/mymomentsworld\/\" \/>\n<meta property=\"article:modified_time\" content=\"2026-03-29T17:35:35+00:00\" \/>\n<meta property=\"og:image\" content=\"https:\/\/www.mymomentsworld.com\/wp-content\/uploads\/2025\/07\/chustka-cherry.jpeg\" \/>\n\t<meta property=\"og:image:width\" content=\"800\" \/>\n\t<meta property=\"og:image:height\" content=\"800\" \/>\n\t<meta property=\"og:image:type\" content=\"image\/jpeg\" \/>\n<meta name=\"twitter:card\" content=\"summary_large_image\" \/>\n<meta name=\"twitter:label1\" content=\"Szacowany czas czytania\" \/>\n\t<meta name=\"twitter:data1\" content=\"2 minuty\" \/>\n<script type=\"application\/ld+json\" class=\"yoast-schema-graph\">{\"@context\":\"https:\/\/schema.org\",\"@graph\":[{\"@type\":\"WebPage\",\"@id\":\"https:\/\/www.mymomentsworld.com\/sklep\/bambusowa-chustka-z-daszkiem-cherry\/\",\"url\":\"https:\/\/www.mymomentsworld.com\/sklep\/bambusowa-chustka-z-daszkiem-cherry\/\",\"name\":\"Bambusowa chustka z daszkiem Cherry | My Moments - Produkty dla niemowl\u0105t, dzieci i rodzic\u00f3w\",\"isPartOf\":{\"@id\":\"https:\/\/www.mymomentsworld.com\/#website\"},\"primaryImageOfPage\":{\"@id\":\"https:\/\/www.mymomentsworld.com\/sklep\/bambusowa-chustka-z-daszkiem-cherry\/#primaryimage\"},\"image\":{\"@id\":\"https:\/\/www.mymomentsworld.com\/sklep\/bambusowa-chustka-z-daszkiem-cherry\/#primaryimage\"},\"thumbnailUrl\":\"https:\/\/www.mymomentsworld.com\/wp-content\/uploads\/2025\/07\/chustka-cherry.jpeg\",\"datePublished\":\"2025-07-01T19:18:22+00:00\",\"dateModified\":\"2026-03-29T17:35:35+00:00\",\"breadcrumb\":{\"@id\":\"https:\/\/www.mymomentsworld.com\/sklep\/bambusowa-chustka-z-daszkiem-cherry\/#breadcrumb\"},\"inLanguage\":\"pl-PL\",\"potentialAction\":[{\"@type\":\"ReadAction\",\"target\":[\"https:\/\/www.mymomentsworld.com\/sklep\/bambusowa-chustka-z-daszkiem-cherry\/\"]}]},{\"@type\":\"ImageObject\",\"inLanguage\":\"pl-PL\",\"@id\":\"https:\/\/www.mymomentsworld.com\/sklep\/bambusowa-chustka-z-daszkiem-cherry\/#primaryimage\",\"url\":\"https:\/\/www.mymomentsworld.com\/wp-content\/uploads\/2025\/07\/chustka-cherry.jpeg\",\"contentUrl\":\"https:\/\/www.mymomentsworld.com\/wp-content\/uploads\/2025\/07\/chustka-cherry.jpeg\",\"width\":800,\"height\":800},{\"@type\":\"BreadcrumbList\",\"@id\":\"https:\/\/www.mymomentsworld.com\/sklep\/bambusowa-chustka-z-daszkiem-cherry\/#breadcrumb\",\"itemListElement\":[{\"@type\":\"ListItem\",\"position\":1,\"name\":\"Strona g\u0142\u00f3wna\",\"item\":\"https:\/\/www.mymomentsworld.com\/\"},{\"@type\":\"ListItem\",\"position\":2,\"name\":\"Produkty\",\"item\":\"https:\/\/www.mymomentsworld.com\/sklep\/\"},{\"@type\":\"ListItem\",\"position\":3,\"name\":\"Bambusowa chustka z daszkiem Cherry\"}]},{\"@type\":\"WebSite\",\"@id\":\"https:\/\/www.mymomentsworld.com\/#website\",\"url\":\"https:\/\/www.mymomentsworld.com\/\",\"name\":\"My Moments\",\"description\":\"Produkty dla niemowl\u0105t, dzieci i rodzic\u00f3w\",\"publisher\":{\"@id\":\"https:\/\/www.mymomentsworld.com\/#organization\"},\"potentialAction\":[{\"@type\":\"SearchAction\",\"target\":{\"@type\":\"EntryPoint\",\"urlTemplate\":\"https:\/\/www.mymomentsworld.com\/?s={search_term_string}\"},\"query-input\":{\"@type\":\"PropertyValueSpecification\",\"valueRequired\":true,\"valueName\":\"search_term_string\"}}],\"inLanguage\":\"pl-PL\"},{\"@type\":\"Organization\",\"@id\":\"https:\/\/www.mymomentsworld.com\/#organization\",\"name\":\"My Moments\",\"url\":\"https:\/\/www.mymomentsworld.com\/\",\"logo\":{\"@type\":\"ImageObject\",\"inLanguage\":\"pl-PL\",\"@id\":\"https:\/\/www.mymomentsworld.com\/#\/schema\/logo\/image\/\",\"url\":\"https:\/\/www.mymomentsworld.com\/wp-content\/uploads\/2025\/07\/cropped-logo-transparent.png\",\"contentUrl\":\"https:\/\/www.mymomentsworld.com\/wp-content\/uploads\/2025\/07\/cropped-logo-transparent.png\",\"width\":1024,\"height\":590,\"caption\":\"My Moments\"},\"image\":{\"@id\":\"https:\/\/www.mymomentsworld.com\/#\/schema\/logo\/image\/\"},\"sameAs\":[\"https:\/\/www.facebook.com\/mymomentsworld\/\",\"https:\/\/www.instagram.com\/mymomentsworld\/\",\"https:\/\/pinterest.com\/MyMomentsWorld\/\"]}]}<\/script>\n<!-- \/ Yoast SEO plugin. -->","yoast_head_json":{"title":"Bambusowa chustka z daszkiem Cherry | My Moments - Produkty dla niemowl\u0105t, dzieci i rodzic\u00f3w","robots":{"index":"index","follow":"follow","max-snippet":"max-snippet:-1","max-image-preview":"max-image-preview:large","max-video-preview":"max-video-preview:-1"},"canonical":"https:\/\/www.mymomentsworld.com\/pl\/sklep\/bambusowa-chustka-z-daszkiem-cherry\/","og_locale":"pl_PL","og_type":"article","og_title":"Bambusowa chustka z daszkiem Cherry | My Moments - Produkty dla niemowl\u0105t, dzieci i rodzic\u00f3w","og_description":"Uniwersalna chustka z daszkiem, kt\u00f3ra ro\u015bnie razem z Twoim dzieckiem. Dzi\u0119ki supe\u0142kowym wi\u0105zaniom z ty\u0142u oraz u g\u00f3ry chustka ma [&hellip;]","og_url":"https:\/\/www.mymomentsworld.com\/pl\/sklep\/bambusowa-chustka-z-daszkiem-cherry\/","og_site_name":"My Moments","article_publisher":"https:\/\/www.facebook.com\/mymomentsworld\/","article_modified_time":"2026-03-29T17:35:35+00:00","og_image":[{"width":800,"height":800,"url":"https:\/\/www.mymomentsworld.com\/wp-content\/uploads\/2025\/07\/chustka-cherry.jpeg","type":"image\/jpeg"}],"twitter_card":"summary_large_image","twitter_misc":{"Szacowany czas czytania":"2 minuty"},"schema":{"@context":"https:\/\/schema.org","@graph":[{"@type":"WebPage","@id":"https:\/\/www.mymomentsworld.com\/sklep\/bambusowa-chustka-z-daszkiem-cherry\/","url":"https:\/\/www.mymomentsworld.com\/sklep\/bambusowa-chustka-z-daszkiem-cherry\/","name":"Bambusowa chustka z daszkiem Cherry | My Moments - Produkty dla niemowl\u0105t, dzieci i rodzic\u00f3w","isPartOf":{"@id":"https:\/\/www.mymomentsworld.com\/#website"},"primaryImageOfPage":{"@id":"https:\/\/www.mymomentsworld.com\/sklep\/bambusowa-chustka-z-daszkiem-cherry\/#primaryimage"},"image":{"@id":"https:\/\/www.mymomentsworld.com\/sklep\/bambusowa-chustka-z-daszkiem-cherry\/#primaryimage"},"thumbnailUrl":"https:\/\/www.mymomentsworld.com\/wp-content\/uploads\/2025\/07\/chustka-cherry.jpeg","datePublished":"2025-07-01T19:18:22+00:00","dateModified":"2026-03-29T17:35:35+00:00","breadcrumb":{"@id":"https:\/\/www.mymomentsworld.com\/sklep\/bambusowa-chustka-z-daszkiem-cherry\/#breadcrumb"},"inLanguage":"pl-PL","potentialAction":[{"@type":"ReadAction","target":["https:\/\/www.mymomentsworld.com\/sklep\/bambusowa-chustka-z-daszkiem-cherry\/"]}]},{"@type":"ImageObject","inLanguage":"pl-PL","@id":"https:\/\/www.mymomentsworld.com\/sklep\/bambusowa-chustka-z-daszkiem-cherry\/#primaryimage","url":"https:\/\/www.mymomentsworld.com\/wp-content\/uploads\/2025\/07\/chustka-cherry.jpeg","contentUrl":"https:\/\/www.mymomentsworld.com\/wp-content\/uploads\/2025\/07\/chustka-cherry.jpeg","width":800,"height":800},{"@type":"BreadcrumbList","@id":"https:\/\/www.mymomentsworld.com\/sklep\/bambusowa-chustka-z-daszkiem-cherry\/#breadcrumb","itemListElement":[{"@type":"ListItem","position":1,"name":"Strona g\u0142\u00f3wna","item":"https:\/\/www.mymomentsworld.com\/"},{"@type":"ListItem","position":2,"name":"Produkty","item":"https:\/\/www.mymomentsworld.com\/sklep\/"},{"@type":"ListItem","position":3,"name":"Bambusowa chustka z daszkiem Cherry"}]},{"@type":"WebSite","@id":"https:\/\/www.mymomentsworld.com\/#website","url":"https:\/\/www.mymomentsworld.com\/","name":"My Moments","description":"Produkty dla niemowl\u0105t, dzieci i rodzic\u00f3w","publisher":{"@id":"https:\/\/www.mymomentsworld.com\/#organization"},"potentialAction":[{"@type":"SearchAction","target":{"@type":"EntryPoint","urlTemplate":"https:\/\/www.mymomentsworld.com\/?s={search_term_string}"},"query-input":{"@type":"PropertyValueSpecification","valueRequired":true,"valueName":"search_term_string"}}],"inLanguage":"pl-PL"},{"@type":"Organization","@id":"https:\/\/www.mymomentsworld.com\/#organization","name":"My Moments","url":"https:\/\/www.mymomentsworld.com\/","logo":{"@type":"ImageObject","inLanguage":"pl-PL","@id":"https:\/\/www.mymomentsworld.com\/#\/schema\/logo\/image\/","url":"https:\/\/www.mymomentsworld.com\/wp-content\/uploads\/2025\/07\/cropped-logo-transparent.png","contentUrl":"https:\/\/www.mymomentsworld.com\/wp-content\/uploads\/2025\/07\/cropped-logo-transparent.png","width":1024,"height":590,"caption":"My Moments"},"image":{"@id":"https:\/\/www.mymomentsworld.com\/#\/schema\/logo\/image\/"},"sameAs":["https:\/\/www.facebook.com\/mymomentsworld\/","https:\/\/www.instagram.com\/mymomentsworld\/","https:\/\/pinterest.com\/MyMomentsWorld\/"]}]}},"_links":{"self":[{"href":"https:\/\/www.mymomentsworld.com\/pl\/wp-json\/wp\/v2\/product\/2342","targetHints":{"allow":["GET"]}}],"collection":[{"href":"https:\/\/www.mymomentsworld.com\/pl\/wp-json\/wp\/v2\/product"}],"about":[{"href":"https:\/\/www.mymomentsworld.com\/pl\/wp-json\/wp\/v2\/types\/product"}],"replies":[{"embeddable":true,"href":"https:\/\/www.mymomentsworld.com\/pl\/wp-json\/wp\/v2\/comments?post=2342"}],"wp:featuredmedia":[{"embeddable":true,"href":"https:\/\/www.mymomentsworld.com\/pl\/wp-json\/wp\/v2\/media\/2922"}],"wp:attachment":[{"href":"https:\/\/www.mymomentsworld.com\/pl\/wp-json\/wp\/v2\/media?parent=2342"}],"wp:term":[{"taxonomy":"product_brand","embeddable":true,"href":"https:\/\/www.mymomentsworld.com\/pl\/wp-json\/wp\/v2\/product_brand?post=2342"},{"taxonomy":"product_cat","embeddable":true,"href":"https:\/\/www.mymomentsworld.com\/pl\/wp-json\/wp\/v2\/product_cat?post=2342"},{"taxonomy":"product_tag","embeddable":true,"href":"https:\/\/www.mymomentsworld.com\/pl\/wp-json\/wp\/v2\/product_tag?post=2342"}],"curies":[{"name":"wp","href":"https:\/\/api.w.org\/{rel}","templated":true}]}}