{"id":2630,"date":"2025-07-07T11:21:25","date_gmt":"2025-07-07T11:21:25","guid":{"rendered":"https:\/\/www.mymomentsworld.com\/?post_type=product&#038;p=2630"},"modified":"2026-03-29T18:35:35","modified_gmt":"2026-03-29T17:35:35","slug":"spiworek-do-spania-dla-dzieci-i-niemowlat-moon","status":"publish","type":"product","link":"https:\/\/www.mymomentsworld.com\/pl\/sklep\/spiworek-do-spania-dla-dzieci-i-niemowlat-moon\/","title":{"rendered":"\u015apiworek do spania dla dzieci i niemowl\u0105t Moon"},"content":{"rendered":"<p>Zadbaj o spokojny sen swojego maluszka z\u00a0naszym<strong>\u00a0\u015bpiworkiem do spania<\/strong>, kt\u00f3ry \u0142\u0105czy w sobie komfort i bezpiecze\u0144stwo. Wykonany z naturalnych tkanin, \u015bpiworek jest wyj\u0105tkowo mi\u0119kki, oddychaj\u0105cy i przyjazny dla delikatnej sk\u00f3ry dziecka.\u00a0Nasz <strong>\u015bpiworek niemowl\u0119cy <\/strong>zaopatrzony jest w podw\u00f3jny\u00a0suwak, dzi\u0119ki czemu bez problemu mo\u017cesz zmieni\u0107 pieluszk\u0119 tak\u017ce w nocy bez potrzeby budzenia malucha.<\/p>\n<p>Ramiona odpinane s\u0105 na napy , dzi\u0119ki czemu \u0142atwo wyj\u0105\u0107 dziecko ze \u015bpiworka. Przy szyi dziecka znajduje si\u0119 dodatkowa os\u0142onka na zamek, alby wyeliminowa\u0107 podra\u017cnienie sk\u00f3ry.<\/p>\n<p>Wymiary i rodzaje:<\/p>\n<ul>\n<li>\u015apiworek baby (niemowl\u0119cy) D\u0142ugo\u015b\u0107 od szyi w d\u00f3\u0142 56 cm, szeroko\u015b\u0107 na dole: 40 cm. Idealny od urodzenia do ok 4 miesi\u0105ca.<\/li>\n<li>\u015apiworek grow with me ( rosn\u0105cy )D\u0142ugo\u015b\u0107 regulowana napami, od szyi w d\u00f3\u0142: 78 cm , opcja dla maluszka -60 cm. Szeroko\u015b\u0107 na dole: 47 cm<\/li>\n<\/ul>\n<p>Tkaniny do wyboru:<\/p>\n<ul>\n<li>100 % bawe\u0142na<\/li>\n<li>100 % bambus- oddychaj\u0105cy materia\u0142, kt\u00f3ry reguluje temperatur\u0119 cia\u0142a. Wyj\u0105tkowe zalety tkanin bambusowych potwierdzi\u0142 Instytutu Matki i Dziecka wydaj\u0105c pozytywn\u0105 opini\u0119. Wiskoza bambusowa idealnie sprawdza si\u0119 w sezonie wiosenno- letnim.<\/li>\n<\/ul>\n<p>Wype\u0142nienie to antyalergiczna, przewiewna w\u0142\u00f3knina silikonowa. Wszyta jest od wewn\u0105trz &#8211; nie przemieszcza si\u0119 w praniu.<\/p>\n<p><strong>1.0 Tog\u00a0&#8211; ca\u0142oroczny light <\/strong>&#8211; wykonany z dw\u00f3ch warstw materia\u0142u z<strong> lekkim wype\u0142nieniem<\/strong>, przeznaczony do temperatury pokojowej w zakresie 18-24 \u00b0C<\/p>\n<p>Zadbaj o produkty tak, aby zosta\u0142y z Tob\u0105 jak najd\u0142u\u017cej:<\/p>\n<ul>\n<li>Pra\u0107 w pralce, w temperaturze 30\u00b0C, program delikatny \u2013 obroty max 400 lub pra\u0107 r\u0119cznie (nie pociera\u0107, tylko delikatnie ugniata\u0107). Po praniu delikatnie wycisn\u0105\u0107, suszy\u0107 w pozycji roz\u0142o\u017conej.<\/li>\n<li>Nie suszy\u0107 w suszarce b\u0119bnowej.<\/li>\n<li>Nie stosowa\u0107 wybielaczy.<\/li>\n<li>Nie pra\u0107 z szorstkimi, ostrymi elementami mog\u0105cymi zaci\u0105ga\u0107 tkanin\u0119.<\/li>\n<li>Prasowa\u0107 \u017celazkiem tylko tkanin\u0119 bawe\u0142nian\u0105, lub bambusow\u0105 \u2013 maksymalna temperatura 110\u00b0C.<\/li>\n<li>W wyniku u\u017cytkowania, cz\u0119stego prania i wystawiania na dzia\u0142anie promieni s\u0142onecznych produkty mog\u0105 ulec naturalnemu zu\u017cyciu \u2013 kolory mog\u0105 straci\u0107 intensywno\u015b\u0107. <em>Tego typu zu\u017cycie nie stanowi podstawy do reklamacji.\u00a0<\/em><\/li>\n<li>W wyniku u\u017cytkowania produkty z tkanin bambusowych mog\u0105 si\u0119 zaci\u0105ga\u0107, lub mechaci\u0107, jest to proces naturalny. kt\u00f3ry mo\u017cna zniwelowa\u0107 u\u017cywaj\u0105c golarki do ubra\u0144.\u00a0<em>Tego typu zu\u017cycie nie stanowi podstawy do reklamacji.<\/em><\/li>\n<li>Uszkodzenie mechaniczne produktu, rozdarcie, wyrwanie zamka, wyrwanie nap\u00a0itp. mog\u0105ce powsta\u0107 z powodu z\u0142ego u\u017cytkowania\u00a0lub zbyt du\u017cego napr\u0119\u017cenia <em>nie stanowi podstawy reklamacji.<\/em><\/li>\n<\/ul>\n","protected":false},"excerpt":{"rendered":"<p>Zadbaj o spokojny sen swojego maluszka z\u00a0naszym\u00a0\u015bpiworkiem do spania, kt\u00f3ry \u0142\u0105czy w sobie komfort i bezpiecze\u0144stwo. Wykonany z naturalnych tkanin, [&hellip;]<\/p>\n","protected":false},"featured_media":3145,"comment_status":"open","ping_status":"closed","template":"","meta":{"site-sidebar-layout":"default","site-content-layout":"","ast-site-content-layout":"default","site-content-style":"default","site-sidebar-style":"default","ast-global-header-display":"","ast-banner-title-visibility":"","ast-main-header-display":"","ast-hfb-above-header-display":"","ast-hfb-below-header-display":"","ast-hfb-mobile-header-display":"","site-post-title":"","ast-breadcrumbs-content":"","ast-featured-img":"","footer-sml-layout":"","ast-disable-related-posts":"","theme-transparent-header-meta":"default","adv-header-id-meta":"","stick-header-meta":"","header-above-stick-meta":"","header-main-stick-meta":"","header-below-stick-meta":"","astra-migrate-meta-layouts":"set","ast-page-background-enabled":"default","ast-page-background-meta":{"desktop":{"background-color":"var(--ast-global-color-5)","background-image":"","background-repeat":"repeat","background-position":"center center","background-size":"auto","background-attachment":"scroll","background-type":"","background-media":"","overlay-type":"","overlay-color":"","overlay-opacity":"","overlay-gradient":""},"tablet":{"background-color":"","background-image":"","background-repeat":"repeat","background-position":"center center","background-size":"auto","background-attachment":"scroll","background-type":"","background-media":"","overlay-type":"","overlay-color":"","overlay-opacity":"","overlay-gradient":""},"mobile":{"background-color":"","background-image":"","background-repeat":"repeat","background-position":"center center","background-size":"auto","background-attachment":"scroll","background-type":"","background-media":"","overlay-type":"","overlay-color":"","overlay-opacity":"","overlay-gradient":""}},"ast-content-background-meta":{"desktop":{"background-color":"var(--ast-global-color-4)","background-image":"","background-repeat":"repeat","background-position":"center center","background-size":"auto","background-attachment":"scroll","background-type":"","background-media":"","overlay-type":"","overlay-color":"","overlay-opacity":"","overlay-gradient":""},"tablet":{"background-color":"var(--ast-global-color-4)","background-image":"","background-repeat":"repeat","background-position":"center center","background-size":"auto","background-attachment":"scroll","background-type":"","background-media":"","overlay-type":"","overlay-color":"","overlay-opacity":"","overlay-gradient":""},"mobile":{"background-color":"var(--ast-global-color-4)","background-image":"","background-repeat":"repeat","background-position":"center center","background-size":"auto","background-attachment":"scroll","background-type":"","background-media":"","overlay-type":"","overlay-color":"","overlay-opacity":"","overlay-gradient":""}}},"product_brand":[21],"product_cat":[76,96],"product_tag":[],"class_list":{"0":"post-2630","1":"product","2":"type-product","3":"status-publish","4":"has-post-thumbnail","6":"product_brand-my-moments","7":"product_cat-akcesoria-poscielowe","8":"product_cat-spiworki-do-spania-dla-dzieci-i-niemowlat","9":"pa_kolekcja-moon","10":"desktop-align-left","11":"tablet-align-left","12":"mobile-align-left","14":"first","15":"instock","16":"purchasable","17":"product-type-variable"},"yoast_head":"<!-- This site is optimized with the Yoast SEO plugin v27.3 - https:\/\/yoast.com\/product\/yoast-seo-wordpress\/ -->\n<title>\u015apiworek do spania dla dzieci i niemowl\u0105t Moon | My Moments - Produkty dla niemowl\u0105t, dzieci i rodzic\u00f3w<\/title>\n<meta name=\"robots\" content=\"index, follow, max-snippet:-1, max-image-preview:large, max-video-preview:-1\" \/>\n<link rel=\"canonical\" href=\"https:\/\/www.mymomentsworld.com\/pl\/sklep\/spiworek-do-spania-dla-dzieci-i-niemowlat-moon\/\" \/>\n<meta property=\"og:locale\" content=\"pl_PL\" \/>\n<meta property=\"og:type\" content=\"article\" \/>\n<meta property=\"og:title\" content=\"\u015apiworek do spania dla dzieci i niemowl\u0105t Moon | My Moments - Produkty dla niemowl\u0105t, dzieci i rodzic\u00f3w\" \/>\n<meta property=\"og:description\" content=\"Zadbaj o spokojny sen swojego maluszka z\u00a0naszym\u00a0\u015bpiworkiem do spania, kt\u00f3ry \u0142\u0105czy w sobie komfort i bezpiecze\u0144stwo. Wykonany z naturalnych tkanin, [&hellip;]\" \/>\n<meta property=\"og:url\" content=\"https:\/\/www.mymomentsworld.com\/pl\/sklep\/spiworek-do-spania-dla-dzieci-i-niemowlat-moon\/\" \/>\n<meta property=\"og:site_name\" content=\"My Moments\" \/>\n<meta property=\"article:publisher\" content=\"https:\/\/www.facebook.com\/mymomentsworld\/\" \/>\n<meta property=\"article:modified_time\" content=\"2026-03-29T17:35:35+00:00\" \/>\n<meta property=\"og:image\" content=\"https:\/\/www.mymomentsworld.com\/wp-content\/uploads\/2025\/07\/spiworek-o-spania-moon.jpeg\" \/>\n\t<meta property=\"og:image:width\" content=\"800\" \/>\n\t<meta property=\"og:image:height\" content=\"800\" \/>\n\t<meta property=\"og:image:type\" content=\"image\/jpeg\" \/>\n<meta name=\"twitter:card\" content=\"summary_large_image\" \/>\n<meta name=\"twitter:label1\" content=\"Szacowany czas czytania\" \/>\n\t<meta name=\"twitter:data1\" content=\"3 minuty\" \/>\n<script type=\"application\/ld+json\" class=\"yoast-schema-graph\">{\"@context\":\"https:\\\/\\\/schema.org\",\"@graph\":[{\"@type\":\"WebPage\",\"@id\":\"https:\\\/\\\/www.mymomentsworld.com\\\/sklep\\\/spiworek-do-spania-dla-dzieci-i-niemowlat-moon\\\/\",\"url\":\"https:\\\/\\\/www.mymomentsworld.com\\\/sklep\\\/spiworek-do-spania-dla-dzieci-i-niemowlat-moon\\\/\",\"name\":\"\u015apiworek do spania dla dzieci i niemowl\u0105t Moon | My Moments - Produkty dla niemowl\u0105t, dzieci i rodzic\u00f3w\",\"isPartOf\":{\"@id\":\"https:\\\/\\\/www.mymomentsworld.com\\\/#website\"},\"primaryImageOfPage\":{\"@id\":\"https:\\\/\\\/www.mymomentsworld.com\\\/sklep\\\/spiworek-do-spania-dla-dzieci-i-niemowlat-moon\\\/#primaryimage\"},\"image\":{\"@id\":\"https:\\\/\\\/www.mymomentsworld.com\\\/sklep\\\/spiworek-do-spania-dla-dzieci-i-niemowlat-moon\\\/#primaryimage\"},\"thumbnailUrl\":\"https:\\\/\\\/www.mymomentsworld.com\\\/wp-content\\\/uploads\\\/2025\\\/07\\\/spiworek-o-spania-moon.jpeg\",\"datePublished\":\"2025-07-07T11:21:25+00:00\",\"dateModified\":\"2026-03-29T17:35:35+00:00\",\"breadcrumb\":{\"@id\":\"https:\\\/\\\/www.mymomentsworld.com\\\/sklep\\\/spiworek-do-spania-dla-dzieci-i-niemowlat-moon\\\/#breadcrumb\"},\"inLanguage\":\"pl-PL\",\"potentialAction\":[{\"@type\":\"ReadAction\",\"target\":[\"https:\\\/\\\/www.mymomentsworld.com\\\/sklep\\\/spiworek-do-spania-dla-dzieci-i-niemowlat-moon\\\/\"]}]},{\"@type\":\"ImageObject\",\"inLanguage\":\"pl-PL\",\"@id\":\"https:\\\/\\\/www.mymomentsworld.com\\\/sklep\\\/spiworek-do-spania-dla-dzieci-i-niemowlat-moon\\\/#primaryimage\",\"url\":\"https:\\\/\\\/www.mymomentsworld.com\\\/wp-content\\\/uploads\\\/2025\\\/07\\\/spiworek-o-spania-moon.jpeg\",\"contentUrl\":\"https:\\\/\\\/www.mymomentsworld.com\\\/wp-content\\\/uploads\\\/2025\\\/07\\\/spiworek-o-spania-moon.jpeg\",\"width\":800,\"height\":800},{\"@type\":\"BreadcrumbList\",\"@id\":\"https:\\\/\\\/www.mymomentsworld.com\\\/sklep\\\/spiworek-do-spania-dla-dzieci-i-niemowlat-moon\\\/#breadcrumb\",\"itemListElement\":[{\"@type\":\"ListItem\",\"position\":1,\"name\":\"Strona g\u0142\u00f3wna\",\"item\":\"https:\\\/\\\/www.mymomentsworld.com\\\/\"},{\"@type\":\"ListItem\",\"position\":2,\"name\":\"Produkty\",\"item\":\"https:\\\/\\\/www.mymomentsworld.com\\\/sklep\\\/\"},{\"@type\":\"ListItem\",\"position\":3,\"name\":\"\u015apiworek do spania dla dzieci i niemowl\u0105t Moon\"}]},{\"@type\":\"WebSite\",\"@id\":\"https:\\\/\\\/www.mymomentsworld.com\\\/#website\",\"url\":\"https:\\\/\\\/www.mymomentsworld.com\\\/\",\"name\":\"My Moments\",\"description\":\"Produkty dla niemowl\u0105t, dzieci i rodzic\u00f3w\",\"publisher\":{\"@id\":\"https:\\\/\\\/www.mymomentsworld.com\\\/#organization\"},\"potentialAction\":[{\"@type\":\"SearchAction\",\"target\":{\"@type\":\"EntryPoint\",\"urlTemplate\":\"https:\\\/\\\/www.mymomentsworld.com\\\/?s={search_term_string}\"},\"query-input\":{\"@type\":\"PropertyValueSpecification\",\"valueRequired\":true,\"valueName\":\"search_term_string\"}}],\"inLanguage\":\"pl-PL\"},{\"@type\":\"Organization\",\"@id\":\"https:\\\/\\\/www.mymomentsworld.com\\\/#organization\",\"name\":\"My Moments\",\"url\":\"https:\\\/\\\/www.mymomentsworld.com\\\/\",\"logo\":{\"@type\":\"ImageObject\",\"inLanguage\":\"pl-PL\",\"@id\":\"https:\\\/\\\/www.mymomentsworld.com\\\/#\\\/schema\\\/logo\\\/image\\\/\",\"url\":\"https:\\\/\\\/www.mymomentsworld.com\\\/wp-content\\\/uploads\\\/2025\\\/07\\\/cropped-logo-transparent.png\",\"contentUrl\":\"https:\\\/\\\/www.mymomentsworld.com\\\/wp-content\\\/uploads\\\/2025\\\/07\\\/cropped-logo-transparent.png\",\"width\":1024,\"height\":590,\"caption\":\"My Moments\"},\"image\":{\"@id\":\"https:\\\/\\\/www.mymomentsworld.com\\\/#\\\/schema\\\/logo\\\/image\\\/\"},\"sameAs\":[\"https:\\\/\\\/www.facebook.com\\\/mymomentsworld\\\/\",\"https:\\\/\\\/www.instagram.com\\\/mymomentsworld\\\/\",\"https:\\\/\\\/pinterest.com\\\/MyMomentsWorld\\\/\"]}]}<\/script>\n<!-- \/ Yoast SEO plugin. -->","yoast_head_json":{"title":"\u015apiworek do spania dla dzieci i niemowl\u0105t Moon | My Moments - Produkty dla niemowl\u0105t, dzieci i rodzic\u00f3w","robots":{"index":"index","follow":"follow","max-snippet":"max-snippet:-1","max-image-preview":"max-image-preview:large","max-video-preview":"max-video-preview:-1"},"canonical":"https:\/\/www.mymomentsworld.com\/pl\/sklep\/spiworek-do-spania-dla-dzieci-i-niemowlat-moon\/","og_locale":"pl_PL","og_type":"article","og_title":"\u015apiworek do spania dla dzieci i niemowl\u0105t Moon | My Moments - Produkty dla niemowl\u0105t, dzieci i rodzic\u00f3w","og_description":"Zadbaj o spokojny sen swojego maluszka z\u00a0naszym\u00a0\u015bpiworkiem do spania, kt\u00f3ry \u0142\u0105czy w sobie komfort i bezpiecze\u0144stwo. Wykonany z naturalnych tkanin, [&hellip;]","og_url":"https:\/\/www.mymomentsworld.com\/pl\/sklep\/spiworek-do-spania-dla-dzieci-i-niemowlat-moon\/","og_site_name":"My Moments","article_publisher":"https:\/\/www.facebook.com\/mymomentsworld\/","article_modified_time":"2026-03-29T17:35:35+00:00","og_image":[{"width":800,"height":800,"url":"https:\/\/www.mymomentsworld.com\/wp-content\/uploads\/2025\/07\/spiworek-o-spania-moon.jpeg","type":"image\/jpeg"}],"twitter_card":"summary_large_image","twitter_misc":{"Szacowany czas czytania":"3 minuty"},"schema":{"@context":"https:\/\/schema.org","@graph":[{"@type":"WebPage","@id":"https:\/\/www.mymomentsworld.com\/sklep\/spiworek-do-spania-dla-dzieci-i-niemowlat-moon\/","url":"https:\/\/www.mymomentsworld.com\/sklep\/spiworek-do-spania-dla-dzieci-i-niemowlat-moon\/","name":"\u015apiworek do spania dla dzieci i niemowl\u0105t Moon | My Moments - Produkty dla niemowl\u0105t, dzieci i rodzic\u00f3w","isPartOf":{"@id":"https:\/\/www.mymomentsworld.com\/#website"},"primaryImageOfPage":{"@id":"https:\/\/www.mymomentsworld.com\/sklep\/spiworek-do-spania-dla-dzieci-i-niemowlat-moon\/#primaryimage"},"image":{"@id":"https:\/\/www.mymomentsworld.com\/sklep\/spiworek-do-spania-dla-dzieci-i-niemowlat-moon\/#primaryimage"},"thumbnailUrl":"https:\/\/www.mymomentsworld.com\/wp-content\/uploads\/2025\/07\/spiworek-o-spania-moon.jpeg","datePublished":"2025-07-07T11:21:25+00:00","dateModified":"2026-03-29T17:35:35+00:00","breadcrumb":{"@id":"https:\/\/www.mymomentsworld.com\/sklep\/spiworek-do-spania-dla-dzieci-i-niemowlat-moon\/#breadcrumb"},"inLanguage":"pl-PL","potentialAction":[{"@type":"ReadAction","target":["https:\/\/www.mymomentsworld.com\/sklep\/spiworek-do-spania-dla-dzieci-i-niemowlat-moon\/"]}]},{"@type":"ImageObject","inLanguage":"pl-PL","@id":"https:\/\/www.mymomentsworld.com\/sklep\/spiworek-do-spania-dla-dzieci-i-niemowlat-moon\/#primaryimage","url":"https:\/\/www.mymomentsworld.com\/wp-content\/uploads\/2025\/07\/spiworek-o-spania-moon.jpeg","contentUrl":"https:\/\/www.mymomentsworld.com\/wp-content\/uploads\/2025\/07\/spiworek-o-spania-moon.jpeg","width":800,"height":800},{"@type":"BreadcrumbList","@id":"https:\/\/www.mymomentsworld.com\/sklep\/spiworek-do-spania-dla-dzieci-i-niemowlat-moon\/#breadcrumb","itemListElement":[{"@type":"ListItem","position":1,"name":"Strona g\u0142\u00f3wna","item":"https:\/\/www.mymomentsworld.com\/"},{"@type":"ListItem","position":2,"name":"Produkty","item":"https:\/\/www.mymomentsworld.com\/sklep\/"},{"@type":"ListItem","position":3,"name":"\u015apiworek do spania dla dzieci i niemowl\u0105t Moon"}]},{"@type":"WebSite","@id":"https:\/\/www.mymomentsworld.com\/#website","url":"https:\/\/www.mymomentsworld.com\/","name":"My Moments","description":"Produkty dla niemowl\u0105t, dzieci i rodzic\u00f3w","publisher":{"@id":"https:\/\/www.mymomentsworld.com\/#organization"},"potentialAction":[{"@type":"SearchAction","target":{"@type":"EntryPoint","urlTemplate":"https:\/\/www.mymomentsworld.com\/?s={search_term_string}"},"query-input":{"@type":"PropertyValueSpecification","valueRequired":true,"valueName":"search_term_string"}}],"inLanguage":"pl-PL"},{"@type":"Organization","@id":"https:\/\/www.mymomentsworld.com\/#organization","name":"My Moments","url":"https:\/\/www.mymomentsworld.com\/","logo":{"@type":"ImageObject","inLanguage":"pl-PL","@id":"https:\/\/www.mymomentsworld.com\/#\/schema\/logo\/image\/","url":"https:\/\/www.mymomentsworld.com\/wp-content\/uploads\/2025\/07\/cropped-logo-transparent.png","contentUrl":"https:\/\/www.mymomentsworld.com\/wp-content\/uploads\/2025\/07\/cropped-logo-transparent.png","width":1024,"height":590,"caption":"My Moments"},"image":{"@id":"https:\/\/www.mymomentsworld.com\/#\/schema\/logo\/image\/"},"sameAs":["https:\/\/www.facebook.com\/mymomentsworld\/","https:\/\/www.instagram.com\/mymomentsworld\/","https:\/\/pinterest.com\/MyMomentsWorld\/"]}]}},"_links":{"self":[{"href":"https:\/\/www.mymomentsworld.com\/pl\/wp-json\/wp\/v2\/product\/2630","targetHints":{"allow":["GET"]}}],"collection":[{"href":"https:\/\/www.mymomentsworld.com\/pl\/wp-json\/wp\/v2\/product"}],"about":[{"href":"https:\/\/www.mymomentsworld.com\/pl\/wp-json\/wp\/v2\/types\/product"}],"replies":[{"embeddable":true,"href":"https:\/\/www.mymomentsworld.com\/pl\/wp-json\/wp\/v2\/comments?post=2630"}],"wp:featuredmedia":[{"embeddable":true,"href":"https:\/\/www.mymomentsworld.com\/pl\/wp-json\/wp\/v2\/media\/3145"}],"wp:attachment":[{"href":"https:\/\/www.mymomentsworld.com\/pl\/wp-json\/wp\/v2\/media?parent=2630"}],"wp:term":[{"taxonomy":"product_brand","embeddable":true,"href":"https:\/\/www.mymomentsworld.com\/pl\/wp-json\/wp\/v2\/product_brand?post=2630"},{"taxonomy":"product_cat","embeddable":true,"href":"https:\/\/www.mymomentsworld.com\/pl\/wp-json\/wp\/v2\/product_cat?post=2630"},{"taxonomy":"product_tag","embeddable":true,"href":"https:\/\/www.mymomentsworld.com\/pl\/wp-json\/wp\/v2\/product_tag?post=2630"}],"curies":[{"name":"wp","href":"https:\/\/api.w.org\/{rel}","templated":true}]}}