{"id":2885,"date":"2025-07-14T17:59:33","date_gmt":"2025-07-14T17:59:33","guid":{"rendered":"https:\/\/www.mymomentsworld.com\/?post_type=product&#038;p=2885"},"modified":"2026-03-29T18:35:32","modified_gmt":"2026-03-29T17:35:32","slug":"przescieradlo-dzieciece-z-gumka-dino","status":"publish","type":"product","link":"https:\/\/www.mymomentsworld.com\/pl\/sklep\/przescieradlo-dzieciece-z-gumka-dino\/","title":{"rendered":"Prze\u015bcierad\u0142o dzieci\u0119ce z gumk\u0105 Dino"},"content":{"rendered":"<p>W naszej ofercie posiadamy wiele rozmiar\u00f3w prze\u015bcierade\u0142. Oferujemy <strong>prze\u015bcierad\u0142a na przewijak, prze\u015bcierad\u0142a do dostawki oraz prze\u015bcierad\u0142a do \u0142\u00f3\u017ceczka niemowl\u0119cego<\/strong> w standardowym <strong>rozmiarze 120 x 60 cm<\/strong>, a tak\u017ce wi\u0119ksze <strong>prze\u015bcierad\u0142a dla starszych dzieci<\/strong> takie jak <strong>140 x 70 cm<\/strong>. Uszyjemy prze\u015bcierad\u0142o w wymiarze maksymalnym 200 x 100 cm. Dzi\u0119ki elastycznej gumce doskonale przylega do materaca, nie przesuwa si\u0119 i wygl\u0105da bardzo estetycznie. Jest odporne na cz\u0119ste pranie, dzi\u0119ki czemu na d\u0142ugo zachowuje sw\u00f3j nienaganny wygl\u0105d.<\/p>\n<p>Dost\u0119pne rozmiary:<\/p>\n<ul>\n<li><strong>Przewijak 50 x 70 cm<\/strong><\/li>\n<li><strong>Dostawka 90 x 60 cm<\/strong><\/li>\n<li><strong>\u0141\u00f3\u017ceczko niemowl\u0119ce 120 x60 cm<\/strong>,<strong> \u0142\u00f3\u017ceczko dzieci\u0119ce 140 x 70 cm<\/strong><\/li>\n<li><strong>\u0141\u00f3\u017cko dla nastolatka 80 x 160 cm<\/strong><\/li>\n<li>Je\u015bli Wasze \u0142\u00f3zko ma nietypowy wymiar zapraszamy do kontaktu, istnieje mo\u017cliwo\u015b\u0107 modyfikacji rozmiaru prze\u015bcierad\u0142a.<\/li>\n<\/ul>\n<p>Materia\u0142:<\/p>\n<ul>\n<li>Dzianina 95% bawe\u0142na 5 % elastan. Dzi\u0119ki zawarto\u015bci 5% elastanu jest rozci\u0105gliwe i mo\u017cna je dopasowa\u0107 do ka\u017cdego materaca.<\/li>\n<li>Produkt szyty w Polsce z najwy\u017csz\u0105 dok\u0142adno\u015bci\u0105 i z wykorzystaniem najlepszych jako\u015bciowo materia\u0142\u00f3w.<\/li>\n<\/ul>\n<p>Zadbaj o produkty tak, aby zosta\u0142y z Tob\u0105 jak najd\u0142u\u017cej:<\/p>\n<ul>\n<li>Pra\u0107 w pralce, w temperaturze 30\u00b0C, program delikatny \u2013 obroty max 800<\/li>\n<li>Nie suszy\u0107 w suszarce b\u0119bnowej.<\/li>\n<li>Nie stosowa\u0107 wybielaczy.<\/li>\n<li>Nie pra\u0107 z szorstkimi, ostrymi elementami mog\u0105cymi zaci\u0105ga\u0107 tkanin\u0119.<\/li>\n<li>Prasowa\u0107 maksymaln\u0105 temperatur\u0105 110\u00b0C.<\/li>\n<li>W wyniku u\u017cytkowania, cz\u0119stego prania i wystawiania na dzia\u0142anie promieni s\u0142onecznych produkty mog\u0105 ulec naturalnemu zu\u017cyciu \u2013 kolory mog\u0105 straci\u0107 intensywno\u015b\u0107. <em>Tego typu zu\u017cycie nie stanowi podstawy do reklamacji.\u00a0<\/em><\/li>\n<\/ul>\n","protected":false},"excerpt":{"rendered":"<p>W naszej ofercie posiadamy wiele rozmiar\u00f3w prze\u015bcierade\u0142. Oferujemy prze\u015bcierad\u0142a na przewijak, prze\u015bcierad\u0142a do dostawki oraz prze\u015bcierad\u0142a do \u0142\u00f3\u017ceczka niemowl\u0119cego w [&hellip;]<\/p>\n","protected":false},"featured_media":2856,"comment_status":"open","ping_status":"closed","template":"","meta":{"site-sidebar-layout":"default","site-content-layout":"","ast-site-content-layout":"default","site-content-style":"default","site-sidebar-style":"default","ast-global-header-display":"","ast-banner-title-visibility":"","ast-main-header-display":"","ast-hfb-above-header-display":"","ast-hfb-below-header-display":"","ast-hfb-mobile-header-display":"","site-post-title":"","ast-breadcrumbs-content":"","ast-featured-img":"","footer-sml-layout":"","ast-disable-related-posts":"","theme-transparent-header-meta":"default","adv-header-id-meta":"","stick-header-meta":"","header-above-stick-meta":"","header-main-stick-meta":"","header-below-stick-meta":"","astra-migrate-meta-layouts":"set","ast-page-background-enabled":"default","ast-page-background-meta":{"desktop":{"background-color":"var(--ast-global-color-5)","background-image":"","background-repeat":"repeat","background-position":"center center","background-size":"auto","background-attachment":"scroll","background-type":"","background-media":"","overlay-type":"","overlay-color":"","overlay-opacity":"","overlay-gradient":""},"tablet":{"background-color":"","background-image":"","background-repeat":"repeat","background-position":"center center","background-size":"auto","background-attachment":"scroll","background-type":"","background-media":"","overlay-type":"","overlay-color":"","overlay-opacity":"","overlay-gradient":""},"mobile":{"background-color":"","background-image":"","background-repeat":"repeat","background-position":"center center","background-size":"auto","background-attachment":"scroll","background-type":"","background-media":"","overlay-type":"","overlay-color":"","overlay-opacity":"","overlay-gradient":""}},"ast-content-background-meta":{"desktop":{"background-color":"var(--ast-global-color-4)","background-image":"","background-repeat":"repeat","background-position":"center center","background-size":"auto","background-attachment":"scroll","background-type":"","background-media":"","overlay-type":"","overlay-color":"","overlay-opacity":"","overlay-gradient":""},"tablet":{"background-color":"var(--ast-global-color-4)","background-image":"","background-repeat":"repeat","background-position":"center center","background-size":"auto","background-attachment":"scroll","background-type":"","background-media":"","overlay-type":"","overlay-color":"","overlay-opacity":"","overlay-gradient":""},"mobile":{"background-color":"var(--ast-global-color-4)","background-image":"","background-repeat":"repeat","background-position":"center center","background-size":"auto","background-attachment":"scroll","background-type":"","background-media":"","overlay-type":"","overlay-color":"","overlay-opacity":"","overlay-gradient":""}}},"product_brand":[21],"product_cat":[76,101],"product_tag":[147,146,143,145,144],"class_list":{"0":"post-2885","1":"product","2":"type-product","3":"status-publish","4":"has-post-thumbnail","6":"product_brand-my-moments","7":"product_cat-akcesoria-poscielowe","8":"product_cat-przescieradla-na-gumke-dla-dzieci-i-niemowlat","9":"product_tag-przescieradlo-do-dostawki","10":"product_tag-przescieradlo-do-lozeczka","11":"product_tag-przescieradlo-dzieciece","12":"product_tag-przescieradlo-na-przewijak","13":"product_tag-przescieradlo-z-gumka","14":"pa_kolekcja-dino","15":"desktop-align-left","16":"tablet-align-left","17":"mobile-align-left","19":"first","20":"instock","21":"purchasable","22":"product-type-variable"},"yoast_head":"<!-- This site is optimized with the Yoast SEO plugin v27.3 - https:\/\/yoast.com\/product\/yoast-seo-wordpress\/ -->\n<title>Prze\u015bcierad\u0142o dzieci\u0119ce z gumk\u0105 Dino | My Moments - Produkty dla niemowl\u0105t, dzieci i rodzic\u00f3w<\/title>\n<meta name=\"description\" content=\"Dzieci\u0119ce prze\u015bcierad\u0142o na gumk\u0119. Idealnie dopasowane, wysokiej jako\u015bci dzianina, autorskie wzory. Dost\u0119pne w wielu praktycznych rozmiarach.\" \/>\n<meta name=\"robots\" content=\"index, follow, max-snippet:-1, max-image-preview:large, max-video-preview:-1\" \/>\n<link rel=\"canonical\" href=\"https:\/\/www.mymomentsworld.com\/pl\/sklep\/przescieradlo-dzieciece-z-gumka-dino\/\" \/>\n<meta property=\"og:locale\" content=\"pl_PL\" \/>\n<meta property=\"og:type\" content=\"article\" \/>\n<meta property=\"og:title\" content=\"Prze\u015bcierad\u0142o dzieci\u0119ce z gumk\u0105 Dino | My Moments - Produkty dla niemowl\u0105t, dzieci i rodzic\u00f3w\" \/>\n<meta property=\"og:description\" content=\"Dzieci\u0119ce prze\u015bcierad\u0142o na gumk\u0119. Idealnie dopasowane, wysokiej jako\u015bci dzianina, autorskie wzory. Dost\u0119pne w wielu praktycznych rozmiarach.\" \/>\n<meta property=\"og:url\" content=\"https:\/\/www.mymomentsworld.com\/pl\/sklep\/przescieradlo-dzieciece-z-gumka-dino\/\" \/>\n<meta property=\"og:site_name\" content=\"My Moments\" \/>\n<meta property=\"article:publisher\" content=\"https:\/\/www.facebook.com\/mymomentsworld\/\" \/>\n<meta property=\"article:modified_time\" content=\"2026-03-29T17:35:32+00:00\" \/>\n<meta property=\"og:image\" content=\"https:\/\/www.mymomentsworld.com\/wp-content\/uploads\/2025\/06\/przescieradlo-dzianina-dino.jpeg\" \/>\n\t<meta property=\"og:image:width\" content=\"800\" \/>\n\t<meta property=\"og:image:height\" content=\"800\" \/>\n\t<meta property=\"og:image:type\" content=\"image\/jpeg\" \/>\n<meta name=\"twitter:card\" content=\"summary_large_image\" \/>\n<meta name=\"twitter:label1\" content=\"Szacowany czas czytania\" \/>\n\t<meta name=\"twitter:data1\" content=\"2 minuty\" \/>\n<script type=\"application\/ld+json\" class=\"yoast-schema-graph\">{\"@context\":\"https:\\\/\\\/schema.org\",\"@graph\":[{\"@type\":\"WebPage\",\"@id\":\"https:\\\/\\\/www.mymomentsworld.com\\\/sklep\\\/przescieradlo-dzieciece-z-gumka-dino\\\/\",\"url\":\"https:\\\/\\\/www.mymomentsworld.com\\\/sklep\\\/przescieradlo-dzieciece-z-gumka-dino\\\/\",\"name\":\"Prze\u015bcierad\u0142o dzieci\u0119ce z gumk\u0105 Dino | My Moments - Produkty dla niemowl\u0105t, dzieci i rodzic\u00f3w\",\"isPartOf\":{\"@id\":\"https:\\\/\\\/www.mymomentsworld.com\\\/#website\"},\"primaryImageOfPage\":{\"@id\":\"https:\\\/\\\/www.mymomentsworld.com\\\/sklep\\\/przescieradlo-dzieciece-z-gumka-dino\\\/#primaryimage\"},\"image\":{\"@id\":\"https:\\\/\\\/www.mymomentsworld.com\\\/sklep\\\/przescieradlo-dzieciece-z-gumka-dino\\\/#primaryimage\"},\"thumbnailUrl\":\"https:\\\/\\\/www.mymomentsworld.com\\\/wp-content\\\/uploads\\\/2025\\\/06\\\/przescieradlo-dzianina-dino.jpeg\",\"datePublished\":\"2025-07-14T17:59:33+00:00\",\"dateModified\":\"2026-03-29T17:35:32+00:00\",\"description\":\"Dzieci\u0119ce prze\u015bcierad\u0142o na gumk\u0119. Idealnie dopasowane, wysokiej jako\u015bci dzianina, autorskie wzory. Dost\u0119pne w wielu praktycznych rozmiarach.\",\"breadcrumb\":{\"@id\":\"https:\\\/\\\/www.mymomentsworld.com\\\/sklep\\\/przescieradlo-dzieciece-z-gumka-dino\\\/#breadcrumb\"},\"inLanguage\":\"pl-PL\",\"potentialAction\":[{\"@type\":\"ReadAction\",\"target\":[\"https:\\\/\\\/www.mymomentsworld.com\\\/sklep\\\/przescieradlo-dzieciece-z-gumka-dino\\\/\"]}]},{\"@type\":\"ImageObject\",\"inLanguage\":\"pl-PL\",\"@id\":\"https:\\\/\\\/www.mymomentsworld.com\\\/sklep\\\/przescieradlo-dzieciece-z-gumka-dino\\\/#primaryimage\",\"url\":\"https:\\\/\\\/www.mymomentsworld.com\\\/wp-content\\\/uploads\\\/2025\\\/06\\\/przescieradlo-dzianina-dino.jpeg\",\"contentUrl\":\"https:\\\/\\\/www.mymomentsworld.com\\\/wp-content\\\/uploads\\\/2025\\\/06\\\/przescieradlo-dzianina-dino.jpeg\",\"width\":800,\"height\":800},{\"@type\":\"BreadcrumbList\",\"@id\":\"https:\\\/\\\/www.mymomentsworld.com\\\/sklep\\\/przescieradlo-dzieciece-z-gumka-dino\\\/#breadcrumb\",\"itemListElement\":[{\"@type\":\"ListItem\",\"position\":1,\"name\":\"Strona g\u0142\u00f3wna\",\"item\":\"https:\\\/\\\/www.mymomentsworld.com\\\/\"},{\"@type\":\"ListItem\",\"position\":2,\"name\":\"Produkty\",\"item\":\"https:\\\/\\\/www.mymomentsworld.com\\\/sklep\\\/\"},{\"@type\":\"ListItem\",\"position\":3,\"name\":\"Prze\u015bcierad\u0142o dzieci\u0119ce z gumk\u0105 Dino\"}]},{\"@type\":\"WebSite\",\"@id\":\"https:\\\/\\\/www.mymomentsworld.com\\\/#website\",\"url\":\"https:\\\/\\\/www.mymomentsworld.com\\\/\",\"name\":\"My Moments\",\"description\":\"Produkty dla niemowl\u0105t, dzieci i rodzic\u00f3w\",\"publisher\":{\"@id\":\"https:\\\/\\\/www.mymomentsworld.com\\\/#organization\"},\"potentialAction\":[{\"@type\":\"SearchAction\",\"target\":{\"@type\":\"EntryPoint\",\"urlTemplate\":\"https:\\\/\\\/www.mymomentsworld.com\\\/?s={search_term_string}\"},\"query-input\":{\"@type\":\"PropertyValueSpecification\",\"valueRequired\":true,\"valueName\":\"search_term_string\"}}],\"inLanguage\":\"pl-PL\"},{\"@type\":\"Organization\",\"@id\":\"https:\\\/\\\/www.mymomentsworld.com\\\/#organization\",\"name\":\"My Moments\",\"url\":\"https:\\\/\\\/www.mymomentsworld.com\\\/\",\"logo\":{\"@type\":\"ImageObject\",\"inLanguage\":\"pl-PL\",\"@id\":\"https:\\\/\\\/www.mymomentsworld.com\\\/#\\\/schema\\\/logo\\\/image\\\/\",\"url\":\"https:\\\/\\\/www.mymomentsworld.com\\\/wp-content\\\/uploads\\\/2025\\\/07\\\/cropped-logo-transparent.png\",\"contentUrl\":\"https:\\\/\\\/www.mymomentsworld.com\\\/wp-content\\\/uploads\\\/2025\\\/07\\\/cropped-logo-transparent.png\",\"width\":1024,\"height\":590,\"caption\":\"My Moments\"},\"image\":{\"@id\":\"https:\\\/\\\/www.mymomentsworld.com\\\/#\\\/schema\\\/logo\\\/image\\\/\"},\"sameAs\":[\"https:\\\/\\\/www.facebook.com\\\/mymomentsworld\\\/\",\"https:\\\/\\\/www.instagram.com\\\/mymomentsworld\\\/\",\"https:\\\/\\\/pinterest.com\\\/MyMomentsWorld\\\/\"]}]}<\/script>\n<!-- \/ Yoast SEO plugin. -->","yoast_head_json":{"title":"Prze\u015bcierad\u0142o dzieci\u0119ce z gumk\u0105 Dino | My Moments - Produkty dla niemowl\u0105t, dzieci i rodzic\u00f3w","description":"Dzieci\u0119ce prze\u015bcierad\u0142o na gumk\u0119. Idealnie dopasowane, wysokiej jako\u015bci dzianina, autorskie wzory. Dost\u0119pne w wielu praktycznych rozmiarach.","robots":{"index":"index","follow":"follow","max-snippet":"max-snippet:-1","max-image-preview":"max-image-preview:large","max-video-preview":"max-video-preview:-1"},"canonical":"https:\/\/www.mymomentsworld.com\/pl\/sklep\/przescieradlo-dzieciece-z-gumka-dino\/","og_locale":"pl_PL","og_type":"article","og_title":"Prze\u015bcierad\u0142o dzieci\u0119ce z gumk\u0105 Dino | My Moments - Produkty dla niemowl\u0105t, dzieci i rodzic\u00f3w","og_description":"Dzieci\u0119ce prze\u015bcierad\u0142o na gumk\u0119. Idealnie dopasowane, wysokiej jako\u015bci dzianina, autorskie wzory. Dost\u0119pne w wielu praktycznych rozmiarach.","og_url":"https:\/\/www.mymomentsworld.com\/pl\/sklep\/przescieradlo-dzieciece-z-gumka-dino\/","og_site_name":"My Moments","article_publisher":"https:\/\/www.facebook.com\/mymomentsworld\/","article_modified_time":"2026-03-29T17:35:32+00:00","og_image":[{"width":800,"height":800,"url":"https:\/\/www.mymomentsworld.com\/wp-content\/uploads\/2025\/06\/przescieradlo-dzianina-dino.jpeg","type":"image\/jpeg"}],"twitter_card":"summary_large_image","twitter_misc":{"Szacowany czas czytania":"2 minuty"},"schema":{"@context":"https:\/\/schema.org","@graph":[{"@type":"WebPage","@id":"https:\/\/www.mymomentsworld.com\/sklep\/przescieradlo-dzieciece-z-gumka-dino\/","url":"https:\/\/www.mymomentsworld.com\/sklep\/przescieradlo-dzieciece-z-gumka-dino\/","name":"Prze\u015bcierad\u0142o dzieci\u0119ce z gumk\u0105 Dino | My Moments - Produkty dla niemowl\u0105t, dzieci i rodzic\u00f3w","isPartOf":{"@id":"https:\/\/www.mymomentsworld.com\/#website"},"primaryImageOfPage":{"@id":"https:\/\/www.mymomentsworld.com\/sklep\/przescieradlo-dzieciece-z-gumka-dino\/#primaryimage"},"image":{"@id":"https:\/\/www.mymomentsworld.com\/sklep\/przescieradlo-dzieciece-z-gumka-dino\/#primaryimage"},"thumbnailUrl":"https:\/\/www.mymomentsworld.com\/wp-content\/uploads\/2025\/06\/przescieradlo-dzianina-dino.jpeg","datePublished":"2025-07-14T17:59:33+00:00","dateModified":"2026-03-29T17:35:32+00:00","description":"Dzieci\u0119ce prze\u015bcierad\u0142o na gumk\u0119. Idealnie dopasowane, wysokiej jako\u015bci dzianina, autorskie wzory. Dost\u0119pne w wielu praktycznych rozmiarach.","breadcrumb":{"@id":"https:\/\/www.mymomentsworld.com\/sklep\/przescieradlo-dzieciece-z-gumka-dino\/#breadcrumb"},"inLanguage":"pl-PL","potentialAction":[{"@type":"ReadAction","target":["https:\/\/www.mymomentsworld.com\/sklep\/przescieradlo-dzieciece-z-gumka-dino\/"]}]},{"@type":"ImageObject","inLanguage":"pl-PL","@id":"https:\/\/www.mymomentsworld.com\/sklep\/przescieradlo-dzieciece-z-gumka-dino\/#primaryimage","url":"https:\/\/www.mymomentsworld.com\/wp-content\/uploads\/2025\/06\/przescieradlo-dzianina-dino.jpeg","contentUrl":"https:\/\/www.mymomentsworld.com\/wp-content\/uploads\/2025\/06\/przescieradlo-dzianina-dino.jpeg","width":800,"height":800},{"@type":"BreadcrumbList","@id":"https:\/\/www.mymomentsworld.com\/sklep\/przescieradlo-dzieciece-z-gumka-dino\/#breadcrumb","itemListElement":[{"@type":"ListItem","position":1,"name":"Strona g\u0142\u00f3wna","item":"https:\/\/www.mymomentsworld.com\/"},{"@type":"ListItem","position":2,"name":"Produkty","item":"https:\/\/www.mymomentsworld.com\/sklep\/"},{"@type":"ListItem","position":3,"name":"Prze\u015bcierad\u0142o dzieci\u0119ce z gumk\u0105 Dino"}]},{"@type":"WebSite","@id":"https:\/\/www.mymomentsworld.com\/#website","url":"https:\/\/www.mymomentsworld.com\/","name":"My Moments","description":"Produkty dla niemowl\u0105t, dzieci i rodzic\u00f3w","publisher":{"@id":"https:\/\/www.mymomentsworld.com\/#organization"},"potentialAction":[{"@type":"SearchAction","target":{"@type":"EntryPoint","urlTemplate":"https:\/\/www.mymomentsworld.com\/?s={search_term_string}"},"query-input":{"@type":"PropertyValueSpecification","valueRequired":true,"valueName":"search_term_string"}}],"inLanguage":"pl-PL"},{"@type":"Organization","@id":"https:\/\/www.mymomentsworld.com\/#organization","name":"My Moments","url":"https:\/\/www.mymomentsworld.com\/","logo":{"@type":"ImageObject","inLanguage":"pl-PL","@id":"https:\/\/www.mymomentsworld.com\/#\/schema\/logo\/image\/","url":"https:\/\/www.mymomentsworld.com\/wp-content\/uploads\/2025\/07\/cropped-logo-transparent.png","contentUrl":"https:\/\/www.mymomentsworld.com\/wp-content\/uploads\/2025\/07\/cropped-logo-transparent.png","width":1024,"height":590,"caption":"My Moments"},"image":{"@id":"https:\/\/www.mymomentsworld.com\/#\/schema\/logo\/image\/"},"sameAs":["https:\/\/www.facebook.com\/mymomentsworld\/","https:\/\/www.instagram.com\/mymomentsworld\/","https:\/\/pinterest.com\/MyMomentsWorld\/"]}]}},"_links":{"self":[{"href":"https:\/\/www.mymomentsworld.com\/pl\/wp-json\/wp\/v2\/product\/2885","targetHints":{"allow":["GET"]}}],"collection":[{"href":"https:\/\/www.mymomentsworld.com\/pl\/wp-json\/wp\/v2\/product"}],"about":[{"href":"https:\/\/www.mymomentsworld.com\/pl\/wp-json\/wp\/v2\/types\/product"}],"replies":[{"embeddable":true,"href":"https:\/\/www.mymomentsworld.com\/pl\/wp-json\/wp\/v2\/comments?post=2885"}],"wp:featuredmedia":[{"embeddable":true,"href":"https:\/\/www.mymomentsworld.com\/pl\/wp-json\/wp\/v2\/media\/2856"}],"wp:attachment":[{"href":"https:\/\/www.mymomentsworld.com\/pl\/wp-json\/wp\/v2\/media?parent=2885"}],"wp:term":[{"taxonomy":"product_brand","embeddable":true,"href":"https:\/\/www.mymomentsworld.com\/pl\/wp-json\/wp\/v2\/product_brand?post=2885"},{"taxonomy":"product_cat","embeddable":true,"href":"https:\/\/www.mymomentsworld.com\/pl\/wp-json\/wp\/v2\/product_cat?post=2885"},{"taxonomy":"product_tag","embeddable":true,"href":"https:\/\/www.mymomentsworld.com\/pl\/wp-json\/wp\/v2\/product_tag?post=2885"}],"curies":[{"name":"wp","href":"https:\/\/api.w.org\/{rel}","templated":true}]}}