{"id":3996,"date":"2026-01-23T22:11:13","date_gmt":"2026-01-23T22:11:13","guid":{"rendered":"https:\/\/www.mymomentsworld.com\/?post_type=product&#038;p=3996"},"modified":"2026-03-29T18:35:25","modified_gmt":"2026-03-29T17:35:25","slug":"czapeczka-zimowa-mis-ecru","status":"publish","type":"product","link":"https:\/\/www.mymomentsworld.com\/pl\/sklep\/czapeczka-zimowa-mis-ecru\/","title":{"rendered":"Czapeczka zimowa mi\u015b Ecru"},"content":{"rendered":"<p>Urocza czapeczka niemowl\u0119ca uszyta z wyj\u0105tkowo mi\u0119kkiej i przyjemnej w dotyku tkaniny typu mi\u015b. Idealna na du\u017ce ch\u0142ody, skutecznie chroni g\u0142\u00f3wk\u0119 maluszka przed zimnem i wiatrem, zapewniaj\u0105c komfort nawet w najzimniejsze dni.<\/p>\n<p>Czapeczka dok\u0142adnie zas\u0142ania uszy dziecka, co pomaga utrzyma\u0107 ciep\u0142o i zapobiega wych\u0142odzeniu. Wn\u0119trze wyko\u0144czone jest delikatn\u0105 dzianin\u0105 bawe\u0142nian\u0105, bezpieczn\u0105 i przyjazn\u0105 dla wra\u017cliwej sk\u00f3ry niemowl\u0119cia.<\/p>\n<p>Dost\u0119pna w r\u00f3\u017cnych kolorach, dzi\u0119ki czemu \u0142atwo dopasowa\u0107 j\u0105 do zimowej stylizacji malucha.<\/p>\n<p>Szczeg\u00f3\u0142y produktu:<\/p>\n<p>\u2022\u00a0\u00a0\u00a0\u00a0materia\u0142 zewn\u0119trzny: mi\u015b &#8211; 100% poliester<\/p>\n<p>\u2022\u00a0\u00a0\u00a0\u00a0wn\u0119trze: dzianina bawe\u0142niana<\/p>\n","protected":false},"excerpt":{"rendered":"<p>Urocza czapeczka niemowl\u0119ca uszyta z wyj\u0105tkowo mi\u0119kkiej i przyjemnej w dotyku tkaniny typu mi\u015b. Idealna na du\u017ce ch\u0142ody, skutecznie chroni [&hellip;]<\/p>\n","protected":false},"featured_media":4002,"comment_status":"open","ping_status":"closed","template":"","meta":{"site-sidebar-layout":"default","site-content-layout":"","ast-site-content-layout":"default","site-content-style":"default","site-sidebar-style":"default","ast-global-header-display":"","ast-banner-title-visibility":"","ast-main-header-display":"","ast-hfb-above-header-display":"","ast-hfb-below-header-display":"","ast-hfb-mobile-header-display":"","site-post-title":"","ast-breadcrumbs-content":"","ast-featured-img":"","footer-sml-layout":"","ast-disable-related-posts":"","theme-transparent-header-meta":"default","adv-header-id-meta":"","stick-header-meta":"","header-above-stick-meta":"","header-main-stick-meta":"","header-below-stick-meta":"","astra-migrate-meta-layouts":"set","ast-page-background-enabled":"default","ast-page-background-meta":{"desktop":{"background-color":"var(--ast-global-color-5)","background-image":"","background-repeat":"repeat","background-position":"center center","background-size":"auto","background-attachment":"scroll","background-type":"","background-media":"","overlay-type":"","overlay-color":"","overlay-opacity":"","overlay-gradient":""},"tablet":{"background-color":"","background-image":"","background-repeat":"repeat","background-position":"center center","background-size":"auto","background-attachment":"scroll","background-type":"","background-media":"","overlay-type":"","overlay-color":"","overlay-opacity":"","overlay-gradient":""},"mobile":{"background-color":"","background-image":"","background-repeat":"repeat","background-position":"center center","background-size":"auto","background-attachment":"scroll","background-type":"","background-media":"","overlay-type":"","overlay-color":"","overlay-opacity":"","overlay-gradient":""}},"ast-content-background-meta":{"desktop":{"background-color":"var(--ast-global-color-4)","background-image":"","background-repeat":"repeat","background-position":"center center","background-size":"auto","background-attachment":"scroll","background-type":"","background-media":"","overlay-type":"","overlay-color":"","overlay-opacity":"","overlay-gradient":""},"tablet":{"background-color":"var(--ast-global-color-4)","background-image":"","background-repeat":"repeat","background-position":"center center","background-size":"auto","background-attachment":"scroll","background-type":"","background-media":"","overlay-type":"","overlay-color":"","overlay-opacity":"","overlay-gradient":""},"mobile":{"background-color":"var(--ast-global-color-4)","background-image":"","background-repeat":"repeat","background-position":"center center","background-size":"auto","background-attachment":"scroll","background-type":"","background-media":"","overlay-type":"","overlay-color":"","overlay-opacity":"","overlay-gradient":""}}},"product_brand":[21],"product_cat":[37,17],"product_tag":[165,167,168,160],"class_list":{"0":"post-3996","1":"product","2":"type-product","3":"status-publish","4":"has-post-thumbnail","6":"product_brand-my-moments","7":"product_cat-czapeczki-dla-dzieci-i-niemowlat","8":"product_cat-ubranka-i-dodatki-dla-dzieci","9":"product_tag-czapeczka-dla-niemowlat","10":"product_tag-czapeczka-dla-noworodka","11":"product_tag-czapeczka-dziecieca","12":"product_tag-czapeczka-niemowleca","13":"pa_kolekcja-ecru","14":"desktop-align-left","15":"tablet-align-left","16":"mobile-align-left","18":"first","19":"instock","20":"taxable","21":"shipping-taxable","22":"purchasable","23":"product-type-variable"},"yoast_head":"<!-- This site is optimized with the Yoast SEO plugin v27.2 - https:\/\/yoast.com\/product\/yoast-seo-wordpress\/ -->\n<title>Czapeczka zimowa mi\u015b Ecru | My Moments - Produkty dla niemowl\u0105t, dzieci i rodzic\u00f3w<\/title>\n<meta name=\"robots\" content=\"index, follow, max-snippet:-1, max-image-preview:large, max-video-preview:-1\" \/>\n<link rel=\"canonical\" href=\"https:\/\/www.mymomentsworld.com\/pl\/sklep\/czapeczka-zimowa-mis-ecru\/\" \/>\n<meta property=\"og:locale\" content=\"pl_PL\" \/>\n<meta property=\"og:type\" content=\"article\" \/>\n<meta property=\"og:title\" content=\"Czapeczka zimowa mi\u015b Ecru | My Moments - Produkty dla niemowl\u0105t, dzieci i rodzic\u00f3w\" \/>\n<meta property=\"og:description\" content=\"Urocza czapeczka niemowl\u0119ca uszyta z wyj\u0105tkowo mi\u0119kkiej i przyjemnej w dotyku tkaniny typu mi\u015b. Idealna na du\u017ce ch\u0142ody, skutecznie chroni [&hellip;]\" \/>\n<meta property=\"og:url\" content=\"https:\/\/www.mymomentsworld.com\/pl\/sklep\/czapeczka-zimowa-mis-ecru\/\" \/>\n<meta property=\"og:site_name\" content=\"My Moments\" \/>\n<meta property=\"article:publisher\" content=\"https:\/\/www.facebook.com\/mymomentsworld\/\" \/>\n<meta property=\"article:modified_time\" content=\"2026-03-29T17:35:25+00:00\" \/>\n<meta property=\"og:image\" content=\"https:\/\/www.mymomentsworld.com\/wp-content\/uploads\/2026\/01\/IMG_2692.jpg\" \/>\n\t<meta property=\"og:image:width\" content=\"1536\" \/>\n\t<meta property=\"og:image:height\" content=\"2048\" \/>\n\t<meta property=\"og:image:type\" content=\"image\/jpeg\" \/>\n<meta name=\"twitter:card\" content=\"summary_large_image\" \/>\n<meta name=\"twitter:label1\" content=\"Szacowany czas czytania\" \/>\n\t<meta name=\"twitter:data1\" content=\"1 minuta\" \/>\n<script type=\"application\/ld+json\" class=\"yoast-schema-graph\">{\"@context\":\"https:\/\/schema.org\",\"@graph\":[{\"@type\":\"WebPage\",\"@id\":\"https:\/\/www.mymomentsworld.com\/sklep\/czapeczka-zimowa-mis-ecru\/\",\"url\":\"https:\/\/www.mymomentsworld.com\/sklep\/czapeczka-zimowa-mis-ecru\/\",\"name\":\"Czapeczka zimowa mi\u015b Ecru | My Moments - Produkty dla niemowl\u0105t, dzieci i rodzic\u00f3w\",\"isPartOf\":{\"@id\":\"https:\/\/www.mymomentsworld.com\/#website\"},\"primaryImageOfPage\":{\"@id\":\"https:\/\/www.mymomentsworld.com\/sklep\/czapeczka-zimowa-mis-ecru\/#primaryimage\"},\"image\":{\"@id\":\"https:\/\/www.mymomentsworld.com\/sklep\/czapeczka-zimowa-mis-ecru\/#primaryimage\"},\"thumbnailUrl\":\"https:\/\/www.mymomentsworld.com\/wp-content\/uploads\/2026\/01\/IMG_2692.jpg\",\"datePublished\":\"2026-01-23T22:11:13+00:00\",\"dateModified\":\"2026-03-29T17:35:25+00:00\",\"breadcrumb\":{\"@id\":\"https:\/\/www.mymomentsworld.com\/sklep\/czapeczka-zimowa-mis-ecru\/#breadcrumb\"},\"inLanguage\":\"pl-PL\",\"potentialAction\":[{\"@type\":\"ReadAction\",\"target\":[\"https:\/\/www.mymomentsworld.com\/sklep\/czapeczka-zimowa-mis-ecru\/\"]}]},{\"@type\":\"ImageObject\",\"inLanguage\":\"pl-PL\",\"@id\":\"https:\/\/www.mymomentsworld.com\/sklep\/czapeczka-zimowa-mis-ecru\/#primaryimage\",\"url\":\"https:\/\/www.mymomentsworld.com\/wp-content\/uploads\/2026\/01\/IMG_2692.jpg\",\"contentUrl\":\"https:\/\/www.mymomentsworld.com\/wp-content\/uploads\/2026\/01\/IMG_2692.jpg\",\"width\":1536,\"height\":2048},{\"@type\":\"BreadcrumbList\",\"@id\":\"https:\/\/www.mymomentsworld.com\/sklep\/czapeczka-zimowa-mis-ecru\/#breadcrumb\",\"itemListElement\":[{\"@type\":\"ListItem\",\"position\":1,\"name\":\"Strona g\u0142\u00f3wna\",\"item\":\"https:\/\/www.mymomentsworld.com\/\"},{\"@type\":\"ListItem\",\"position\":2,\"name\":\"Produkty\",\"item\":\"https:\/\/www.mymomentsworld.com\/sklep\/\"},{\"@type\":\"ListItem\",\"position\":3,\"name\":\"Czapeczka zimowa mi\u015b Ecru\"}]},{\"@type\":\"WebSite\",\"@id\":\"https:\/\/www.mymomentsworld.com\/#website\",\"url\":\"https:\/\/www.mymomentsworld.com\/\",\"name\":\"My Moments\",\"description\":\"Produkty dla niemowl\u0105t, dzieci i rodzic\u00f3w\",\"publisher\":{\"@id\":\"https:\/\/www.mymomentsworld.com\/#organization\"},\"potentialAction\":[{\"@type\":\"SearchAction\",\"target\":{\"@type\":\"EntryPoint\",\"urlTemplate\":\"https:\/\/www.mymomentsworld.com\/?s={search_term_string}\"},\"query-input\":{\"@type\":\"PropertyValueSpecification\",\"valueRequired\":true,\"valueName\":\"search_term_string\"}}],\"inLanguage\":\"pl-PL\"},{\"@type\":\"Organization\",\"@id\":\"https:\/\/www.mymomentsworld.com\/#organization\",\"name\":\"My Moments\",\"url\":\"https:\/\/www.mymomentsworld.com\/\",\"logo\":{\"@type\":\"ImageObject\",\"inLanguage\":\"pl-PL\",\"@id\":\"https:\/\/www.mymomentsworld.com\/#\/schema\/logo\/image\/\",\"url\":\"https:\/\/www.mymomentsworld.com\/wp-content\/uploads\/2025\/07\/cropped-logo-transparent.png\",\"contentUrl\":\"https:\/\/www.mymomentsworld.com\/wp-content\/uploads\/2025\/07\/cropped-logo-transparent.png\",\"width\":1024,\"height\":590,\"caption\":\"My Moments\"},\"image\":{\"@id\":\"https:\/\/www.mymomentsworld.com\/#\/schema\/logo\/image\/\"},\"sameAs\":[\"https:\/\/www.facebook.com\/mymomentsworld\/\",\"https:\/\/www.instagram.com\/mymomentsworld\/\",\"https:\/\/pinterest.com\/MyMomentsWorld\/\"]}]}<\/script>\n<!-- \/ Yoast SEO plugin. -->","yoast_head_json":{"title":"Czapeczka zimowa mi\u015b Ecru | My Moments - Produkty dla niemowl\u0105t, dzieci i rodzic\u00f3w","robots":{"index":"index","follow":"follow","max-snippet":"max-snippet:-1","max-image-preview":"max-image-preview:large","max-video-preview":"max-video-preview:-1"},"canonical":"https:\/\/www.mymomentsworld.com\/pl\/sklep\/czapeczka-zimowa-mis-ecru\/","og_locale":"pl_PL","og_type":"article","og_title":"Czapeczka zimowa mi\u015b Ecru | My Moments - Produkty dla niemowl\u0105t, dzieci i rodzic\u00f3w","og_description":"Urocza czapeczka niemowl\u0119ca uszyta z wyj\u0105tkowo mi\u0119kkiej i przyjemnej w dotyku tkaniny typu mi\u015b. Idealna na du\u017ce ch\u0142ody, skutecznie chroni [&hellip;]","og_url":"https:\/\/www.mymomentsworld.com\/pl\/sklep\/czapeczka-zimowa-mis-ecru\/","og_site_name":"My Moments","article_publisher":"https:\/\/www.facebook.com\/mymomentsworld\/","article_modified_time":"2026-03-29T17:35:25+00:00","og_image":[{"width":1536,"height":2048,"url":"https:\/\/www.mymomentsworld.com\/wp-content\/uploads\/2026\/01\/IMG_2692.jpg","type":"image\/jpeg"}],"twitter_card":"summary_large_image","twitter_misc":{"Szacowany czas czytania":"1 minuta"},"schema":{"@context":"https:\/\/schema.org","@graph":[{"@type":"WebPage","@id":"https:\/\/www.mymomentsworld.com\/sklep\/czapeczka-zimowa-mis-ecru\/","url":"https:\/\/www.mymomentsworld.com\/sklep\/czapeczka-zimowa-mis-ecru\/","name":"Czapeczka zimowa mi\u015b Ecru | My Moments - Produkty dla niemowl\u0105t, dzieci i rodzic\u00f3w","isPartOf":{"@id":"https:\/\/www.mymomentsworld.com\/#website"},"primaryImageOfPage":{"@id":"https:\/\/www.mymomentsworld.com\/sklep\/czapeczka-zimowa-mis-ecru\/#primaryimage"},"image":{"@id":"https:\/\/www.mymomentsworld.com\/sklep\/czapeczka-zimowa-mis-ecru\/#primaryimage"},"thumbnailUrl":"https:\/\/www.mymomentsworld.com\/wp-content\/uploads\/2026\/01\/IMG_2692.jpg","datePublished":"2026-01-23T22:11:13+00:00","dateModified":"2026-03-29T17:35:25+00:00","breadcrumb":{"@id":"https:\/\/www.mymomentsworld.com\/sklep\/czapeczka-zimowa-mis-ecru\/#breadcrumb"},"inLanguage":"pl-PL","potentialAction":[{"@type":"ReadAction","target":["https:\/\/www.mymomentsworld.com\/sklep\/czapeczka-zimowa-mis-ecru\/"]}]},{"@type":"ImageObject","inLanguage":"pl-PL","@id":"https:\/\/www.mymomentsworld.com\/sklep\/czapeczka-zimowa-mis-ecru\/#primaryimage","url":"https:\/\/www.mymomentsworld.com\/wp-content\/uploads\/2026\/01\/IMG_2692.jpg","contentUrl":"https:\/\/www.mymomentsworld.com\/wp-content\/uploads\/2026\/01\/IMG_2692.jpg","width":1536,"height":2048},{"@type":"BreadcrumbList","@id":"https:\/\/www.mymomentsworld.com\/sklep\/czapeczka-zimowa-mis-ecru\/#breadcrumb","itemListElement":[{"@type":"ListItem","position":1,"name":"Strona g\u0142\u00f3wna","item":"https:\/\/www.mymomentsworld.com\/"},{"@type":"ListItem","position":2,"name":"Produkty","item":"https:\/\/www.mymomentsworld.com\/sklep\/"},{"@type":"ListItem","position":3,"name":"Czapeczka zimowa mi\u015b Ecru"}]},{"@type":"WebSite","@id":"https:\/\/www.mymomentsworld.com\/#website","url":"https:\/\/www.mymomentsworld.com\/","name":"My Moments","description":"Produkty dla niemowl\u0105t, dzieci i rodzic\u00f3w","publisher":{"@id":"https:\/\/www.mymomentsworld.com\/#organization"},"potentialAction":[{"@type":"SearchAction","target":{"@type":"EntryPoint","urlTemplate":"https:\/\/www.mymomentsworld.com\/?s={search_term_string}"},"query-input":{"@type":"PropertyValueSpecification","valueRequired":true,"valueName":"search_term_string"}}],"inLanguage":"pl-PL"},{"@type":"Organization","@id":"https:\/\/www.mymomentsworld.com\/#organization","name":"My Moments","url":"https:\/\/www.mymomentsworld.com\/","logo":{"@type":"ImageObject","inLanguage":"pl-PL","@id":"https:\/\/www.mymomentsworld.com\/#\/schema\/logo\/image\/","url":"https:\/\/www.mymomentsworld.com\/wp-content\/uploads\/2025\/07\/cropped-logo-transparent.png","contentUrl":"https:\/\/www.mymomentsworld.com\/wp-content\/uploads\/2025\/07\/cropped-logo-transparent.png","width":1024,"height":590,"caption":"My Moments"},"image":{"@id":"https:\/\/www.mymomentsworld.com\/#\/schema\/logo\/image\/"},"sameAs":["https:\/\/www.facebook.com\/mymomentsworld\/","https:\/\/www.instagram.com\/mymomentsworld\/","https:\/\/pinterest.com\/MyMomentsWorld\/"]}]}},"_links":{"self":[{"href":"https:\/\/www.mymomentsworld.com\/pl\/wp-json\/wp\/v2\/product\/3996","targetHints":{"allow":["GET"]}}],"collection":[{"href":"https:\/\/www.mymomentsworld.com\/pl\/wp-json\/wp\/v2\/product"}],"about":[{"href":"https:\/\/www.mymomentsworld.com\/pl\/wp-json\/wp\/v2\/types\/product"}],"replies":[{"embeddable":true,"href":"https:\/\/www.mymomentsworld.com\/pl\/wp-json\/wp\/v2\/comments?post=3996"}],"wp:featuredmedia":[{"embeddable":true,"href":"https:\/\/www.mymomentsworld.com\/pl\/wp-json\/wp\/v2\/media\/4002"}],"wp:attachment":[{"href":"https:\/\/www.mymomentsworld.com\/pl\/wp-json\/wp\/v2\/media?parent=3996"}],"wp:term":[{"taxonomy":"product_brand","embeddable":true,"href":"https:\/\/www.mymomentsworld.com\/pl\/wp-json\/wp\/v2\/product_brand?post=3996"},{"taxonomy":"product_cat","embeddable":true,"href":"https:\/\/www.mymomentsworld.com\/pl\/wp-json\/wp\/v2\/product_cat?post=3996"},{"taxonomy":"product_tag","embeddable":true,"href":"https:\/\/www.mymomentsworld.com\/pl\/wp-json\/wp\/v2\/product_tag?post=3996"}],"curies":[{"name":"wp","href":"https:\/\/api.w.org\/{rel}","templated":true}]}}