{"id":4795,"date":"2026-03-20T22:02:54","date_gmt":"2026-03-20T21:02:54","guid":{"rendered":"https:\/\/www.mymomentsworld.com\/?post_type=product&#038;p=4795"},"modified":"2026-03-29T18:35:24","modified_gmt":"2026-03-29T17:35:24","slug":"mis-matylda","status":"publish","type":"product","link":"https:\/\/www.mymomentsworld.com\/pl\/sklep\/mis-matylda\/","title":{"rendered":"Mi\u015b Matylda"},"content":{"rendered":"<p data-path-to-node=\"3\">Wierzymy, \u017ce <strong>przytulanki<\/strong> s\u0105 jak dzieci &#8211; ka\u017cda z nich ma sw\u00f3j w\u0142asny charakter, niepowtarzalny styl i dusz\u0119. Ta wyj\u0105tkowa <strong>lalka<\/strong> to owoc wsp\u00f3lnej pasji i wsp\u00f3\u0142pracy z <b data-path-to-node=\"3\" data-index-in-node=\"166\">Bellena Doll<\/b>. Stworzona z my\u015bl\u0105 o bezpiecze\u0144stwie i blisko\u015bci, jest idealn\u0105 towarzyszk\u0105 ju\u017c od najm\u0142odszych lat.<\/p>\n<p data-path-to-node=\"4\">To, co czyni j\u0105 naprawd\u0119 unikatow\u0105, to autorskie ubranko z tkanin <b data-path-to-node=\"4\" data-index-in-node=\"66\">My Moments<\/b>. Dzi\u0119ki temu ka\u017cda lalka jest wykonana w <b data-path-to-node=\"4\" data-index-in-node=\"118\">pojedynczym, niepowtarzalnym egzemplarzu<\/b>. To nie tylko zabawka &#8211; to pierwszy prawdziwy przyjaciel, kt\u00f3ry b\u0119dzie dzieli\u0142 z dzieckiem codzienne przygody, sny i najpi\u0119kniejsze wspomnienia z dzieci\u0144stwa.<\/p>\n<p data-path-to-node=\"6\">SZCZEG\u00d3\u0141Y:<\/p>\n<ul data-path-to-node=\"7\">\n<li>\n<p data-path-to-node=\"7,0,0\"><b data-path-to-node=\"7,0,0\" data-index-in-node=\"0\">Unikatowo\u015b\u0107:<\/b> Ka\u017cdy egzemplarz jest jedyny w swoim rodzaju (pojedyncza sztuka).<\/p>\n<\/li>\n<li>\n<p data-path-to-node=\"7,1,0\"><b data-path-to-node=\"7,1,0\" data-index-in-node=\"0\">Wysoko\u015b\u0107:<\/b> ok. 55 cm.<\/p>\n<\/li>\n<li>\n<p data-path-to-node=\"7,2,0\"><b data-path-to-node=\"7,2,0\" data-index-in-node=\"0\">Materia\u0142y lalki:<\/b> 100% naturalna bawe\u0142na, wype\u0142nienie z antyalergicznej kulki silikonowej.<\/p>\n<\/li>\n<li>\n<p data-path-to-node=\"7,3,0\"><b data-path-to-node=\"7,3,0\" data-index-in-node=\"0\">Ubranko:<\/b> Wysokiej jako\u015bci bawe\u0142na oraz mi\u0119kka dzianina bawe\u0142niana.<\/p>\n<\/li>\n<\/ul>\n<p>&nbsp;<\/p>\n<p>&nbsp;<\/p>\n<p data-path-to-node=\"9\"><strong>Dlaczego ta lalka jest wyj\u0105tkowa?<\/strong><\/p>\n<blockquote data-path-to-node=\"10\">\n<p data-path-to-node=\"10,0\">Wykonana z naturalnych tkanin, aby by\u0142a w pe\u0142ni bezpieczna i niezwykle przyjemna w dotyku. Jej wysoko\u015b\u0107 (55 cm) sprawia, \u017ce jest idealna do tulenia, a autorskie wzory ubranek nadaj\u0105 jej luksusowy i artystyczny charakter.<\/p>\n<\/blockquote>\n","protected":false},"excerpt":{"rendered":"<p>Wierzymy, \u017ce przytulanki s\u0105 jak dzieci &#8211; ka\u017cda z nich ma sw\u00f3j w\u0142asny charakter, niepowtarzalny styl i dusz\u0119. Ta wyj\u0105tkowa [&hellip;]<\/p>\n","protected":false},"featured_media":4762,"comment_status":"open","ping_status":"closed","template":"","meta":{"site-sidebar-layout":"default","site-content-layout":"","ast-site-content-layout":"default","site-content-style":"default","site-sidebar-style":"default","ast-global-header-display":"","ast-banner-title-visibility":"","ast-main-header-display":"","ast-hfb-above-header-display":"","ast-hfb-below-header-display":"","ast-hfb-mobile-header-display":"","site-post-title":"","ast-breadcrumbs-content":"","ast-featured-img":"","footer-sml-layout":"","ast-disable-related-posts":"","theme-transparent-header-meta":"default","adv-header-id-meta":"","stick-header-meta":"","header-above-stick-meta":"","header-main-stick-meta":"","header-below-stick-meta":"","astra-migrate-meta-layouts":"set","ast-page-background-enabled":"default","ast-page-background-meta":{"desktop":{"background-color":"var(--ast-global-color-5)","background-image":"","background-repeat":"repeat","background-position":"center center","background-size":"auto","background-attachment":"scroll","background-type":"","background-media":"","overlay-type":"","overlay-color":"","overlay-opacity":"","overlay-gradient":""},"tablet":{"background-color":"","background-image":"","background-repeat":"repeat","background-position":"center center","background-size":"auto","background-attachment":"scroll","background-type":"","background-media":"","overlay-type":"","overlay-color":"","overlay-opacity":"","overlay-gradient":""},"mobile":{"background-color":"","background-image":"","background-repeat":"repeat","background-position":"center center","background-size":"auto","background-attachment":"scroll","background-type":"","background-media":"","overlay-type":"","overlay-color":"","overlay-opacity":"","overlay-gradient":""}},"ast-content-background-meta":{"desktop":{"background-color":"var(--ast-global-color-4)","background-image":"","background-repeat":"repeat","background-position":"center center","background-size":"auto","background-attachment":"scroll","background-type":"","background-media":"","overlay-type":"","overlay-color":"","overlay-opacity":"","overlay-gradient":""},"tablet":{"background-color":"var(--ast-global-color-4)","background-image":"","background-repeat":"repeat","background-position":"center center","background-size":"auto","background-attachment":"scroll","background-type":"","background-media":"","overlay-type":"","overlay-color":"","overlay-opacity":"","overlay-gradient":""},"mobile":{"background-color":"var(--ast-global-color-4)","background-image":"","background-repeat":"repeat","background-position":"center center","background-size":"auto","background-attachment":"scroll","background-type":"","background-media":"","overlay-type":"","overlay-color":"","overlay-opacity":"","overlay-gradient":""}}},"product_brand":[21],"product_cat":[231,217],"product_tag":[230,228,229],"class_list":{"0":"post-4795","1":"product","2":"type-product","3":"status-publish","4":"has-post-thumbnail","6":"product_brand-my-moments","7":"product_cat-przytulanki","8":"product_cat-zabawki","9":"product_tag-lalka","10":"product_tag-przytulanka","11":"product_tag-przytulanka-dziecieca","12":"desktop-align-left","13":"tablet-align-left","14":"mobile-align-left","16":"first","17":"instock","18":"purchasable","19":"product-type-simple"},"yoast_head":"<!-- This site is optimized with the Yoast SEO plugin v27.2 - https:\/\/yoast.com\/product\/yoast-seo-wordpress\/ -->\n<title>Mi\u015b Matylda | My Moments - Produkty dla niemowl\u0105t, dzieci i rodzic\u00f3w<\/title>\n<meta name=\"robots\" content=\"index, follow, max-snippet:-1, max-image-preview:large, max-video-preview:-1\" \/>\n<link rel=\"canonical\" href=\"https:\/\/www.mymomentsworld.com\/pl\/sklep\/mis-matylda\/\" \/>\n<meta property=\"og:locale\" content=\"pl_PL\" \/>\n<meta property=\"og:type\" content=\"article\" \/>\n<meta property=\"og:title\" content=\"Mi\u015b Matylda | My Moments - Produkty dla niemowl\u0105t, dzieci i rodzic\u00f3w\" \/>\n<meta property=\"og:description\" content=\"Wierzymy, \u017ce przytulanki s\u0105 jak dzieci &#8211; ka\u017cda z nich ma sw\u00f3j w\u0142asny charakter, niepowtarzalny styl i dusz\u0119. Ta wyj\u0105tkowa [&hellip;]\" \/>\n<meta property=\"og:url\" content=\"https:\/\/www.mymomentsworld.com\/pl\/sklep\/mis-matylda\/\" \/>\n<meta property=\"og:site_name\" content=\"My Moments\" \/>\n<meta property=\"article:publisher\" content=\"https:\/\/www.facebook.com\/mymomentsworld\/\" \/>\n<meta property=\"article:modified_time\" content=\"2026-03-29T17:35:24+00:00\" \/>\n<meta property=\"og:image\" content=\"https:\/\/www.mymomentsworld.com\/wp-content\/uploads\/2026\/03\/IMG_4436-scaled.jpeg\" \/>\n\t<meta property=\"og:image:width\" content=\"1920\" \/>\n\t<meta property=\"og:image:height\" content=\"2560\" \/>\n\t<meta property=\"og:image:type\" content=\"image\/jpeg\" \/>\n<meta name=\"twitter:card\" content=\"summary_large_image\" \/>\n<meta name=\"twitter:label1\" content=\"Szacowany czas czytania\" \/>\n\t<meta name=\"twitter:data1\" content=\"1 minuta\" \/>\n<script type=\"application\/ld+json\" class=\"yoast-schema-graph\">{\"@context\":\"https:\/\/schema.org\",\"@graph\":[{\"@type\":\"WebPage\",\"@id\":\"https:\/\/www.mymomentsworld.com\/sklep\/mis-matylda\/\",\"url\":\"https:\/\/www.mymomentsworld.com\/sklep\/mis-matylda\/\",\"name\":\"Mi\u015b Matylda | My Moments - Produkty dla niemowl\u0105t, dzieci i rodzic\u00f3w\",\"isPartOf\":{\"@id\":\"https:\/\/www.mymomentsworld.com\/#website\"},\"primaryImageOfPage\":{\"@id\":\"https:\/\/www.mymomentsworld.com\/sklep\/mis-matylda\/#primaryimage\"},\"image\":{\"@id\":\"https:\/\/www.mymomentsworld.com\/sklep\/mis-matylda\/#primaryimage\"},\"thumbnailUrl\":\"https:\/\/www.mymomentsworld.com\/wp-content\/uploads\/2026\/03\/IMG_4436-scaled.jpeg\",\"datePublished\":\"2026-03-20T21:02:54+00:00\",\"dateModified\":\"2026-03-29T17:35:24+00:00\",\"breadcrumb\":{\"@id\":\"https:\/\/www.mymomentsworld.com\/sklep\/mis-matylda\/#breadcrumb\"},\"inLanguage\":\"pl-PL\",\"potentialAction\":[{\"@type\":\"ReadAction\",\"target\":[\"https:\/\/www.mymomentsworld.com\/sklep\/mis-matylda\/\"]}]},{\"@type\":\"ImageObject\",\"inLanguage\":\"pl-PL\",\"@id\":\"https:\/\/www.mymomentsworld.com\/sklep\/mis-matylda\/#primaryimage\",\"url\":\"https:\/\/www.mymomentsworld.com\/wp-content\/uploads\/2026\/03\/IMG_4436-scaled.jpeg\",\"contentUrl\":\"https:\/\/www.mymomentsworld.com\/wp-content\/uploads\/2026\/03\/IMG_4436-scaled.jpeg\",\"width\":1920,\"height\":2560,\"caption\":\"R\u0119cznie robiona lalka szmacianka mi\u015b Matylda w be\u017cowej sukience\"},{\"@type\":\"BreadcrumbList\",\"@id\":\"https:\/\/www.mymomentsworld.com\/sklep\/mis-matylda\/#breadcrumb\",\"itemListElement\":[{\"@type\":\"ListItem\",\"position\":1,\"name\":\"Strona g\u0142\u00f3wna\",\"item\":\"https:\/\/www.mymomentsworld.com\/\"},{\"@type\":\"ListItem\",\"position\":2,\"name\":\"Produkty\",\"item\":\"https:\/\/www.mymomentsworld.com\/sklep\/\"},{\"@type\":\"ListItem\",\"position\":3,\"name\":\"Mi\u015b Matylda\"}]},{\"@type\":\"WebSite\",\"@id\":\"https:\/\/www.mymomentsworld.com\/#website\",\"url\":\"https:\/\/www.mymomentsworld.com\/\",\"name\":\"My Moments\",\"description\":\"Produkty dla niemowl\u0105t, dzieci i rodzic\u00f3w\",\"publisher\":{\"@id\":\"https:\/\/www.mymomentsworld.com\/#organization\"},\"potentialAction\":[{\"@type\":\"SearchAction\",\"target\":{\"@type\":\"EntryPoint\",\"urlTemplate\":\"https:\/\/www.mymomentsworld.com\/?s={search_term_string}\"},\"query-input\":{\"@type\":\"PropertyValueSpecification\",\"valueRequired\":true,\"valueName\":\"search_term_string\"}}],\"inLanguage\":\"pl-PL\"},{\"@type\":\"Organization\",\"@id\":\"https:\/\/www.mymomentsworld.com\/#organization\",\"name\":\"My Moments\",\"url\":\"https:\/\/www.mymomentsworld.com\/\",\"logo\":{\"@type\":\"ImageObject\",\"inLanguage\":\"pl-PL\",\"@id\":\"https:\/\/www.mymomentsworld.com\/#\/schema\/logo\/image\/\",\"url\":\"https:\/\/www.mymomentsworld.com\/wp-content\/uploads\/2025\/07\/cropped-logo-transparent.png\",\"contentUrl\":\"https:\/\/www.mymomentsworld.com\/wp-content\/uploads\/2025\/07\/cropped-logo-transparent.png\",\"width\":1024,\"height\":590,\"caption\":\"My Moments\"},\"image\":{\"@id\":\"https:\/\/www.mymomentsworld.com\/#\/schema\/logo\/image\/\"},\"sameAs\":[\"https:\/\/www.facebook.com\/mymomentsworld\/\",\"https:\/\/www.instagram.com\/mymomentsworld\/\",\"https:\/\/pinterest.com\/MyMomentsWorld\/\"]}]}<\/script>\n<!-- \/ Yoast SEO plugin. -->","yoast_head_json":{"title":"Mi\u015b Matylda | My Moments - Produkty dla niemowl\u0105t, dzieci i rodzic\u00f3w","robots":{"index":"index","follow":"follow","max-snippet":"max-snippet:-1","max-image-preview":"max-image-preview:large","max-video-preview":"max-video-preview:-1"},"canonical":"https:\/\/www.mymomentsworld.com\/pl\/sklep\/mis-matylda\/","og_locale":"pl_PL","og_type":"article","og_title":"Mi\u015b Matylda | My Moments - Produkty dla niemowl\u0105t, dzieci i rodzic\u00f3w","og_description":"Wierzymy, \u017ce przytulanki s\u0105 jak dzieci &#8211; ka\u017cda z nich ma sw\u00f3j w\u0142asny charakter, niepowtarzalny styl i dusz\u0119. Ta wyj\u0105tkowa [&hellip;]","og_url":"https:\/\/www.mymomentsworld.com\/pl\/sklep\/mis-matylda\/","og_site_name":"My Moments","article_publisher":"https:\/\/www.facebook.com\/mymomentsworld\/","article_modified_time":"2026-03-29T17:35:24+00:00","og_image":[{"width":1920,"height":2560,"url":"https:\/\/www.mymomentsworld.com\/wp-content\/uploads\/2026\/03\/IMG_4436-scaled.jpeg","type":"image\/jpeg"}],"twitter_card":"summary_large_image","twitter_misc":{"Szacowany czas czytania":"1 minuta"},"schema":{"@context":"https:\/\/schema.org","@graph":[{"@type":"WebPage","@id":"https:\/\/www.mymomentsworld.com\/sklep\/mis-matylda\/","url":"https:\/\/www.mymomentsworld.com\/sklep\/mis-matylda\/","name":"Mi\u015b Matylda | My Moments - Produkty dla niemowl\u0105t, dzieci i rodzic\u00f3w","isPartOf":{"@id":"https:\/\/www.mymomentsworld.com\/#website"},"primaryImageOfPage":{"@id":"https:\/\/www.mymomentsworld.com\/sklep\/mis-matylda\/#primaryimage"},"image":{"@id":"https:\/\/www.mymomentsworld.com\/sklep\/mis-matylda\/#primaryimage"},"thumbnailUrl":"https:\/\/www.mymomentsworld.com\/wp-content\/uploads\/2026\/03\/IMG_4436-scaled.jpeg","datePublished":"2026-03-20T21:02:54+00:00","dateModified":"2026-03-29T17:35:24+00:00","breadcrumb":{"@id":"https:\/\/www.mymomentsworld.com\/sklep\/mis-matylda\/#breadcrumb"},"inLanguage":"pl-PL","potentialAction":[{"@type":"ReadAction","target":["https:\/\/www.mymomentsworld.com\/sklep\/mis-matylda\/"]}]},{"@type":"ImageObject","inLanguage":"pl-PL","@id":"https:\/\/www.mymomentsworld.com\/sklep\/mis-matylda\/#primaryimage","url":"https:\/\/www.mymomentsworld.com\/wp-content\/uploads\/2026\/03\/IMG_4436-scaled.jpeg","contentUrl":"https:\/\/www.mymomentsworld.com\/wp-content\/uploads\/2026\/03\/IMG_4436-scaled.jpeg","width":1920,"height":2560,"caption":"R\u0119cznie robiona lalka szmacianka mi\u015b Matylda w be\u017cowej sukience"},{"@type":"BreadcrumbList","@id":"https:\/\/www.mymomentsworld.com\/sklep\/mis-matylda\/#breadcrumb","itemListElement":[{"@type":"ListItem","position":1,"name":"Strona g\u0142\u00f3wna","item":"https:\/\/www.mymomentsworld.com\/"},{"@type":"ListItem","position":2,"name":"Produkty","item":"https:\/\/www.mymomentsworld.com\/sklep\/"},{"@type":"ListItem","position":3,"name":"Mi\u015b Matylda"}]},{"@type":"WebSite","@id":"https:\/\/www.mymomentsworld.com\/#website","url":"https:\/\/www.mymomentsworld.com\/","name":"My Moments","description":"Produkty dla niemowl\u0105t, dzieci i rodzic\u00f3w","publisher":{"@id":"https:\/\/www.mymomentsworld.com\/#organization"},"potentialAction":[{"@type":"SearchAction","target":{"@type":"EntryPoint","urlTemplate":"https:\/\/www.mymomentsworld.com\/?s={search_term_string}"},"query-input":{"@type":"PropertyValueSpecification","valueRequired":true,"valueName":"search_term_string"}}],"inLanguage":"pl-PL"},{"@type":"Organization","@id":"https:\/\/www.mymomentsworld.com\/#organization","name":"My Moments","url":"https:\/\/www.mymomentsworld.com\/","logo":{"@type":"ImageObject","inLanguage":"pl-PL","@id":"https:\/\/www.mymomentsworld.com\/#\/schema\/logo\/image\/","url":"https:\/\/www.mymomentsworld.com\/wp-content\/uploads\/2025\/07\/cropped-logo-transparent.png","contentUrl":"https:\/\/www.mymomentsworld.com\/wp-content\/uploads\/2025\/07\/cropped-logo-transparent.png","width":1024,"height":590,"caption":"My Moments"},"image":{"@id":"https:\/\/www.mymomentsworld.com\/#\/schema\/logo\/image\/"},"sameAs":["https:\/\/www.facebook.com\/mymomentsworld\/","https:\/\/www.instagram.com\/mymomentsworld\/","https:\/\/pinterest.com\/MyMomentsWorld\/"]}]}},"_links":{"self":[{"href":"https:\/\/www.mymomentsworld.com\/pl\/wp-json\/wp\/v2\/product\/4795","targetHints":{"allow":["GET"]}}],"collection":[{"href":"https:\/\/www.mymomentsworld.com\/pl\/wp-json\/wp\/v2\/product"}],"about":[{"href":"https:\/\/www.mymomentsworld.com\/pl\/wp-json\/wp\/v2\/types\/product"}],"replies":[{"embeddable":true,"href":"https:\/\/www.mymomentsworld.com\/pl\/wp-json\/wp\/v2\/comments?post=4795"}],"wp:featuredmedia":[{"embeddable":true,"href":"https:\/\/www.mymomentsworld.com\/pl\/wp-json\/wp\/v2\/media\/4762"}],"wp:attachment":[{"href":"https:\/\/www.mymomentsworld.com\/pl\/wp-json\/wp\/v2\/media?parent=4795"}],"wp:term":[{"taxonomy":"product_brand","embeddable":true,"href":"https:\/\/www.mymomentsworld.com\/pl\/wp-json\/wp\/v2\/product_brand?post=4795"},{"taxonomy":"product_cat","embeddable":true,"href":"https:\/\/www.mymomentsworld.com\/pl\/wp-json\/wp\/v2\/product_cat?post=4795"},{"taxonomy":"product_tag","embeddable":true,"href":"https:\/\/www.mymomentsworld.com\/pl\/wp-json\/wp\/v2\/product_tag?post=4795"}],"curies":[{"name":"wp","href":"https:\/\/api.w.org\/{rel}","templated":true}]}}