{"id":524,"date":"2025-05-10T18:01:21","date_gmt":"2025-05-10T18:01:21","guid":{"rendered":"http:\/\/www.mymomentsworld.com.jakub-belau.pl\/?post_type=product&#038;p=524"},"modified":"2026-04-11T11:43:13","modified_gmt":"2026-04-11T10:43:13","slug":"otulacz-niemowlecy-antykolkowy-nut-leaves","status":"publish","type":"product","link":"https:\/\/www.mymomentsworld.com\/pl\/sklep\/otulacz-niemowlecy-antykolkowy-nut-leaves\/","title":{"rendered":"Otulacz niemowl\u0119cy antykolkowy Beige Leaves zestaw z czapeczk\u0105"},"content":{"rendered":"<h6 style=\"text-align: center;\" data-section-id=\"5h5kb1\" data-start=\"1422\" data-end=\"1438\">W zestawie otulacz dla niemowlaka + urocza czapeczka, idealny komplet na start dla noworodka.<\/h6>\n<p style=\"text-align: left;\" data-start=\"248\" data-end=\"420\"><em>Otulacz niemowl\u0119cy pomaga maluszkowi poczu\u0107 si\u0119 jak w brzuchu mamy. Dzi\u0119ki dopracowanemu krojowi i mi\u0119kkiej dzianinie wspiera spokojny sen.<\/em><\/p>\n<h6 style=\"text-align: left;\" data-start=\"248\" data-end=\"420\">Dlaczego mamy go kochaj\u0105?<\/h6>\n<p style=\"text-align: left;\" data-start=\"459\" data-end=\"633\">\u2714 uspokaja dziecko i u\u0142atwia zasypianie<br data-start=\"498\" data-end=\"501\" \/>\u2714 pomaga zmniejszy\u0107 objawy kolki<br data-start=\"533\" data-end=\"536\" \/>\u2714 wyd\u0142u\u017ca sen maluszka<br data-start=\"558\" data-end=\"561\" \/>\u2714 daje poczucie bezpiecze\u0144stwa<br data-start=\"591\" data-end=\"594\" \/>\u2714 idealny ju\u017c od pierwszych dni \u017cycia<\/p>\n<h6 data-section-id=\"2i60my\" data-start=\"640\" data-end=\"673\">Przemy\u015blany w ka\u017cdym detalu:<\/h6>\n<ul data-start=\"675\" data-end=\"932\">\n<li data-section-id=\"1u8cnvn\" data-start=\"675\" data-end=\"745\"><strong data-start=\"677\" data-end=\"697\">Dwustronny zamek<\/strong> \u2013 szybkie przewijanie bez rozbierania dziecka<\/li>\n<li data-section-id=\"hihq5i\" data-start=\"746\" data-end=\"806\"><strong data-start=\"748\" data-end=\"769\">Ochrona przy szyi<\/strong> \u2013 brak podra\u017cnie\u0144 delikatnej sk\u00f3ry<\/li>\n<li data-section-id=\"r9x5li\" data-start=\"807\" data-end=\"870\"><strong data-start=\"809\" data-end=\"831\">Dopasowany kszta\u0142t<\/strong> \u2013 wspiera naturaln\u0105 pozycj\u0119 maluszka<\/li>\n<li data-section-id=\"1vhdpwg\" data-start=\"871\" data-end=\"932\"><strong data-start=\"873\" data-end=\"904\">Mi\u0119kka, elastyczna dzianina<\/strong> \u2013 komfort i swoboda ruchu<\/li>\n<\/ul>\n<h6 data-section-id=\"t9akgs\" data-start=\"939\" data-end=\"966\">Rozmiar <span style=\"font-size: 16px;\">otulacza dla niemow\u0105t \ud83d\udc49 po tym okresie zalecamy przej\u015bcie na \u015bpiworek do spania<\/span><\/h6>\n<ul data-start=\"968\" data-end=\"1039\">\n<li data-section-id=\"tj1jjt\" data-start=\"968\" data-end=\"989\"><span style=\"font-size: 16px;\">d\u0142ugo\u015b\u0107 56 cm ( bez naci\u0105gania)<\/span><\/li>\n<li data-section-id=\"tj1jjt\" data-start=\"968\" data-end=\"989\"><span style=\"font-size: 16px;\">szeroko\u015b\u0107 w klatce piersiowej 25 cm ( bez naci\u0105gania)<\/span><\/li>\n<li data-section-id=\"tj1jjt\" data-start=\"968\" data-end=\"989\"><span style=\"font-size: 16px;\">szeroko\u015b\u0107 na dole 32 cm( bez naci\u0105gania)<\/span><span style=\"font-size: 16px;\">\u00a0<\/span><\/li>\n<\/ul>\n<h6 data-section-id=\"1sge9pk\" data-start=\"1106\" data-end=\"1120\">Materia\u0142 (dzianina)<\/h6>\n<p data-start=\"1154\" data-end=\"1225\">\u2714 oddychaj\u0105cy<br data-start=\"1167\" data-end=\"1170\" \/>\u2714 bezpieczny dla sk\u00f3ry dziecka<br data-start=\"1200\" data-end=\"1203\" \/>\u2714 produkcja w Polsce<\/p>\n<ul data-start=\"1122\" data-end=\"1152\">\n<li data-section-id=\"11fs865\" data-start=\"1122\" data-end=\"1137\">95% bawe\u0142na<\/li>\n<li data-section-id=\"yzxod4\" data-start=\"1138\" data-end=\"1152\">5% elastan<\/li>\n<\/ul>\n<h6 data-section-id=\"qj4afc\" data-start=\"1232\" data-end=\"1271\">Piel\u0119gnacja (prosto i bez stresu) \ud83d\udc49 zachowuje kszta\u0142t i mi\u0119kko\u015b\u0107 nawet po wielu praniach<\/h6>\n<ul data-start=\"1273\" data-end=\"1356\">\n<li data-section-id=\"1hyir5f\" data-start=\"1273\" data-end=\"1308\">pra\u0107 w 30\u00b0C (program delikatny)<\/li>\n<li data-section-id=\"15keo52\" data-start=\"1309\" data-end=\"1334\">nie suszy\u0107 w suszarce<\/li>\n<li data-section-id=\"hh791q\" data-start=\"1335\" data-end=\"1356\">prasowa\u0107 do 110\u00b0C<\/li>\n<\/ul>\n<h2 style=\"text-align: center;\" data-section-id=\"ah5k1q\" data-start=\"1580\" data-end=\"1615\">Gotowa na spokojniejsze noce?<\/h2>\n<p style=\"text-align: center;\" data-start=\"1617\" data-end=\"1693\"><strong data-start=\"1617\" data-end=\"1693\">Dodaj do koszyka i zapewnij swojemu dziecku komfort od pierwszych dni<\/strong><\/p>\n","protected":false},"excerpt":{"rendered":"<p>W zestawie otulacz dla niemowlaka + urocza czapeczka, idealny komplet na start dla noworodka. Otulacz niemowl\u0119cy pomaga maluszkowi poczu\u0107 si\u0119 [&hellip;]<\/p>\n","protected":false},"featured_media":525,"comment_status":"open","ping_status":"closed","template":"","meta":{"site-sidebar-layout":"default","site-content-layout":"","ast-site-content-layout":"default","site-content-style":"default","site-sidebar-style":"default","ast-global-header-display":"","ast-banner-title-visibility":"","ast-main-header-display":"","ast-hfb-above-header-display":"","ast-hfb-below-header-display":"","ast-hfb-mobile-header-display":"","site-post-title":"","ast-breadcrumbs-content":"","ast-featured-img":"","footer-sml-layout":"","ast-disable-related-posts":"","theme-transparent-header-meta":"default","adv-header-id-meta":"","stick-header-meta":"","header-above-stick-meta":"","header-main-stick-meta":"","header-below-stick-meta":"","astra-migrate-meta-layouts":"set","ast-page-background-enabled":"default","ast-page-background-meta":{"desktop":{"background-color":"var(--ast-global-color-5)","background-image":"","background-repeat":"repeat","background-position":"center center","background-size":"auto","background-attachment":"scroll","background-type":"","background-media":"","overlay-type":"","overlay-color":"","overlay-opacity":"","overlay-gradient":""},"tablet":{"background-color":"","background-image":"","background-repeat":"repeat","background-position":"center center","background-size":"auto","background-attachment":"scroll","background-type":"","background-media":"","overlay-type":"","overlay-color":"","overlay-opacity":"","overlay-gradient":""},"mobile":{"background-color":"","background-image":"","background-repeat":"repeat","background-position":"center center","background-size":"auto","background-attachment":"scroll","background-type":"","background-media":"","overlay-type":"","overlay-color":"","overlay-opacity":"","overlay-gradient":""}},"ast-content-background-meta":{"desktop":{"background-color":"var(--ast-global-color-4)","background-image":"","background-repeat":"repeat","background-position":"center center","background-size":"auto","background-attachment":"scroll","background-type":"","background-media":"","overlay-type":"","overlay-color":"","overlay-opacity":"","overlay-gradient":""},"tablet":{"background-color":"var(--ast-global-color-4)","background-image":"","background-repeat":"repeat","background-position":"center center","background-size":"auto","background-attachment":"scroll","background-type":"","background-media":"","overlay-type":"","overlay-color":"","overlay-opacity":"","overlay-gradient":""},"mobile":{"background-color":"var(--ast-global-color-4)","background-image":"","background-repeat":"repeat","background-position":"center center","background-size":"auto","background-attachment":"scroll","background-type":"","background-media":"","overlay-type":"","overlay-color":"","overlay-opacity":"","overlay-gradient":""}}},"product_brand":[21],"product_cat":[15],"product_tag":[239,237,238,241],"class_list":{"0":"post-524","1":"product","2":"type-product","3":"status-publish","4":"has-post-thumbnail","6":"product_brand-my-moments","7":"product_cat-otulacze-niemowlece-antykolkowe","8":"product_tag-otulacz-antykolkowy","9":"product_tag-otulacz-dla-niemowlat","10":"product_tag-otulacz-niemowlecy","11":"product_tag-otulacz-z-czapeczka","12":"pa_kolekcja-beige-leaves","13":"desktop-align-left","14":"tablet-align-left","15":"mobile-align-left","17":"first","18":"instock","19":"purchasable","20":"product-type-simple"},"yoast_head":"<!-- This site is optimized with the Yoast SEO plugin v27.3 - https:\/\/yoast.com\/product\/yoast-seo-wordpress\/ -->\n<title>Otulacz niemowl\u0119cy antykolkowy Beige Leaves zestaw z czapeczk\u0105 | My Moments - Produkty dla niemowl\u0105t, dzieci i rodzic\u00f3w<\/title>\n<meta name=\"robots\" content=\"index, follow, max-snippet:-1, max-image-preview:large, max-video-preview:-1\" \/>\n<link rel=\"canonical\" href=\"https:\/\/www.mymomentsworld.com\/pl\/sklep\/otulacz-niemowlecy-antykolkowy-nut-leaves\/\" \/>\n<meta property=\"og:locale\" content=\"pl_PL\" \/>\n<meta property=\"og:type\" content=\"article\" \/>\n<meta property=\"og:title\" content=\"Otulacz niemowl\u0119cy antykolkowy Beige Leaves zestaw z czapeczk\u0105 | My Moments - Produkty dla niemowl\u0105t, dzieci i rodzic\u00f3w\" \/>\n<meta property=\"og:description\" content=\"W zestawie otulacz dla niemowlaka + urocza czapeczka, idealny komplet na start dla noworodka. Otulacz niemowl\u0119cy pomaga maluszkowi poczu\u0107 si\u0119 [&hellip;]\" \/>\n<meta property=\"og:url\" content=\"https:\/\/www.mymomentsworld.com\/pl\/sklep\/otulacz-niemowlecy-antykolkowy-nut-leaves\/\" \/>\n<meta property=\"og:site_name\" content=\"My Moments\" \/>\n<meta property=\"article:publisher\" content=\"https:\/\/www.facebook.com\/mymomentsworld\/\" \/>\n<meta property=\"article:modified_time\" content=\"2026-04-11T10:43:13+00:00\" \/>\n<meta property=\"og:image\" content=\"https:\/\/www.mymomentsworld.com\/wp-content\/uploads\/2025\/05\/otulacz-niemowlecy-beige-leaves.jpeg\" \/>\n\t<meta property=\"og:image:width\" content=\"800\" \/>\n\t<meta property=\"og:image:height\" content=\"800\" \/>\n\t<meta property=\"og:image:type\" content=\"image\/jpeg\" \/>\n<meta name=\"twitter:card\" content=\"summary_large_image\" \/>\n<meta name=\"twitter:label1\" content=\"Szacowany czas czytania\" \/>\n\t<meta name=\"twitter:data1\" content=\"2 minuty\" \/>\n<script type=\"application\/ld+json\" class=\"yoast-schema-graph\">{\"@context\":\"https:\\\/\\\/schema.org\",\"@graph\":[{\"@type\":\"WebPage\",\"@id\":\"https:\\\/\\\/www.mymomentsworld.com\\\/sklep\\\/otulacz-niemowlecy-antykolkowy-nut-leaves\\\/\",\"url\":\"https:\\\/\\\/www.mymomentsworld.com\\\/sklep\\\/otulacz-niemowlecy-antykolkowy-nut-leaves\\\/\",\"name\":\"Otulacz niemowl\u0119cy antykolkowy Beige Leaves zestaw z czapeczk\u0105 | My Moments - Produkty dla niemowl\u0105t, dzieci i rodzic\u00f3w\",\"isPartOf\":{\"@id\":\"https:\\\/\\\/www.mymomentsworld.com\\\/#website\"},\"primaryImageOfPage\":{\"@id\":\"https:\\\/\\\/www.mymomentsworld.com\\\/sklep\\\/otulacz-niemowlecy-antykolkowy-nut-leaves\\\/#primaryimage\"},\"image\":{\"@id\":\"https:\\\/\\\/www.mymomentsworld.com\\\/sklep\\\/otulacz-niemowlecy-antykolkowy-nut-leaves\\\/#primaryimage\"},\"thumbnailUrl\":\"https:\\\/\\\/www.mymomentsworld.com\\\/wp-content\\\/uploads\\\/2025\\\/05\\\/otulacz-niemowlecy-beige-leaves.jpeg\",\"datePublished\":\"2025-05-10T18:01:21+00:00\",\"dateModified\":\"2026-04-11T10:43:13+00:00\",\"breadcrumb\":{\"@id\":\"https:\\\/\\\/www.mymomentsworld.com\\\/sklep\\\/otulacz-niemowlecy-antykolkowy-nut-leaves\\\/#breadcrumb\"},\"inLanguage\":\"pl-PL\",\"potentialAction\":[{\"@type\":\"ReadAction\",\"target\":[\"https:\\\/\\\/www.mymomentsworld.com\\\/sklep\\\/otulacz-niemowlecy-antykolkowy-nut-leaves\\\/\"]}]},{\"@type\":\"ImageObject\",\"inLanguage\":\"pl-PL\",\"@id\":\"https:\\\/\\\/www.mymomentsworld.com\\\/sklep\\\/otulacz-niemowlecy-antykolkowy-nut-leaves\\\/#primaryimage\",\"url\":\"https:\\\/\\\/www.mymomentsworld.com\\\/wp-content\\\/uploads\\\/2025\\\/05\\\/otulacz-niemowlecy-beige-leaves.jpeg\",\"contentUrl\":\"https:\\\/\\\/www.mymomentsworld.com\\\/wp-content\\\/uploads\\\/2025\\\/05\\\/otulacz-niemowlecy-beige-leaves.jpeg\",\"width\":800,\"height\":800},{\"@type\":\"BreadcrumbList\",\"@id\":\"https:\\\/\\\/www.mymomentsworld.com\\\/sklep\\\/otulacz-niemowlecy-antykolkowy-nut-leaves\\\/#breadcrumb\",\"itemListElement\":[{\"@type\":\"ListItem\",\"position\":1,\"name\":\"Strona g\u0142\u00f3wna\",\"item\":\"https:\\\/\\\/www.mymomentsworld.com\\\/\"},{\"@type\":\"ListItem\",\"position\":2,\"name\":\"Produkty\",\"item\":\"https:\\\/\\\/www.mymomentsworld.com\\\/sklep\\\/\"},{\"@type\":\"ListItem\",\"position\":3,\"name\":\"Otulacz niemowl\u0119cy antykolkowy Beige Leaves zestaw z czapeczk\u0105\"}]},{\"@type\":\"WebSite\",\"@id\":\"https:\\\/\\\/www.mymomentsworld.com\\\/#website\",\"url\":\"https:\\\/\\\/www.mymomentsworld.com\\\/\",\"name\":\"My Moments\",\"description\":\"Produkty dla niemowl\u0105t, dzieci i rodzic\u00f3w\",\"publisher\":{\"@id\":\"https:\\\/\\\/www.mymomentsworld.com\\\/#organization\"},\"potentialAction\":[{\"@type\":\"SearchAction\",\"target\":{\"@type\":\"EntryPoint\",\"urlTemplate\":\"https:\\\/\\\/www.mymomentsworld.com\\\/?s={search_term_string}\"},\"query-input\":{\"@type\":\"PropertyValueSpecification\",\"valueRequired\":true,\"valueName\":\"search_term_string\"}}],\"inLanguage\":\"pl-PL\"},{\"@type\":\"Organization\",\"@id\":\"https:\\\/\\\/www.mymomentsworld.com\\\/#organization\",\"name\":\"My Moments\",\"url\":\"https:\\\/\\\/www.mymomentsworld.com\\\/\",\"logo\":{\"@type\":\"ImageObject\",\"inLanguage\":\"pl-PL\",\"@id\":\"https:\\\/\\\/www.mymomentsworld.com\\\/#\\\/schema\\\/logo\\\/image\\\/\",\"url\":\"https:\\\/\\\/www.mymomentsworld.com\\\/wp-content\\\/uploads\\\/2025\\\/07\\\/cropped-logo-transparent.png\",\"contentUrl\":\"https:\\\/\\\/www.mymomentsworld.com\\\/wp-content\\\/uploads\\\/2025\\\/07\\\/cropped-logo-transparent.png\",\"width\":1024,\"height\":590,\"caption\":\"My Moments\"},\"image\":{\"@id\":\"https:\\\/\\\/www.mymomentsworld.com\\\/#\\\/schema\\\/logo\\\/image\\\/\"},\"sameAs\":[\"https:\\\/\\\/www.facebook.com\\\/mymomentsworld\\\/\",\"https:\\\/\\\/www.instagram.com\\\/mymomentsworld\\\/\",\"https:\\\/\\\/pinterest.com\\\/MyMomentsWorld\\\/\"]}]}<\/script>\n<!-- \/ Yoast SEO plugin. -->","yoast_head_json":{"title":"Otulacz niemowl\u0119cy antykolkowy Beige Leaves zestaw z czapeczk\u0105 | My Moments - Produkty dla niemowl\u0105t, dzieci i rodzic\u00f3w","robots":{"index":"index","follow":"follow","max-snippet":"max-snippet:-1","max-image-preview":"max-image-preview:large","max-video-preview":"max-video-preview:-1"},"canonical":"https:\/\/www.mymomentsworld.com\/pl\/sklep\/otulacz-niemowlecy-antykolkowy-nut-leaves\/","og_locale":"pl_PL","og_type":"article","og_title":"Otulacz niemowl\u0119cy antykolkowy Beige Leaves zestaw z czapeczk\u0105 | My Moments - Produkty dla niemowl\u0105t, dzieci i rodzic\u00f3w","og_description":"W zestawie otulacz dla niemowlaka + urocza czapeczka, idealny komplet na start dla noworodka. Otulacz niemowl\u0119cy pomaga maluszkowi poczu\u0107 si\u0119 [&hellip;]","og_url":"https:\/\/www.mymomentsworld.com\/pl\/sklep\/otulacz-niemowlecy-antykolkowy-nut-leaves\/","og_site_name":"My Moments","article_publisher":"https:\/\/www.facebook.com\/mymomentsworld\/","article_modified_time":"2026-04-11T10:43:13+00:00","og_image":[{"width":800,"height":800,"url":"https:\/\/www.mymomentsworld.com\/wp-content\/uploads\/2025\/05\/otulacz-niemowlecy-beige-leaves.jpeg","type":"image\/jpeg"}],"twitter_card":"summary_large_image","twitter_misc":{"Szacowany czas czytania":"2 minuty"},"schema":{"@context":"https:\/\/schema.org","@graph":[{"@type":"WebPage","@id":"https:\/\/www.mymomentsworld.com\/sklep\/otulacz-niemowlecy-antykolkowy-nut-leaves\/","url":"https:\/\/www.mymomentsworld.com\/sklep\/otulacz-niemowlecy-antykolkowy-nut-leaves\/","name":"Otulacz niemowl\u0119cy antykolkowy Beige Leaves zestaw z czapeczk\u0105 | My Moments - Produkty dla niemowl\u0105t, dzieci i rodzic\u00f3w","isPartOf":{"@id":"https:\/\/www.mymomentsworld.com\/#website"},"primaryImageOfPage":{"@id":"https:\/\/www.mymomentsworld.com\/sklep\/otulacz-niemowlecy-antykolkowy-nut-leaves\/#primaryimage"},"image":{"@id":"https:\/\/www.mymomentsworld.com\/sklep\/otulacz-niemowlecy-antykolkowy-nut-leaves\/#primaryimage"},"thumbnailUrl":"https:\/\/www.mymomentsworld.com\/wp-content\/uploads\/2025\/05\/otulacz-niemowlecy-beige-leaves.jpeg","datePublished":"2025-05-10T18:01:21+00:00","dateModified":"2026-04-11T10:43:13+00:00","breadcrumb":{"@id":"https:\/\/www.mymomentsworld.com\/sklep\/otulacz-niemowlecy-antykolkowy-nut-leaves\/#breadcrumb"},"inLanguage":"pl-PL","potentialAction":[{"@type":"ReadAction","target":["https:\/\/www.mymomentsworld.com\/sklep\/otulacz-niemowlecy-antykolkowy-nut-leaves\/"]}]},{"@type":"ImageObject","inLanguage":"pl-PL","@id":"https:\/\/www.mymomentsworld.com\/sklep\/otulacz-niemowlecy-antykolkowy-nut-leaves\/#primaryimage","url":"https:\/\/www.mymomentsworld.com\/wp-content\/uploads\/2025\/05\/otulacz-niemowlecy-beige-leaves.jpeg","contentUrl":"https:\/\/www.mymomentsworld.com\/wp-content\/uploads\/2025\/05\/otulacz-niemowlecy-beige-leaves.jpeg","width":800,"height":800},{"@type":"BreadcrumbList","@id":"https:\/\/www.mymomentsworld.com\/sklep\/otulacz-niemowlecy-antykolkowy-nut-leaves\/#breadcrumb","itemListElement":[{"@type":"ListItem","position":1,"name":"Strona g\u0142\u00f3wna","item":"https:\/\/www.mymomentsworld.com\/"},{"@type":"ListItem","position":2,"name":"Produkty","item":"https:\/\/www.mymomentsworld.com\/sklep\/"},{"@type":"ListItem","position":3,"name":"Otulacz niemowl\u0119cy antykolkowy Beige Leaves zestaw z czapeczk\u0105"}]},{"@type":"WebSite","@id":"https:\/\/www.mymomentsworld.com\/#website","url":"https:\/\/www.mymomentsworld.com\/","name":"My Moments","description":"Produkty dla niemowl\u0105t, dzieci i rodzic\u00f3w","publisher":{"@id":"https:\/\/www.mymomentsworld.com\/#organization"},"potentialAction":[{"@type":"SearchAction","target":{"@type":"EntryPoint","urlTemplate":"https:\/\/www.mymomentsworld.com\/?s={search_term_string}"},"query-input":{"@type":"PropertyValueSpecification","valueRequired":true,"valueName":"search_term_string"}}],"inLanguage":"pl-PL"},{"@type":"Organization","@id":"https:\/\/www.mymomentsworld.com\/#organization","name":"My Moments","url":"https:\/\/www.mymomentsworld.com\/","logo":{"@type":"ImageObject","inLanguage":"pl-PL","@id":"https:\/\/www.mymomentsworld.com\/#\/schema\/logo\/image\/","url":"https:\/\/www.mymomentsworld.com\/wp-content\/uploads\/2025\/07\/cropped-logo-transparent.png","contentUrl":"https:\/\/www.mymomentsworld.com\/wp-content\/uploads\/2025\/07\/cropped-logo-transparent.png","width":1024,"height":590,"caption":"My Moments"},"image":{"@id":"https:\/\/www.mymomentsworld.com\/#\/schema\/logo\/image\/"},"sameAs":["https:\/\/www.facebook.com\/mymomentsworld\/","https:\/\/www.instagram.com\/mymomentsworld\/","https:\/\/pinterest.com\/MyMomentsWorld\/"]}]}},"_links":{"self":[{"href":"https:\/\/www.mymomentsworld.com\/pl\/wp-json\/wp\/v2\/product\/524","targetHints":{"allow":["GET"]}}],"collection":[{"href":"https:\/\/www.mymomentsworld.com\/pl\/wp-json\/wp\/v2\/product"}],"about":[{"href":"https:\/\/www.mymomentsworld.com\/pl\/wp-json\/wp\/v2\/types\/product"}],"replies":[{"embeddable":true,"href":"https:\/\/www.mymomentsworld.com\/pl\/wp-json\/wp\/v2\/comments?post=524"}],"wp:featuredmedia":[{"embeddable":true,"href":"https:\/\/www.mymomentsworld.com\/pl\/wp-json\/wp\/v2\/media\/525"}],"wp:attachment":[{"href":"https:\/\/www.mymomentsworld.com\/pl\/wp-json\/wp\/v2\/media?parent=524"}],"wp:term":[{"taxonomy":"product_brand","embeddable":true,"href":"https:\/\/www.mymomentsworld.com\/pl\/wp-json\/wp\/v2\/product_brand?post=524"},{"taxonomy":"product_cat","embeddable":true,"href":"https:\/\/www.mymomentsworld.com\/pl\/wp-json\/wp\/v2\/product_cat?post=524"},{"taxonomy":"product_tag","embeddable":true,"href":"https:\/\/www.mymomentsworld.com\/pl\/wp-json\/wp\/v2\/product_tag?post=524"}],"curies":[{"name":"wp","href":"https:\/\/api.w.org\/{rel}","templated":true}]}}