{"id":543,"date":"2025-05-10T18:09:26","date_gmt":"2025-05-10T18:09:26","guid":{"rendered":"http:\/\/www.mymomentsworld.com.jakub-belau.pl\/?post_type=product&#038;p=543"},"modified":"2026-04-13T12:18:23","modified_gmt":"2026-04-13T11:18:23","slug":"otulacz-niemowlecy-antykolkowy-sunflowers","status":"publish","type":"product","link":"https:\/\/www.mymomentsworld.com\/pl\/sklep\/otulacz-niemowlecy-antykolkowy-sunflowers\/","title":{"rendered":"Otulacz niemowl\u0119cy antykolkowy Sunflowers"},"content":{"rendered":"<h6 style=\"text-align: center;\">Otulacz dla niemowlaka &#8211; dost\u0119pny r\u00f3wnie\u017c w zestawie z czapeczk\u0105.<\/h6>\n<p style=\"text-align: left;\"><em>Otulacz niemowl\u0119cy pomaga maluszkowi poczu\u0107 si\u0119 jak w brzuchu mamy. Dzi\u0119ki dopracowanemu krojowi i mi\u0119kkiej dzianinie wspiera spokojny sen. Do wyboru warianty: sam otulacz lub komplet z urocz\u0105 czapeczk\u0105.<\/em><\/p>\n<h6>Dlaczego mamy go kochaj\u0105?<\/h6>\n<p>\u2714 uspokaja dziecko i u\u0142atwia zasypianie<br \/>\n\u2714 pomaga zmniejszy\u0107 objawy kolki<br \/>\n\u2714 wyd\u0142u\u017ca sen maluszka<br \/>\n\u2714 daje poczucie bezpiecze\u0144stwa<br \/>\n\u2714 idealny ju\u017c od pierwszych dni \u017cycia<\/p>\n<h6>Przemy\u015blany w ka\u017cdym detalu:<\/h6>\n<ul>\n<li><strong>Dwustronny zamek<\/strong> &#8211; szybkie przewijanie bez rozbierania dziecka<\/li>\n<li><strong>Ochrona przy szyi<\/strong> &#8211; brak podra\u017cnie\u0144 delikatnej sk\u00f3ry<\/li>\n<li><strong>Dopasowany kszta\u0142t<\/strong> &#8211; wspiera naturaln\u0105 pozycj\u0119 maluszka<\/li>\n<li><strong>Mi\u0119kka, elastyczna dzianina<\/strong> &#8211; komfort i swoboda ruchu<\/li>\n<\/ul>\n<h6>Do kiedy u\u017cywa\u0107 <span style=\"font-size: 16px;\">otulacza dla niemow\u0105t ? \ud83d\udc49 po tym okresie zalecamy przej\u015bcie na \u015bpiworek do spania<\/span><\/h6>\n<ul>\n<li>\n<div data-container-id=\"content-placeholder\">\n<div class=\"s7d4ef\" data-processed=\"true\">\n<div data-ve-view=\"\" data-hveid=\"CAIQBg\" data-ved=\"2ahUKEwiMod7S1-qTAxXGKBAIHSazBFwQ2b4KegQIAhAG\">\n<div class=\"Pqkn2e rNSxBe\" data-ved=\"2ahUKEwiMod7S1-qTAxXGKBAIHSazBFwQ274KegQIAhAH\">\n<div class=\"jloFI GkDqAd\">\n<div data-container-id=\"model-response-placeholder\">\n<div data-processed=\"true\">\n<div data-hveid=\"CAIQCQ\" data-ved=\"2ahUKEwiMod7S1-qTAxXGKBAIHSazBFwQ7uAMegQIAhAJ\">\n<div class=\"LT6XE\">\n<div class=\"RJPOee EIJn2\">\n<div class=\"pOOWX\" data-rl=\"pl\" data-lht=\"96\">\n<section>\n<div data-host-wiz-contract-name=\"gws_wizbind\">\n<div class=\"qRuFed\" data-complete=\"true\">\n<div class=\"CKgc1d\" data-scope-id=\"turn\" data-sfc-root=\"c\" data-sfc-cb=\"\">\n<div dir=\"ltr\" data-subtree=\"aimc\" data-sfc-cp=\"\" data-sfc-root=\"c\" data-sfc-cb=\"\" data-ved=\"2ahUKEwimntXS1-qTAxX9IxAIHazdKqkQ2O0OegQIABAA\" data-hveid=\"CAAQAA\">\n<div class=\"FkX2oe\" data-sfc-root=\"c\" data-wiz-uids=\"bZu80e_3\" data-sfc-cb=\"\">\n<div class=\"pWvJNd\" data-sfc-root=\"c\" data-sfc-cb=\"\">\n<div class=\"mZJni Dn7Fzd\" dir=\"ltr\" data-container-id=\"main-col\" data-xid=\"VpUvz\" data-sfc-root=\"c\" data-sfc-cb=\"\" data-ved=\"2ahUKEwimntXS1-qTAxX9IxAIHazdKqkQ3KYQegQIABAB\">\n<div data-container-id=\"5\">\n<ul class=\"KsbFXc U6u95\" data-sfc-root=\"c\" data-sfc-cb=\"\" data-processed=\"true\">\n<li data-sfc-root=\"c\" data-sfc-cb=\"\" data-hveid=\"CAMQAA\" data-processed=\"true\"><span class=\"T286Pc\" data-sfc-cp=\"\" data-sfc-root=\"c\" data-sfc-cb=\"\" data-processed=\"true\"><strong class=\"Yjhzub\" data-sfc-root=\"c\" data-sfc-cb=\"\" data-processed=\"true\">Zalecenia:<\/strong> Otulanie jest najpopularniejsze w pierwszych 3 miesi\u0105cach \u017cycia<\/span><\/li>\n<li class=\"dF3vjf\" data-sfc-root=\"c\" data-sfc-cb=\"\" data-hveid=\"CAMQAA\" data-processed=\"true\"><span class=\"T286Pc\" data-sfc-cp=\"\" data-sfc-root=\"c\" data-sfc-cb=\"\" data-processed=\"true\"><strong class=\"Yjhzub\" data-sfc-root=\"c\" data-sfc-cb=\"\" data-processed=\"true\">Moment odstawienia:<\/strong> Gdy dziecko pr\u00f3buje si\u0119 obraca\u0107 (4-6 miesi\u0105c), nale\u017cy zaprzesta\u0107 otulania.<\/span><\/li>\n<\/ul>\n<\/div>\n<\/div>\n<\/div>\n<\/div>\n<\/div>\n<\/div>\n<\/div>\n<\/div>\n<\/section>\n<\/div>\n<\/div>\n<\/div>\n<\/div>\n<\/div>\n<\/div>\n<\/div>\n<\/div>\n<\/div>\n<\/div>\n<\/div>\n<\/li>\n<\/ul>\n<h6>Materia\u0142 (dzianina)<\/h6>\n<p>\u2714 oddychaj\u0105cy<br \/>\n\u2714 bezpieczny dla sk\u00f3ry dziecka<br \/>\n\u2714 produkcja w Polsce<\/p>\n<ul>\n<li>95% bawe\u0142na<\/li>\n<li>5% elastan<\/li>\n<\/ul>\n<h6>Piel\u0119gnacja (prosto i bez stresu) \ud83d\udc49 zachowuje kszta\u0142t i mi\u0119kko\u015b\u0107 nawet po wielu praniach<\/h6>\n<ul>\n<li>pra\u0107 w 30\u00b0C (program delikatny)<\/li>\n<li>nie suszy\u0107 w suszarce<\/li>\n<li>prasowa\u0107 do 110\u00b0C<\/li>\n<\/ul>\n<h2 style=\"text-align: center;\">Gotowa na spokojniejsze noce?<\/h2>\n<p style=\"text-align: center;\"><strong>Dodaj do koszyka i zapewnij swojemu dziecku komfort od pierwszych dni<\/strong><\/p>\n<div style=\"display: flex; justify-content: center; margin-top: 1.5rem;\">\n<blockquote class=\"instagram-media\" style=\"background: #FFF; border: 0; border-radius: 3px; box-shadow: 0 0 1px 0 rgba(0,0,0,0.5),0 1px 10px 0 rgba(0,0,0,0.15); margin: 1px; max-width: 540px; min-width: 326px; padding: 0; width: calc(100% - 2px);\" data-instgrm-permalink=\"https:\/\/www.instagram.com\/reel\/DJv9w_PsQUx\/?utm_source=ig_embed&amp;utm_campaign=loading\" data-instgrm-version=\"14\">\n<div style=\"padding: 16px;\">\n<p>&nbsp;<\/p>\n<div style=\"display: flex; flex-direction: row; align-items: center;\">\n<div style=\"background-color: #f4f4f4; border-radius: 50%; flex-grow: 0; height: 40px; margin-right: 14px; width: 40px;\"><\/div>\n<div style=\"display: flex; flex-direction: column; flex-grow: 1; justify-content: center;\">\n<div style=\"background-color: #f4f4f4; border-radius: 4px; flex-grow: 0; height: 14px; margin-bottom: 6px; width: 100px;\"><\/div>\n<div style=\"background-color: #f4f4f4; border-radius: 4px; flex-grow: 0; height: 14px; width: 60px;\"><\/div>\n<\/div>\n<\/div>\n<div style=\"padding: 19% 0;\"><\/div>\n<div style=\"display: block; height: 50px; margin: 0 auto 12px; width: 50px;\"><\/div>\n<div style=\"padding-top: 8px;\">\n<div style=\"color: #3897f0; font-family: Arial,sans-serif; font-size: 14px; font-style: normal; font-weight: 550; line-height: 18px;\">Wy\u015bwietl ten post na Instagramie<\/div>\n<\/div>\n<div style=\"padding: 12.5% 0;\"><\/div>\n<div style=\"display: flex; flex-direction: row; margin-bottom: 14px; align-items: center;\">\n<div>\n<div style=\"background-color: #f4f4f4; border-radius: 50%; height: 12.5px; width: 12.5px; transform: translateX(0px) translateY(7px);\"><\/div>\n<div style=\"background-color: #f4f4f4; height: 12.5px; transform: rotate(-45deg) translateX(3px) translateY(1px); width: 12.5px; flex-grow: 0; margin-right: 14px; margin-left: 2px;\"><\/div>\n<div style=\"background-color: #f4f4f4; border-radius: 50%; height: 12.5px; width: 12.5px; transform: translateX(9px) translateY(-18px);\"><\/div>\n<\/div>\n<div style=\"margin-left: 8px;\">\n<div style=\"background-color: #f4f4f4; border-radius: 50%; flex-grow: 0; height: 20px; width: 20px;\"><\/div>\n<div style=\"width: 0; height: 0; border-top: 2px solid transparent; border-left: 6px solid #f4f4f4; border-bottom: 2px solid transparent; transform: translateX(16px) translateY(-4px) rotate(30deg);\"><\/div>\n<\/div>\n<div style=\"margin-left: auto;\">\n<div style=\"width: 0px; border-top: 8px solid #F4F4F4; border-right: 8px solid transparent; transform: translateY(16px);\"><\/div>\n<div style=\"background-color: #f4f4f4; flex-grow: 0; height: 12px; width: 16px; transform: translateY(-4px);\"><\/div>\n<div style=\"width: 0; height: 0; border-top: 8px solid #F4F4F4; border-left: 8px solid transparent; transform: translateY(-4px) translateX(8px);\"><\/div>\n<\/div>\n<\/div>\n<div style=\"display: flex; flex-direction: column; flex-grow: 1; justify-content: center; margin-bottom: 24px;\">\n<div style=\"background-color: #f4f4f4; border-radius: 4px; flex-grow: 0; height: 14px; margin-bottom: 6px; width: 224px;\"><\/div>\n<div style=\"background-color: #f4f4f4; border-radius: 4px; flex-grow: 0; height: 14px; width: 144px;\"><\/div>\n<\/div>\n<p>&nbsp;<\/p>\n<p style=\"color: #c9c8cd; font-family: Arial,sans-serif; font-size: 14px; line-height: 17px; margin-bottom: 0; margin-top: 8px; overflow: hidden; padding: 8px 0 7px; text-align: center; text-overflow: ellipsis; white-space: nowrap;\"><a style=\"color: #c9c8cd; font-family: Arial,sans-serif; font-size: 14px; font-style: normal; font-weight: normal; line-height: 17px; text-decoration: none;\" href=\"https:\/\/www.instagram.com\/reel\/DJv9w_PsQUx\/?utm_source=ig_embed&amp;utm_campaign=loading\" target=\"_blank\" rel=\"noopener\">Post udost\u0119pniony przez My Moments (@mymomentsworld)<\/a><\/p>\n<\/div>\n<\/blockquote>\n<p><script async src=\"\/\/www.instagram.com\/embed.js\"><\/script><\/p>\n<\/div>\n","protected":false},"excerpt":{"rendered":"<p>Otulacz dla niemowlaka &#8211; dost\u0119pny r\u00f3wnie\u017c w zestawie z czapeczk\u0105. Otulacz niemowl\u0119cy pomaga maluszkowi poczu\u0107 si\u0119 jak w brzuchu mamy. [&hellip;]<\/p>\n","protected":false},"featured_media":534,"comment_status":"open","ping_status":"closed","template":"","meta":{"_acf_changed":false,"site-sidebar-layout":"default","site-content-layout":"","ast-site-content-layout":"default","site-content-style":"default","site-sidebar-style":"default","ast-global-header-display":"","ast-banner-title-visibility":"","ast-main-header-display":"","ast-hfb-above-header-display":"","ast-hfb-below-header-display":"","ast-hfb-mobile-header-display":"","site-post-title":"","ast-breadcrumbs-content":"","ast-featured-img":"","footer-sml-layout":"","ast-disable-related-posts":"","theme-transparent-header-meta":"default","adv-header-id-meta":"","stick-header-meta":"","header-above-stick-meta":"","header-main-stick-meta":"","header-below-stick-meta":"","astra-migrate-meta-layouts":"set","ast-page-background-enabled":"default","ast-page-background-meta":{"desktop":{"background-color":"var(--ast-global-color-5)","background-image":"","background-repeat":"repeat","background-position":"center center","background-size":"auto","background-attachment":"scroll","background-type":"","background-media":"","overlay-type":"","overlay-color":"","overlay-opacity":"","overlay-gradient":""},"tablet":{"background-color":"","background-image":"","background-repeat":"repeat","background-position":"center center","background-size":"auto","background-attachment":"scroll","background-type":"","background-media":"","overlay-type":"","overlay-color":"","overlay-opacity":"","overlay-gradient":""},"mobile":{"background-color":"","background-image":"","background-repeat":"repeat","background-position":"center center","background-size":"auto","background-attachment":"scroll","background-type":"","background-media":"","overlay-type":"","overlay-color":"","overlay-opacity":"","overlay-gradient":""}},"ast-content-background-meta":{"desktop":{"background-color":"var(--ast-global-color-4)","background-image":"","background-repeat":"repeat","background-position":"center center","background-size":"auto","background-attachment":"scroll","background-type":"","background-media":"","overlay-type":"","overlay-color":"","overlay-opacity":"","overlay-gradient":""},"tablet":{"background-color":"var(--ast-global-color-4)","background-image":"","background-repeat":"repeat","background-position":"center center","background-size":"auto","background-attachment":"scroll","background-type":"","background-media":"","overlay-type":"","overlay-color":"","overlay-opacity":"","overlay-gradient":""},"mobile":{"background-color":"var(--ast-global-color-4)","background-image":"","background-repeat":"repeat","background-position":"center center","background-size":"auto","background-attachment":"scroll","background-type":"","background-media":"","overlay-type":"","overlay-color":"","overlay-opacity":"","overlay-gradient":""}}},"product_brand":[21],"product_cat":[15],"product_tag":[239,237,238,241],"class_list":{"0":"post-543","1":"product","2":"type-product","3":"status-publish","4":"has-post-thumbnail","6":"product_brand-my-moments","7":"product_cat-otulacze-niemowlece-antykolkowe","8":"product_tag-otulacz-antykolkowy","9":"product_tag-otulacz-dla-niemowlat","10":"product_tag-otulacz-niemowlecy","11":"product_tag-otulacz-z-czapeczka","12":"pa_kolekcja-sunflowers","13":"desktop-align-left","14":"tablet-align-left","15":"mobile-align-left","17":"first","18":"instock","19":"purchasable","20":"product-type-variable","21":"has-default-attributes"},"acf":[],"yoast_head":"<!-- This site is optimized with the Yoast SEO plugin v27.4 - https:\/\/yoast.com\/product\/yoast-seo-wordpress\/ -->\n<title>Otulacz niemowl\u0119cy antykolkowy Sunflowers | My Moments - Produkty dla niemowl\u0105t, dzieci i rodzic\u00f3w<\/title>\n<meta name=\"robots\" content=\"index, follow, max-snippet:-1, max-image-preview:large, max-video-preview:-1\" \/>\n<link rel=\"canonical\" href=\"https:\/\/www.mymomentsworld.com\/pl\/sklep\/otulacz-niemowlecy-antykolkowy-sunflowers\/\" \/>\n<meta property=\"og:locale\" content=\"pl_PL\" \/>\n<meta property=\"og:type\" content=\"article\" \/>\n<meta property=\"og:title\" content=\"Otulacz niemowl\u0119cy antykolkowy Sunflowers | My Moments - Produkty dla niemowl\u0105t, dzieci i rodzic\u00f3w\" \/>\n<meta property=\"og:description\" content=\"Otulacz dla niemowlaka &#8211; dost\u0119pny r\u00f3wnie\u017c w zestawie z czapeczk\u0105. Otulacz niemowl\u0119cy pomaga maluszkowi poczu\u0107 si\u0119 jak w brzuchu mamy. [&hellip;]\" \/>\n<meta property=\"og:url\" content=\"https:\/\/www.mymomentsworld.com\/pl\/sklep\/otulacz-niemowlecy-antykolkowy-sunflowers\/\" \/>\n<meta property=\"og:site_name\" content=\"My Moments\" \/>\n<meta property=\"article:publisher\" content=\"https:\/\/www.facebook.com\/mymomentsworld\/\" \/>\n<meta property=\"article:modified_time\" content=\"2026-04-13T11:18:23+00:00\" \/>\n<meta property=\"og:image\" content=\"https:\/\/www.mymomentsworld.com\/wp-content\/uploads\/2025\/05\/otulacz-niemowlecy-sunflower.jpeg\" \/>\n\t<meta property=\"og:image:width\" content=\"800\" \/>\n\t<meta property=\"og:image:height\" content=\"800\" \/>\n\t<meta property=\"og:image:type\" content=\"image\/jpeg\" \/>\n<meta name=\"twitter:card\" content=\"summary_large_image\" \/>\n<meta name=\"twitter:label1\" content=\"Szacowany czas czytania\" \/>\n\t<meta name=\"twitter:data1\" content=\"2 minuty\" \/>\n<script type=\"application\/ld+json\" class=\"yoast-schema-graph\">{\"@context\":\"https:\\\/\\\/schema.org\",\"@graph\":[{\"@type\":\"WebPage\",\"@id\":\"https:\\\/\\\/www.mymomentsworld.com\\\/sklep\\\/otulacz-niemowlecy-antykolkowy-sunflowers\\\/\",\"url\":\"https:\\\/\\\/www.mymomentsworld.com\\\/sklep\\\/otulacz-niemowlecy-antykolkowy-sunflowers\\\/\",\"name\":\"Otulacz niemowl\u0119cy antykolkowy Sunflowers | My Moments - Produkty dla niemowl\u0105t, dzieci i rodzic\u00f3w\",\"isPartOf\":{\"@id\":\"https:\\\/\\\/www.mymomentsworld.com\\\/#website\"},\"primaryImageOfPage\":{\"@id\":\"https:\\\/\\\/www.mymomentsworld.com\\\/sklep\\\/otulacz-niemowlecy-antykolkowy-sunflowers\\\/#primaryimage\"},\"image\":{\"@id\":\"https:\\\/\\\/www.mymomentsworld.com\\\/sklep\\\/otulacz-niemowlecy-antykolkowy-sunflowers\\\/#primaryimage\"},\"thumbnailUrl\":\"https:\\\/\\\/www.mymomentsworld.com\\\/wp-content\\\/uploads\\\/2025\\\/05\\\/otulacz-niemowlecy-sunflower.jpeg\",\"datePublished\":\"2025-05-10T18:09:26+00:00\",\"dateModified\":\"2026-04-13T11:18:23+00:00\",\"breadcrumb\":{\"@id\":\"https:\\\/\\\/www.mymomentsworld.com\\\/sklep\\\/otulacz-niemowlecy-antykolkowy-sunflowers\\\/#breadcrumb\"},\"inLanguage\":\"pl-PL\",\"potentialAction\":[{\"@type\":\"ReadAction\",\"target\":[\"https:\\\/\\\/www.mymomentsworld.com\\\/sklep\\\/otulacz-niemowlecy-antykolkowy-sunflowers\\\/\"]}]},{\"@type\":\"ImageObject\",\"inLanguage\":\"pl-PL\",\"@id\":\"https:\\\/\\\/www.mymomentsworld.com\\\/sklep\\\/otulacz-niemowlecy-antykolkowy-sunflowers\\\/#primaryimage\",\"url\":\"https:\\\/\\\/www.mymomentsworld.com\\\/wp-content\\\/uploads\\\/2025\\\/05\\\/otulacz-niemowlecy-sunflower.jpeg\",\"contentUrl\":\"https:\\\/\\\/www.mymomentsworld.com\\\/wp-content\\\/uploads\\\/2025\\\/05\\\/otulacz-niemowlecy-sunflower.jpeg\",\"width\":800,\"height\":800},{\"@type\":\"BreadcrumbList\",\"@id\":\"https:\\\/\\\/www.mymomentsworld.com\\\/sklep\\\/otulacz-niemowlecy-antykolkowy-sunflowers\\\/#breadcrumb\",\"itemListElement\":[{\"@type\":\"ListItem\",\"position\":1,\"name\":\"Strona g\u0142\u00f3wna\",\"item\":\"https:\\\/\\\/www.mymomentsworld.com\\\/\"},{\"@type\":\"ListItem\",\"position\":2,\"name\":\"Produkty\",\"item\":\"https:\\\/\\\/www.mymomentsworld.com\\\/sklep\\\/\"},{\"@type\":\"ListItem\",\"position\":3,\"name\":\"Otulacz niemowl\u0119cy antykolkowy Sunflowers\"}]},{\"@type\":\"WebSite\",\"@id\":\"https:\\\/\\\/www.mymomentsworld.com\\\/#website\",\"url\":\"https:\\\/\\\/www.mymomentsworld.com\\\/\",\"name\":\"My Moments\",\"description\":\"Produkty dla niemowl\u0105t, dzieci i rodzic\u00f3w\",\"publisher\":{\"@id\":\"https:\\\/\\\/www.mymomentsworld.com\\\/#organization\"},\"potentialAction\":[{\"@type\":\"SearchAction\",\"target\":{\"@type\":\"EntryPoint\",\"urlTemplate\":\"https:\\\/\\\/www.mymomentsworld.com\\\/?s={search_term_string}\"},\"query-input\":{\"@type\":\"PropertyValueSpecification\",\"valueRequired\":true,\"valueName\":\"search_term_string\"}}],\"inLanguage\":\"pl-PL\"},{\"@type\":\"Organization\",\"@id\":\"https:\\\/\\\/www.mymomentsworld.com\\\/#organization\",\"name\":\"My Moments\",\"url\":\"https:\\\/\\\/www.mymomentsworld.com\\\/\",\"logo\":{\"@type\":\"ImageObject\",\"inLanguage\":\"pl-PL\",\"@id\":\"https:\\\/\\\/www.mymomentsworld.com\\\/#\\\/schema\\\/logo\\\/image\\\/\",\"url\":\"https:\\\/\\\/www.mymomentsworld.com\\\/wp-content\\\/uploads\\\/2025\\\/07\\\/cropped-logo-transparent.png\",\"contentUrl\":\"https:\\\/\\\/www.mymomentsworld.com\\\/wp-content\\\/uploads\\\/2025\\\/07\\\/cropped-logo-transparent.png\",\"width\":1024,\"height\":590,\"caption\":\"My Moments\"},\"image\":{\"@id\":\"https:\\\/\\\/www.mymomentsworld.com\\\/#\\\/schema\\\/logo\\\/image\\\/\"},\"sameAs\":[\"https:\\\/\\\/www.facebook.com\\\/mymomentsworld\\\/\",\"https:\\\/\\\/www.instagram.com\\\/mymomentsworld\\\/\",\"https:\\\/\\\/pinterest.com\\\/MyMomentsWorld\\\/\"]}]}<\/script>\n<!-- \/ Yoast SEO plugin. -->","yoast_head_json":{"title":"Otulacz niemowl\u0119cy antykolkowy Sunflowers | My Moments - Produkty dla niemowl\u0105t, dzieci i rodzic\u00f3w","robots":{"index":"index","follow":"follow","max-snippet":"max-snippet:-1","max-image-preview":"max-image-preview:large","max-video-preview":"max-video-preview:-1"},"canonical":"https:\/\/www.mymomentsworld.com\/pl\/sklep\/otulacz-niemowlecy-antykolkowy-sunflowers\/","og_locale":"pl_PL","og_type":"article","og_title":"Otulacz niemowl\u0119cy antykolkowy Sunflowers | My Moments - Produkty dla niemowl\u0105t, dzieci i rodzic\u00f3w","og_description":"Otulacz dla niemowlaka &#8211; dost\u0119pny r\u00f3wnie\u017c w zestawie z czapeczk\u0105. Otulacz niemowl\u0119cy pomaga maluszkowi poczu\u0107 si\u0119 jak w brzuchu mamy. [&hellip;]","og_url":"https:\/\/www.mymomentsworld.com\/pl\/sklep\/otulacz-niemowlecy-antykolkowy-sunflowers\/","og_site_name":"My Moments","article_publisher":"https:\/\/www.facebook.com\/mymomentsworld\/","article_modified_time":"2026-04-13T11:18:23+00:00","og_image":[{"width":800,"height":800,"url":"https:\/\/www.mymomentsworld.com\/wp-content\/uploads\/2025\/05\/otulacz-niemowlecy-sunflower.jpeg","type":"image\/jpeg"}],"twitter_card":"summary_large_image","twitter_misc":{"Szacowany czas czytania":"2 minuty"},"schema":{"@context":"https:\/\/schema.org","@graph":[{"@type":"WebPage","@id":"https:\/\/www.mymomentsworld.com\/sklep\/otulacz-niemowlecy-antykolkowy-sunflowers\/","url":"https:\/\/www.mymomentsworld.com\/sklep\/otulacz-niemowlecy-antykolkowy-sunflowers\/","name":"Otulacz niemowl\u0119cy antykolkowy Sunflowers | My Moments - Produkty dla niemowl\u0105t, dzieci i rodzic\u00f3w","isPartOf":{"@id":"https:\/\/www.mymomentsworld.com\/#website"},"primaryImageOfPage":{"@id":"https:\/\/www.mymomentsworld.com\/sklep\/otulacz-niemowlecy-antykolkowy-sunflowers\/#primaryimage"},"image":{"@id":"https:\/\/www.mymomentsworld.com\/sklep\/otulacz-niemowlecy-antykolkowy-sunflowers\/#primaryimage"},"thumbnailUrl":"https:\/\/www.mymomentsworld.com\/wp-content\/uploads\/2025\/05\/otulacz-niemowlecy-sunflower.jpeg","datePublished":"2025-05-10T18:09:26+00:00","dateModified":"2026-04-13T11:18:23+00:00","breadcrumb":{"@id":"https:\/\/www.mymomentsworld.com\/sklep\/otulacz-niemowlecy-antykolkowy-sunflowers\/#breadcrumb"},"inLanguage":"pl-PL","potentialAction":[{"@type":"ReadAction","target":["https:\/\/www.mymomentsworld.com\/sklep\/otulacz-niemowlecy-antykolkowy-sunflowers\/"]}]},{"@type":"ImageObject","inLanguage":"pl-PL","@id":"https:\/\/www.mymomentsworld.com\/sklep\/otulacz-niemowlecy-antykolkowy-sunflowers\/#primaryimage","url":"https:\/\/www.mymomentsworld.com\/wp-content\/uploads\/2025\/05\/otulacz-niemowlecy-sunflower.jpeg","contentUrl":"https:\/\/www.mymomentsworld.com\/wp-content\/uploads\/2025\/05\/otulacz-niemowlecy-sunflower.jpeg","width":800,"height":800},{"@type":"BreadcrumbList","@id":"https:\/\/www.mymomentsworld.com\/sklep\/otulacz-niemowlecy-antykolkowy-sunflowers\/#breadcrumb","itemListElement":[{"@type":"ListItem","position":1,"name":"Strona g\u0142\u00f3wna","item":"https:\/\/www.mymomentsworld.com\/"},{"@type":"ListItem","position":2,"name":"Produkty","item":"https:\/\/www.mymomentsworld.com\/sklep\/"},{"@type":"ListItem","position":3,"name":"Otulacz niemowl\u0119cy antykolkowy Sunflowers"}]},{"@type":"WebSite","@id":"https:\/\/www.mymomentsworld.com\/#website","url":"https:\/\/www.mymomentsworld.com\/","name":"My Moments","description":"Produkty dla niemowl\u0105t, dzieci i rodzic\u00f3w","publisher":{"@id":"https:\/\/www.mymomentsworld.com\/#organization"},"potentialAction":[{"@type":"SearchAction","target":{"@type":"EntryPoint","urlTemplate":"https:\/\/www.mymomentsworld.com\/?s={search_term_string}"},"query-input":{"@type":"PropertyValueSpecification","valueRequired":true,"valueName":"search_term_string"}}],"inLanguage":"pl-PL"},{"@type":"Organization","@id":"https:\/\/www.mymomentsworld.com\/#organization","name":"My Moments","url":"https:\/\/www.mymomentsworld.com\/","logo":{"@type":"ImageObject","inLanguage":"pl-PL","@id":"https:\/\/www.mymomentsworld.com\/#\/schema\/logo\/image\/","url":"https:\/\/www.mymomentsworld.com\/wp-content\/uploads\/2025\/07\/cropped-logo-transparent.png","contentUrl":"https:\/\/www.mymomentsworld.com\/wp-content\/uploads\/2025\/07\/cropped-logo-transparent.png","width":1024,"height":590,"caption":"My Moments"},"image":{"@id":"https:\/\/www.mymomentsworld.com\/#\/schema\/logo\/image\/"},"sameAs":["https:\/\/www.facebook.com\/mymomentsworld\/","https:\/\/www.instagram.com\/mymomentsworld\/","https:\/\/pinterest.com\/MyMomentsWorld\/"]}]}},"_links":{"self":[{"href":"https:\/\/www.mymomentsworld.com\/pl\/wp-json\/wp\/v2\/product\/543","targetHints":{"allow":["GET"]}}],"collection":[{"href":"https:\/\/www.mymomentsworld.com\/pl\/wp-json\/wp\/v2\/product"}],"about":[{"href":"https:\/\/www.mymomentsworld.com\/pl\/wp-json\/wp\/v2\/types\/product"}],"replies":[{"embeddable":true,"href":"https:\/\/www.mymomentsworld.com\/pl\/wp-json\/wp\/v2\/comments?post=543"}],"wp:featuredmedia":[{"embeddable":true,"href":"https:\/\/www.mymomentsworld.com\/pl\/wp-json\/wp\/v2\/media\/534"}],"wp:attachment":[{"href":"https:\/\/www.mymomentsworld.com\/pl\/wp-json\/wp\/v2\/media?parent=543"}],"wp:term":[{"taxonomy":"product_brand","embeddable":true,"href":"https:\/\/www.mymomentsworld.com\/pl\/wp-json\/wp\/v2\/product_brand?post=543"},{"taxonomy":"product_cat","embeddable":true,"href":"https:\/\/www.mymomentsworld.com\/pl\/wp-json\/wp\/v2\/product_cat?post=543"},{"taxonomy":"product_tag","embeddable":true,"href":"https:\/\/www.mymomentsworld.com\/pl\/wp-json\/wp\/v2\/product_tag?post=543"}],"curies":[{"name":"wp","href":"https:\/\/api.w.org\/{rel}","templated":true}]}}