{"id":598,"date":"2025-05-10T19:36:23","date_gmt":"2025-05-10T19:36:23","guid":{"rendered":"http:\/\/www.mymomentsworld.com.jakub-belau.pl\/?post_type=product&#038;p=598"},"modified":"2026-03-29T18:35:55","modified_gmt":"2026-03-29T17:35:55","slug":"bambusowa-wkladka-do-wozka-moon","status":"publish","type":"product","link":"https:\/\/www.mymomentsworld.com\/pl\/sklep\/bambusowa-wkladka-do-wozka-moon\/","title":{"rendered":"Bambusowa wk\u0142adka do w\u00f3zka Moon"},"content":{"rendered":"<p><strong>Bambusowa wk\u0142adka\u00a0do w\u00f3zka<\/strong> My Moments. Idealna na upalne dni, chroni delikatn\u0105 sk\u00f3r\u0119 dziecka przed kontaktem z syntetycznym, twardym i cz\u0119sto nieprzyjemnym poszyciem w\u00f3zka. Do zestawu mo\u017cna dokupi\u0107 \u00a0<strong>poduszk\u0119 antywstrz\u0105sow\u0105, ochraniacze na pasy, ochraniacz na pa\u0142\u0105k <\/strong>lub<strong> organizer do w\u00f3zka<\/strong> z tej samej serii. Razem stworz\u0105 pi\u0119kny zestaw.<\/p>\n<p><strong>Wk\u0142adka uniwersalna<\/strong> pasuje do wi\u0119kszo\u015bci w\u00f3zk\u00f3w spacerowych dost\u0119pnych na rynku. Posiada otwory na pasy bezpiecze\u0144stwa oraz specjalny uchwyt na rzep (zdejmowany, r\u00f3wnie\u017c dwustronny), do mocowania w odpowiednim miejscu poduszki. Od wewn\u0119trznej strony wk\u0142adka posiada gumk\u0119 mocuj\u0105c\u0105 do podn\u00f3\u017cka. Produkt szyty r\u0119cznie, z najwy\u017csz\u0105 dok\u0142adno\u015bci\u0105 i z wykorzystaniem najlepszych jako\u015bciowo materia\u0142\u00f3w<\/p>\n<p>Wymiary wk\u0142adki uniwersalnej (+\/- 2 cm):<\/p>\n<ul>\n<li>\u00a0szeroko\u015b\u0107 siedziska 32 cm,\u00a0g\u0142\u0119boko\u015b\u0107 siedziska 22 cm<\/li>\n<li>d\u0142ugo\u015b\u0107 ca\u0142kowita 82 cm<\/li>\n<\/ul>\n<p><span style=\"font-size: 16px;\">W ofercie dost\u0119pne s\u0105 te\u017c dedykowane <\/span><strong style=\"font-size: 16px;\">wk\u0142adki do w\u00f3zk\u00f3w Cybex, Joie <\/strong><span style=\"font-size: 16px;\">oraz innych. <\/span><em style=\"font-size: 16px;\">Mo\u017cemy te\u017c uszy\u0107 <strong>wk\u0142adk\u0119 na wymiar<\/strong> (wg. wymiar\u00f3w podanych przez kupuj\u0105cego na podstawie przes\u0142anego przez nas wzoru). Prosimy o kontakt mailowy lub telefoniczny<\/em><span style=\"font-size: 16px;\">.<\/span><\/p>\n<p>SK\u0141AD:<\/p>\n<ul>\n<li>Zewn\u0119trzna strona wk\u0142adki to 100% wiskoza bambusowa najwy\u017cszej jako\u015bci, autorskie wzory. <span style=\"font-size: 16px;\">Wyj\u0105tkowe zalety tkanin bambusowych potwierdzi\u0142 Instytutu Matki i Dziecka wydaj\u0105c pozytywn\u0105 opini\u0119.<\/span><\/li>\n<li>Z drugiej strony wk\u0142adki welur bawe\u0142niany zawieraj\u0105cy 80 % bawe\u0142ny.<\/li>\n<li>\u015arodek wype\u0142niony antyalergiczn\u0105, lekk\u0105 g\u0105bk\u0105, kt\u00f3ra dodaje mi\u0119kko\u015bci, a jednocze\u015bnie usztywnia wk\u0142adk\u0119.<\/li>\n<li>Dolna cz\u0119\u015b\u0107 wk\u0142adki (w miejscu n\u00f3\u017cek dziecka) to ortalion wodoodporny &#8211; \u0142atwy w czyszczeniu.<\/li>\n<\/ul>\n<p>Zadbaj o produkty tak, aby zosta\u0142y z Tob\u0105 jak najd\u0142u\u017cej:<\/p>\n<ul>\n<li>Pra\u0107 w pralce, w temperaturze 30\u00b0C, program delikatny \u2013 obroty max 400 lub pra\u0107 r\u0119cznie (nie pociera\u0107, tylko delikatnie ugniata\u0107). Po praniu delikatnie wycisn\u0105\u0107, suszy\u0107 w pozycji roz\u0142o\u017conej.\u00a0Nie naci\u0105ga\u0107.<\/li>\n<li>Nie suszy\u0107 w suszarce b\u0119bnowej.<\/li>\n<li>Nie stosowa\u0107 wybielaczy.<\/li>\n<li>Nie pra\u0107 z szorstkimi, ostrymi elementami mog\u0105cymi zaci\u0105ga\u0107 tkanin\u0119.<\/li>\n<li>Prasowa\u0107 \u017celazkiem tylko tkanin\u0119 bawe\u0142nian\u0105 lub bambusow\u0105, maksymalna temperatura 110\u00b0C.<\/li>\n<li>W wyniku u\u017cytkowania, cz\u0119stego prania i wystawiania na dzia\u0142anie promieni s\u0142onecznych produkty mog\u0105 ulec naturalnemu zu\u017cyciu \u2013 kolory mog\u0105 straci\u0107 intensywno\u015b\u0107. <em>Tego typu zu\u017cycie nie stanowi podstawy do reklamacji.\u00a0<\/em><\/li>\n<li>W wyniku u\u017cytkowania produkty z tkanin bambusowych mog\u0105 si\u0119 zaci\u0105ga\u0107, lub mechaci\u0107, jest to proces naturalny. kt\u00f3ry mo\u017cna zniwelowa\u0107 u\u017cywaj\u0105c golarki do ubra\u0144.\u00a0<em>Tego typu zu\u017cycie nie stanowi podstawy do reklamacji.<\/em><\/li>\n<li>Akcesoria montuj w spos\u00f3b poprawny. Uszkodzenie mechaniczne produktu, rozdarcie otwor\u00f3w na pasy, gumki, troczk\u00f3w itp. mog\u0105ce powsta\u0107 z powodu z\u0142ego zamontowania, lub zbyt du\u017cego napr\u0119\u017cenia <em>nie stanowi podstawy reklamacji.<\/em><\/li>\n<\/ul>\n","protected":false},"excerpt":{"rendered":"<p>Bambusowa wk\u0142adka\u00a0do w\u00f3zka My Moments. Idealna na upalne dni, chroni delikatn\u0105 sk\u00f3r\u0119 dziecka przed kontaktem z syntetycznym, twardym i cz\u0119sto [&hellip;]<\/p>\n","protected":false},"featured_media":570,"comment_status":"open","ping_status":"closed","template":"","meta":{"site-sidebar-layout":"default","site-content-layout":"","ast-site-content-layout":"default","site-content-style":"default","site-sidebar-style":"default","ast-global-header-display":"","ast-banner-title-visibility":"","ast-main-header-display":"","ast-hfb-above-header-display":"","ast-hfb-below-header-display":"","ast-hfb-mobile-header-display":"","site-post-title":"","ast-breadcrumbs-content":"","ast-featured-img":"","footer-sml-layout":"","ast-disable-related-posts":"","theme-transparent-header-meta":"default","adv-header-id-meta":"","stick-header-meta":"","header-above-stick-meta":"","header-main-stick-meta":"","header-below-stick-meta":"","astra-migrate-meta-layouts":"set","ast-page-background-enabled":"default","ast-page-background-meta":{"desktop":{"background-color":"var(--ast-global-color-5)","background-image":"","background-repeat":"repeat","background-position":"center center","background-size":"auto","background-attachment":"scroll","background-type":"","background-media":"","overlay-type":"","overlay-color":"","overlay-opacity":"","overlay-gradient":""},"tablet":{"background-color":"","background-image":"","background-repeat":"repeat","background-position":"center center","background-size":"auto","background-attachment":"scroll","background-type":"","background-media":"","overlay-type":"","overlay-color":"","overlay-opacity":"","overlay-gradient":""},"mobile":{"background-color":"","background-image":"","background-repeat":"repeat","background-position":"center center","background-size":"auto","background-attachment":"scroll","background-type":"","background-media":"","overlay-type":"","overlay-color":"","overlay-opacity":"","overlay-gradient":""}},"ast-content-background-meta":{"desktop":{"background-color":"var(--ast-global-color-4)","background-image":"","background-repeat":"repeat","background-position":"center center","background-size":"auto","background-attachment":"scroll","background-type":"","background-media":"","overlay-type":"","overlay-color":"","overlay-opacity":"","overlay-gradient":""},"tablet":{"background-color":"var(--ast-global-color-4)","background-image":"","background-repeat":"repeat","background-position":"center center","background-size":"auto","background-attachment":"scroll","background-type":"","background-media":"","overlay-type":"","overlay-color":"","overlay-opacity":"","overlay-gradient":""},"mobile":{"background-color":"var(--ast-global-color-4)","background-image":"","background-repeat":"repeat","background-position":"center center","background-size":"auto","background-attachment":"scroll","background-type":"","background-media":"","overlay-type":"","overlay-color":"","overlay-opacity":"","overlay-gradient":""}}},"product_brand":[21],"product_cat":[57,58],"product_tag":[],"class_list":{"0":"post-598","1":"product","2":"type-product","3":"status-publish","4":"has-post-thumbnail","6":"product_brand-my-moments","7":"product_cat-akcesoria-do-wozka-i-fotelika","8":"product_cat-bambusowe-wkladki-do-wozka","9":"pa_kolekcja-moon","10":"desktop-align-left","11":"tablet-align-left","12":"mobile-align-left","14":"first","15":"instock","16":"purchasable","17":"product-type-variable"},"yoast_head":"<!-- This site is optimized with the Yoast SEO plugin v27.3 - https:\/\/yoast.com\/product\/yoast-seo-wordpress\/ -->\n<title>Bambusowa wk\u0142adka do w\u00f3zka Moon | My Moments - Produkty dla niemowl\u0105t, dzieci i rodzic\u00f3w<\/title>\n<meta name=\"robots\" content=\"index, follow, max-snippet:-1, max-image-preview:large, max-video-preview:-1\" \/>\n<link rel=\"canonical\" href=\"https:\/\/www.mymomentsworld.com\/pl\/sklep\/bambusowa-wkladka-do-wozka-moon\/\" \/>\n<meta property=\"og:locale\" content=\"pl_PL\" \/>\n<meta property=\"og:type\" content=\"article\" \/>\n<meta property=\"og:title\" content=\"Bambusowa wk\u0142adka do w\u00f3zka Moon | My Moments - Produkty dla niemowl\u0105t, dzieci i rodzic\u00f3w\" \/>\n<meta property=\"og:description\" content=\"Bambusowa wk\u0142adka\u00a0do w\u00f3zka My Moments. Idealna na upalne dni, chroni delikatn\u0105 sk\u00f3r\u0119 dziecka przed kontaktem z syntetycznym, twardym i cz\u0119sto [&hellip;]\" \/>\n<meta property=\"og:url\" content=\"https:\/\/www.mymomentsworld.com\/pl\/sklep\/bambusowa-wkladka-do-wozka-moon\/\" \/>\n<meta property=\"og:site_name\" content=\"My Moments\" \/>\n<meta property=\"article:publisher\" content=\"https:\/\/www.facebook.com\/mymomentsworld\/\" \/>\n<meta property=\"article:modified_time\" content=\"2026-03-29T17:35:55+00:00\" \/>\n<meta property=\"og:image\" content=\"https:\/\/www.mymomentsworld.com\/wp-content\/uploads\/2025\/05\/wkladka-do-wozka-Moon.jpeg\" \/>\n\t<meta property=\"og:image:width\" content=\"800\" \/>\n\t<meta property=\"og:image:height\" content=\"800\" \/>\n\t<meta property=\"og:image:type\" content=\"image\/jpeg\" \/>\n<meta name=\"twitter:card\" content=\"summary_large_image\" \/>\n<meta name=\"twitter:label1\" content=\"Szacowany czas czytania\" \/>\n\t<meta name=\"twitter:data1\" content=\"3 minuty\" \/>\n<script type=\"application\/ld+json\" class=\"yoast-schema-graph\">{\"@context\":\"https:\\\/\\\/schema.org\",\"@graph\":[{\"@type\":\"WebPage\",\"@id\":\"https:\\\/\\\/www.mymomentsworld.com\\\/sklep\\\/bambusowa-wkladka-do-wozka-moon\\\/\",\"url\":\"https:\\\/\\\/www.mymomentsworld.com\\\/sklep\\\/bambusowa-wkladka-do-wozka-moon\\\/\",\"name\":\"Bambusowa wk\u0142adka do w\u00f3zka Moon | My Moments - Produkty dla niemowl\u0105t, dzieci i rodzic\u00f3w\",\"isPartOf\":{\"@id\":\"https:\\\/\\\/www.mymomentsworld.com\\\/#website\"},\"primaryImageOfPage\":{\"@id\":\"https:\\\/\\\/www.mymomentsworld.com\\\/sklep\\\/bambusowa-wkladka-do-wozka-moon\\\/#primaryimage\"},\"image\":{\"@id\":\"https:\\\/\\\/www.mymomentsworld.com\\\/sklep\\\/bambusowa-wkladka-do-wozka-moon\\\/#primaryimage\"},\"thumbnailUrl\":\"https:\\\/\\\/www.mymomentsworld.com\\\/wp-content\\\/uploads\\\/2025\\\/05\\\/wkladka-do-wozka-Moon.jpeg\",\"datePublished\":\"2025-05-10T19:36:23+00:00\",\"dateModified\":\"2026-03-29T17:35:55+00:00\",\"breadcrumb\":{\"@id\":\"https:\\\/\\\/www.mymomentsworld.com\\\/sklep\\\/bambusowa-wkladka-do-wozka-moon\\\/#breadcrumb\"},\"inLanguage\":\"pl-PL\",\"potentialAction\":[{\"@type\":\"ReadAction\",\"target\":[\"https:\\\/\\\/www.mymomentsworld.com\\\/sklep\\\/bambusowa-wkladka-do-wozka-moon\\\/\"]}]},{\"@type\":\"ImageObject\",\"inLanguage\":\"pl-PL\",\"@id\":\"https:\\\/\\\/www.mymomentsworld.com\\\/sklep\\\/bambusowa-wkladka-do-wozka-moon\\\/#primaryimage\",\"url\":\"https:\\\/\\\/www.mymomentsworld.com\\\/wp-content\\\/uploads\\\/2025\\\/05\\\/wkladka-do-wozka-Moon.jpeg\",\"contentUrl\":\"https:\\\/\\\/www.mymomentsworld.com\\\/wp-content\\\/uploads\\\/2025\\\/05\\\/wkladka-do-wozka-Moon.jpeg\",\"width\":800,\"height\":800},{\"@type\":\"BreadcrumbList\",\"@id\":\"https:\\\/\\\/www.mymomentsworld.com\\\/sklep\\\/bambusowa-wkladka-do-wozka-moon\\\/#breadcrumb\",\"itemListElement\":[{\"@type\":\"ListItem\",\"position\":1,\"name\":\"Strona g\u0142\u00f3wna\",\"item\":\"https:\\\/\\\/www.mymomentsworld.com\\\/\"},{\"@type\":\"ListItem\",\"position\":2,\"name\":\"Produkty\",\"item\":\"https:\\\/\\\/www.mymomentsworld.com\\\/sklep\\\/\"},{\"@type\":\"ListItem\",\"position\":3,\"name\":\"Bambusowa wk\u0142adka do w\u00f3zka Moon\"}]},{\"@type\":\"WebSite\",\"@id\":\"https:\\\/\\\/www.mymomentsworld.com\\\/#website\",\"url\":\"https:\\\/\\\/www.mymomentsworld.com\\\/\",\"name\":\"My Moments\",\"description\":\"Produkty dla niemowl\u0105t, dzieci i rodzic\u00f3w\",\"publisher\":{\"@id\":\"https:\\\/\\\/www.mymomentsworld.com\\\/#organization\"},\"potentialAction\":[{\"@type\":\"SearchAction\",\"target\":{\"@type\":\"EntryPoint\",\"urlTemplate\":\"https:\\\/\\\/www.mymomentsworld.com\\\/?s={search_term_string}\"},\"query-input\":{\"@type\":\"PropertyValueSpecification\",\"valueRequired\":true,\"valueName\":\"search_term_string\"}}],\"inLanguage\":\"pl-PL\"},{\"@type\":\"Organization\",\"@id\":\"https:\\\/\\\/www.mymomentsworld.com\\\/#organization\",\"name\":\"My Moments\",\"url\":\"https:\\\/\\\/www.mymomentsworld.com\\\/\",\"logo\":{\"@type\":\"ImageObject\",\"inLanguage\":\"pl-PL\",\"@id\":\"https:\\\/\\\/www.mymomentsworld.com\\\/#\\\/schema\\\/logo\\\/image\\\/\",\"url\":\"https:\\\/\\\/www.mymomentsworld.com\\\/wp-content\\\/uploads\\\/2025\\\/07\\\/cropped-logo-transparent.png\",\"contentUrl\":\"https:\\\/\\\/www.mymomentsworld.com\\\/wp-content\\\/uploads\\\/2025\\\/07\\\/cropped-logo-transparent.png\",\"width\":1024,\"height\":590,\"caption\":\"My Moments\"},\"image\":{\"@id\":\"https:\\\/\\\/www.mymomentsworld.com\\\/#\\\/schema\\\/logo\\\/image\\\/\"},\"sameAs\":[\"https:\\\/\\\/www.facebook.com\\\/mymomentsworld\\\/\",\"https:\\\/\\\/www.instagram.com\\\/mymomentsworld\\\/\",\"https:\\\/\\\/pinterest.com\\\/MyMomentsWorld\\\/\"]}]}<\/script>\n<!-- \/ Yoast SEO plugin. -->","yoast_head_json":{"title":"Bambusowa wk\u0142adka do w\u00f3zka Moon | My Moments - Produkty dla niemowl\u0105t, dzieci i rodzic\u00f3w","robots":{"index":"index","follow":"follow","max-snippet":"max-snippet:-1","max-image-preview":"max-image-preview:large","max-video-preview":"max-video-preview:-1"},"canonical":"https:\/\/www.mymomentsworld.com\/pl\/sklep\/bambusowa-wkladka-do-wozka-moon\/","og_locale":"pl_PL","og_type":"article","og_title":"Bambusowa wk\u0142adka do w\u00f3zka Moon | My Moments - Produkty dla niemowl\u0105t, dzieci i rodzic\u00f3w","og_description":"Bambusowa wk\u0142adka\u00a0do w\u00f3zka My Moments. Idealna na upalne dni, chroni delikatn\u0105 sk\u00f3r\u0119 dziecka przed kontaktem z syntetycznym, twardym i cz\u0119sto [&hellip;]","og_url":"https:\/\/www.mymomentsworld.com\/pl\/sklep\/bambusowa-wkladka-do-wozka-moon\/","og_site_name":"My Moments","article_publisher":"https:\/\/www.facebook.com\/mymomentsworld\/","article_modified_time":"2026-03-29T17:35:55+00:00","og_image":[{"width":800,"height":800,"url":"https:\/\/www.mymomentsworld.com\/wp-content\/uploads\/2025\/05\/wkladka-do-wozka-Moon.jpeg","type":"image\/jpeg"}],"twitter_card":"summary_large_image","twitter_misc":{"Szacowany czas czytania":"3 minuty"},"schema":{"@context":"https:\/\/schema.org","@graph":[{"@type":"WebPage","@id":"https:\/\/www.mymomentsworld.com\/sklep\/bambusowa-wkladka-do-wozka-moon\/","url":"https:\/\/www.mymomentsworld.com\/sklep\/bambusowa-wkladka-do-wozka-moon\/","name":"Bambusowa wk\u0142adka do w\u00f3zka Moon | My Moments - Produkty dla niemowl\u0105t, dzieci i rodzic\u00f3w","isPartOf":{"@id":"https:\/\/www.mymomentsworld.com\/#website"},"primaryImageOfPage":{"@id":"https:\/\/www.mymomentsworld.com\/sklep\/bambusowa-wkladka-do-wozka-moon\/#primaryimage"},"image":{"@id":"https:\/\/www.mymomentsworld.com\/sklep\/bambusowa-wkladka-do-wozka-moon\/#primaryimage"},"thumbnailUrl":"https:\/\/www.mymomentsworld.com\/wp-content\/uploads\/2025\/05\/wkladka-do-wozka-Moon.jpeg","datePublished":"2025-05-10T19:36:23+00:00","dateModified":"2026-03-29T17:35:55+00:00","breadcrumb":{"@id":"https:\/\/www.mymomentsworld.com\/sklep\/bambusowa-wkladka-do-wozka-moon\/#breadcrumb"},"inLanguage":"pl-PL","potentialAction":[{"@type":"ReadAction","target":["https:\/\/www.mymomentsworld.com\/sklep\/bambusowa-wkladka-do-wozka-moon\/"]}]},{"@type":"ImageObject","inLanguage":"pl-PL","@id":"https:\/\/www.mymomentsworld.com\/sklep\/bambusowa-wkladka-do-wozka-moon\/#primaryimage","url":"https:\/\/www.mymomentsworld.com\/wp-content\/uploads\/2025\/05\/wkladka-do-wozka-Moon.jpeg","contentUrl":"https:\/\/www.mymomentsworld.com\/wp-content\/uploads\/2025\/05\/wkladka-do-wozka-Moon.jpeg","width":800,"height":800},{"@type":"BreadcrumbList","@id":"https:\/\/www.mymomentsworld.com\/sklep\/bambusowa-wkladka-do-wozka-moon\/#breadcrumb","itemListElement":[{"@type":"ListItem","position":1,"name":"Strona g\u0142\u00f3wna","item":"https:\/\/www.mymomentsworld.com\/"},{"@type":"ListItem","position":2,"name":"Produkty","item":"https:\/\/www.mymomentsworld.com\/sklep\/"},{"@type":"ListItem","position":3,"name":"Bambusowa wk\u0142adka do w\u00f3zka Moon"}]},{"@type":"WebSite","@id":"https:\/\/www.mymomentsworld.com\/#website","url":"https:\/\/www.mymomentsworld.com\/","name":"My Moments","description":"Produkty dla niemowl\u0105t, dzieci i rodzic\u00f3w","publisher":{"@id":"https:\/\/www.mymomentsworld.com\/#organization"},"potentialAction":[{"@type":"SearchAction","target":{"@type":"EntryPoint","urlTemplate":"https:\/\/www.mymomentsworld.com\/?s={search_term_string}"},"query-input":{"@type":"PropertyValueSpecification","valueRequired":true,"valueName":"search_term_string"}}],"inLanguage":"pl-PL"},{"@type":"Organization","@id":"https:\/\/www.mymomentsworld.com\/#organization","name":"My Moments","url":"https:\/\/www.mymomentsworld.com\/","logo":{"@type":"ImageObject","inLanguage":"pl-PL","@id":"https:\/\/www.mymomentsworld.com\/#\/schema\/logo\/image\/","url":"https:\/\/www.mymomentsworld.com\/wp-content\/uploads\/2025\/07\/cropped-logo-transparent.png","contentUrl":"https:\/\/www.mymomentsworld.com\/wp-content\/uploads\/2025\/07\/cropped-logo-transparent.png","width":1024,"height":590,"caption":"My Moments"},"image":{"@id":"https:\/\/www.mymomentsworld.com\/#\/schema\/logo\/image\/"},"sameAs":["https:\/\/www.facebook.com\/mymomentsworld\/","https:\/\/www.instagram.com\/mymomentsworld\/","https:\/\/pinterest.com\/MyMomentsWorld\/"]}]}},"_links":{"self":[{"href":"https:\/\/www.mymomentsworld.com\/pl\/wp-json\/wp\/v2\/product\/598","targetHints":{"allow":["GET"]}}],"collection":[{"href":"https:\/\/www.mymomentsworld.com\/pl\/wp-json\/wp\/v2\/product"}],"about":[{"href":"https:\/\/www.mymomentsworld.com\/pl\/wp-json\/wp\/v2\/types\/product"}],"replies":[{"embeddable":true,"href":"https:\/\/www.mymomentsworld.com\/pl\/wp-json\/wp\/v2\/comments?post=598"}],"wp:featuredmedia":[{"embeddable":true,"href":"https:\/\/www.mymomentsworld.com\/pl\/wp-json\/wp\/v2\/media\/570"}],"wp:attachment":[{"href":"https:\/\/www.mymomentsworld.com\/pl\/wp-json\/wp\/v2\/media?parent=598"}],"wp:term":[{"taxonomy":"product_brand","embeddable":true,"href":"https:\/\/www.mymomentsworld.com\/pl\/wp-json\/wp\/v2\/product_brand?post=598"},{"taxonomy":"product_cat","embeddable":true,"href":"https:\/\/www.mymomentsworld.com\/pl\/wp-json\/wp\/v2\/product_cat?post=598"},{"taxonomy":"product_tag","embeddable":true,"href":"https:\/\/www.mymomentsworld.com\/pl\/wp-json\/wp\/v2\/product_tag?post=598"}],"curies":[{"name":"wp","href":"https:\/\/api.w.org\/{rel}","templated":true}]}}