{"id":630,"date":"2025-06-02T17:39:53","date_gmt":"2025-06-02T17:39:53","guid":{"rendered":"http:\/\/www.mymomentsworld.com.jakub-belau.pl\/?post_type=product&#038;p=630"},"modified":"2026-03-29T18:35:54","modified_gmt":"2026-03-29T17:35:54","slug":"antypotowa-wkladka-do-fotelika-moon","status":"publish","type":"product","link":"https:\/\/www.mymomentsworld.com\/pl\/sklep\/antypotowa-wkladka-do-fotelika-moon\/","title":{"rendered":"Antypotowa wk\u0142adka do fotelika Moon"},"content":{"rendered":"<div id=\"box_description\" class=\"product-tab\" role=\"tabpanel\" data-tab=\"box_description\" aria-labelledby=\"box_description_tab\">\n<div class=\"innerbox\">\n<div class=\"resetcss fr-view\">\n<p><strong>Antypotowa wk\u0142adka do fotelika<\/strong> pasuje do wi\u0119kszo\u015bci fotelik\u00f3w samochodowych z pasami 3 i 5-cio punktowymi. Nasza<strong> wk\u0142adka bambusowa do fotelika<\/strong> ochroni fotelik przed zabrudzeniem, b\u0119dzie te\u017c idealna podczas upa\u0142\u00f3w, bambus dzi\u0119ki swoim w\u0142a\u015bciwo\u015bciom nie nagrzeje si\u0119 tak jak fotelik. Unikniemy odparze\u0144 maluszka, a tak\u017ce zachowamy estetyczny wygl\u0105d.<\/p>\n<p>Rozmiary wk\u0142adek:<\/p>\n<ul>\n<li>Bambusowa wk\u0142adka do pierwszych fotelik\u00f3w fotelik\u00f3w samochodowych 0-11\/ 13 kg.<\/li>\n<li>Bambusowa wk\u0142adka do fotelika 9-18 kg.<\/li>\n<\/ul>\n<p>Sk\u0142ad:<\/p>\n<ul>\n<li>100% wiskoza bambusowa najwy\u017cszej jako\u015bci. Wyj\u0105tkowe zalety tkanin bambusowych potwierdzi\u0142 Instytutu Matki i Dziecka wydaj\u0105c pozytywn\u0105 opini\u0119.\u00a0Bambus jest antybakteryjny, antyalergiczny i antygrzybiczny. Absorbuje wod\u0119 o 60% lepiej ni\u017c bawe\u0142na, poch\u0142ania nieprzyjemne zapachy i jest w pe\u0142ni biodegradowalny. Jest wolny od pestycyd\u00f3w i zanieczyszcze\u0144. Tkanina bambusowa w 30% sama si\u0119 sterylizuje.<\/li>\n<li>Siatka dystansowa \u00a0cechuje si\u0119 bardzo dobr\u0105 przepuszczalno\u015bci\u0105 powietrza oraz minimalnym poch\u0142anianiem wody i wilgoci. Zapewnia optymalny przep\u0142yw powietrza zapobiegaj\u0105c przy tym odparzeniom.<\/li>\n<\/ul>\n<p><span style=\"font-size: 16px\">Zadbaj o produkty tak, aby zosta\u0142y z Tob\u0105 jak najd\u0142u\u017cej:\u00a0<\/span><\/p>\n<\/div>\n<\/div>\n<\/div>\n<div id=\"box_description\" class=\"product-tab\" role=\"tabpanel\" data-tab=\"box_description\" aria-labelledby=\"box_description_tab\">\n<div class=\"innerbox\">\n<div class=\"resetcss fr-view\">\n<ul>\n<li>Pra\u0107 w pralce, w temperaturze 30\u00b0C, program delikatny \u2013 obroty max 400 lub pra\u0107 r\u0119cznie (nie pociera\u0107, tylko delikatnie ugniata\u0107). Po praniu delikatnie wycisn\u0105\u0107, suszy\u0107 w pozycji roz\u0142o\u017conej.\u00a0Nie naci\u0105ga\u0107.<\/li>\n<li>Nie suszy\u0107 w suszarce b\u0119bnowej.<\/li>\n<li>Nie stosowa\u0107 wybielaczy.<\/li>\n<li>Nie pra\u0107 z szorstkimi, ostrymi elementami mog\u0105cymi zaci\u0105ga\u0107 tkanin\u0119.<\/li>\n<li>Prasowa\u0107 \u017celazkiem tylko tkanin\u0119 bawe\u0142nian\u0105 lub bambusow\u0105 \u2013 maksymalna temperatura 110\u00b0C.<\/li>\n<li>W wyniku u\u017cytkowania, cz\u0119stego prania i wystawiania na dzia\u0142anie promieni s\u0142onecznych produkty mog\u0105 ulec naturalnemu zu\u017cyciu \u2013 kolory mog\u0105 straci\u0107 intensywno\u015b\u0107. <em>Tego typu zu\u017cycie nie stanowi podstawy do reklamacji.\u00a0<\/em><\/li>\n<li>W wyniku u\u017cytkowania produkty z tkanin bambusowych mog\u0105 si\u0119 zaci\u0105ga\u0107, lub mechaci\u0107, jest to proces naturalny. kt\u00f3ry mo\u017cna zniwelowa\u0107 u\u017cywaj\u0105c golarki do ubra\u0144.\u00a0<em>Tego typu zu\u017cycie nie stanowi podstawy do reklamacji.<\/em><\/li>\n<li>Akcesoria montuj w spos\u00f3b poprawny.<\/li>\n<li>Uszkodzenie mechaniczne produktu, mog\u0105ce powsta\u0107 z powodu z\u0142ego zamontowania, lub zbyt du\u017cego napr\u0119\u017cenia <em>nie stanowi podstawy reklamacji.<\/em><\/li>\n<\/ul>\n<\/div>\n<\/div>\n<\/div>\n","protected":false},"excerpt":{"rendered":"<p>Antypotowa wk\u0142adka do fotelika pasuje do wi\u0119kszo\u015bci fotelik\u00f3w samochodowych z pasami 3 i 5-cio punktowymi. Nasza wk\u0142adka bambusowa do fotelika [&hellip;]<\/p>\n","protected":false},"featured_media":624,"comment_status":"open","ping_status":"closed","template":"","meta":{"site-sidebar-layout":"default","site-content-layout":"","ast-site-content-layout":"default","site-content-style":"default","site-sidebar-style":"default","ast-global-header-display":"","ast-banner-title-visibility":"","ast-main-header-display":"","ast-hfb-above-header-display":"","ast-hfb-below-header-display":"","ast-hfb-mobile-header-display":"","site-post-title":"","ast-breadcrumbs-content":"","ast-featured-img":"","footer-sml-layout":"","ast-disable-related-posts":"","theme-transparent-header-meta":"default","adv-header-id-meta":"","stick-header-meta":"","header-above-stick-meta":"","header-main-stick-meta":"","header-below-stick-meta":"","astra-migrate-meta-layouts":"set","ast-page-background-enabled":"default","ast-page-background-meta":{"desktop":{"background-color":"var(--ast-global-color-5)","background-image":"","background-repeat":"repeat","background-position":"center center","background-size":"auto","background-attachment":"scroll","background-type":"","background-media":"","overlay-type":"","overlay-color":"","overlay-opacity":"","overlay-gradient":""},"tablet":{"background-color":"","background-image":"","background-repeat":"repeat","background-position":"center center","background-size":"auto","background-attachment":"scroll","background-type":"","background-media":"","overlay-type":"","overlay-color":"","overlay-opacity":"","overlay-gradient":""},"mobile":{"background-color":"","background-image":"","background-repeat":"repeat","background-position":"center center","background-size":"auto","background-attachment":"scroll","background-type":"","background-media":"","overlay-type":"","overlay-color":"","overlay-opacity":"","overlay-gradient":""}},"ast-content-background-meta":{"desktop":{"background-color":"var(--ast-global-color-4)","background-image":"","background-repeat":"repeat","background-position":"center center","background-size":"auto","background-attachment":"scroll","background-type":"","background-media":"","overlay-type":"","overlay-color":"","overlay-opacity":"","overlay-gradient":""},"tablet":{"background-color":"var(--ast-global-color-4)","background-image":"","background-repeat":"repeat","background-position":"center center","background-size":"auto","background-attachment":"scroll","background-type":"","background-media":"","overlay-type":"","overlay-color":"","overlay-opacity":"","overlay-gradient":""},"mobile":{"background-color":"var(--ast-global-color-4)","background-image":"","background-repeat":"repeat","background-position":"center center","background-size":"auto","background-attachment":"scroll","background-type":"","background-media":"","overlay-type":"","overlay-color":"","overlay-opacity":"","overlay-gradient":""}}},"product_brand":[21],"product_cat":[57,63],"product_tag":[],"class_list":{"0":"post-630","1":"product","2":"type-product","3":"status-publish","4":"has-post-thumbnail","6":"product_brand-my-moments","7":"product_cat-akcesoria-do-wozka-i-fotelika","8":"product_cat-wkladki-antypotowe-do-fotelika","9":"pa_kolekcja-moon","10":"desktop-align-left","11":"tablet-align-left","12":"mobile-align-left","14":"first","15":"instock","16":"taxable","17":"shipping-taxable","18":"purchasable","19":"product-type-variable"},"yoast_head":"<!-- This site is optimized with the Yoast SEO plugin v27.3 - https:\/\/yoast.com\/product\/yoast-seo-wordpress\/ -->\n<title>Antypotowa wk\u0142adka do fotelika Moon | My Moments - Produkty dla niemowl\u0105t, dzieci i rodzic\u00f3w<\/title>\n<meta name=\"robots\" content=\"index, follow, max-snippet:-1, max-image-preview:large, max-video-preview:-1\" \/>\n<link rel=\"canonical\" href=\"https:\/\/www.mymomentsworld.com\/pl\/sklep\/antypotowa-wkladka-do-fotelika-moon\/\" \/>\n<meta property=\"og:locale\" content=\"pl_PL\" \/>\n<meta property=\"og:type\" content=\"article\" \/>\n<meta property=\"og:title\" content=\"Antypotowa wk\u0142adka do fotelika Moon | My Moments - Produkty dla niemowl\u0105t, dzieci i rodzic\u00f3w\" \/>\n<meta property=\"og:description\" content=\"Antypotowa wk\u0142adka do fotelika pasuje do wi\u0119kszo\u015bci fotelik\u00f3w samochodowych z pasami 3 i 5-cio punktowymi. Nasza wk\u0142adka bambusowa do fotelika [&hellip;]\" \/>\n<meta property=\"og:url\" content=\"https:\/\/www.mymomentsworld.com\/pl\/sklep\/antypotowa-wkladka-do-fotelika-moon\/\" \/>\n<meta property=\"og:site_name\" content=\"My Moments\" \/>\n<meta property=\"article:publisher\" content=\"https:\/\/www.facebook.com\/mymomentsworld\/\" \/>\n<meta property=\"article:modified_time\" content=\"2026-03-29T17:35:54+00:00\" \/>\n<meta property=\"og:image\" content=\"https:\/\/www.mymomentsworld.com\/wp-content\/uploads\/2025\/06\/wkladka-bambusowa-do-fotelika-moon.jpeg\" \/>\n\t<meta property=\"og:image:width\" content=\"800\" \/>\n\t<meta property=\"og:image:height\" content=\"800\" \/>\n\t<meta property=\"og:image:type\" content=\"image\/jpeg\" \/>\n<meta name=\"twitter:card\" content=\"summary_large_image\" \/>\n<meta name=\"twitter:label1\" content=\"Szacowany czas czytania\" \/>\n\t<meta name=\"twitter:data1\" content=\"2 minuty\" \/>\n<script type=\"application\/ld+json\" class=\"yoast-schema-graph\">{\"@context\":\"https:\\\/\\\/schema.org\",\"@graph\":[{\"@type\":\"WebPage\",\"@id\":\"https:\\\/\\\/www.mymomentsworld.com\\\/sklep\\\/antypotowa-wkladka-do-fotelika-moon\\\/\",\"url\":\"https:\\\/\\\/www.mymomentsworld.com\\\/sklep\\\/antypotowa-wkladka-do-fotelika-moon\\\/\",\"name\":\"Antypotowa wk\u0142adka do fotelika Moon | My Moments - Produkty dla niemowl\u0105t, dzieci i rodzic\u00f3w\",\"isPartOf\":{\"@id\":\"https:\\\/\\\/www.mymomentsworld.com\\\/#website\"},\"primaryImageOfPage\":{\"@id\":\"https:\\\/\\\/www.mymomentsworld.com\\\/sklep\\\/antypotowa-wkladka-do-fotelika-moon\\\/#primaryimage\"},\"image\":{\"@id\":\"https:\\\/\\\/www.mymomentsworld.com\\\/sklep\\\/antypotowa-wkladka-do-fotelika-moon\\\/#primaryimage\"},\"thumbnailUrl\":\"https:\\\/\\\/www.mymomentsworld.com\\\/wp-content\\\/uploads\\\/2025\\\/06\\\/wkladka-bambusowa-do-fotelika-moon.jpeg\",\"datePublished\":\"2025-06-02T17:39:53+00:00\",\"dateModified\":\"2026-03-29T17:35:54+00:00\",\"breadcrumb\":{\"@id\":\"https:\\\/\\\/www.mymomentsworld.com\\\/sklep\\\/antypotowa-wkladka-do-fotelika-moon\\\/#breadcrumb\"},\"inLanguage\":\"pl-PL\",\"potentialAction\":[{\"@type\":\"ReadAction\",\"target\":[\"https:\\\/\\\/www.mymomentsworld.com\\\/sklep\\\/antypotowa-wkladka-do-fotelika-moon\\\/\"]}]},{\"@type\":\"ImageObject\",\"inLanguage\":\"pl-PL\",\"@id\":\"https:\\\/\\\/www.mymomentsworld.com\\\/sklep\\\/antypotowa-wkladka-do-fotelika-moon\\\/#primaryimage\",\"url\":\"https:\\\/\\\/www.mymomentsworld.com\\\/wp-content\\\/uploads\\\/2025\\\/06\\\/wkladka-bambusowa-do-fotelika-moon.jpeg\",\"contentUrl\":\"https:\\\/\\\/www.mymomentsworld.com\\\/wp-content\\\/uploads\\\/2025\\\/06\\\/wkladka-bambusowa-do-fotelika-moon.jpeg\",\"width\":800,\"height\":800},{\"@type\":\"BreadcrumbList\",\"@id\":\"https:\\\/\\\/www.mymomentsworld.com\\\/sklep\\\/antypotowa-wkladka-do-fotelika-moon\\\/#breadcrumb\",\"itemListElement\":[{\"@type\":\"ListItem\",\"position\":1,\"name\":\"Strona g\u0142\u00f3wna\",\"item\":\"https:\\\/\\\/www.mymomentsworld.com\\\/\"},{\"@type\":\"ListItem\",\"position\":2,\"name\":\"Produkty\",\"item\":\"https:\\\/\\\/www.mymomentsworld.com\\\/sklep\\\/\"},{\"@type\":\"ListItem\",\"position\":3,\"name\":\"Antypotowa wk\u0142adka do fotelika Moon\"}]},{\"@type\":\"WebSite\",\"@id\":\"https:\\\/\\\/www.mymomentsworld.com\\\/#website\",\"url\":\"https:\\\/\\\/www.mymomentsworld.com\\\/\",\"name\":\"My Moments\",\"description\":\"Produkty dla niemowl\u0105t, dzieci i rodzic\u00f3w\",\"publisher\":{\"@id\":\"https:\\\/\\\/www.mymomentsworld.com\\\/#organization\"},\"potentialAction\":[{\"@type\":\"SearchAction\",\"target\":{\"@type\":\"EntryPoint\",\"urlTemplate\":\"https:\\\/\\\/www.mymomentsworld.com\\\/?s={search_term_string}\"},\"query-input\":{\"@type\":\"PropertyValueSpecification\",\"valueRequired\":true,\"valueName\":\"search_term_string\"}}],\"inLanguage\":\"pl-PL\"},{\"@type\":\"Organization\",\"@id\":\"https:\\\/\\\/www.mymomentsworld.com\\\/#organization\",\"name\":\"My Moments\",\"url\":\"https:\\\/\\\/www.mymomentsworld.com\\\/\",\"logo\":{\"@type\":\"ImageObject\",\"inLanguage\":\"pl-PL\",\"@id\":\"https:\\\/\\\/www.mymomentsworld.com\\\/#\\\/schema\\\/logo\\\/image\\\/\",\"url\":\"https:\\\/\\\/www.mymomentsworld.com\\\/wp-content\\\/uploads\\\/2025\\\/07\\\/cropped-logo-transparent.png\",\"contentUrl\":\"https:\\\/\\\/www.mymomentsworld.com\\\/wp-content\\\/uploads\\\/2025\\\/07\\\/cropped-logo-transparent.png\",\"width\":1024,\"height\":590,\"caption\":\"My Moments\"},\"image\":{\"@id\":\"https:\\\/\\\/www.mymomentsworld.com\\\/#\\\/schema\\\/logo\\\/image\\\/\"},\"sameAs\":[\"https:\\\/\\\/www.facebook.com\\\/mymomentsworld\\\/\",\"https:\\\/\\\/www.instagram.com\\\/mymomentsworld\\\/\",\"https:\\\/\\\/pinterest.com\\\/MyMomentsWorld\\\/\"]}]}<\/script>\n<!-- \/ Yoast SEO plugin. -->","yoast_head_json":{"title":"Antypotowa wk\u0142adka do fotelika Moon | My Moments - Produkty dla niemowl\u0105t, dzieci i rodzic\u00f3w","robots":{"index":"index","follow":"follow","max-snippet":"max-snippet:-1","max-image-preview":"max-image-preview:large","max-video-preview":"max-video-preview:-1"},"canonical":"https:\/\/www.mymomentsworld.com\/pl\/sklep\/antypotowa-wkladka-do-fotelika-moon\/","og_locale":"pl_PL","og_type":"article","og_title":"Antypotowa wk\u0142adka do fotelika Moon | My Moments - Produkty dla niemowl\u0105t, dzieci i rodzic\u00f3w","og_description":"Antypotowa wk\u0142adka do fotelika pasuje do wi\u0119kszo\u015bci fotelik\u00f3w samochodowych z pasami 3 i 5-cio punktowymi. Nasza wk\u0142adka bambusowa do fotelika [&hellip;]","og_url":"https:\/\/www.mymomentsworld.com\/pl\/sklep\/antypotowa-wkladka-do-fotelika-moon\/","og_site_name":"My Moments","article_publisher":"https:\/\/www.facebook.com\/mymomentsworld\/","article_modified_time":"2026-03-29T17:35:54+00:00","og_image":[{"width":800,"height":800,"url":"https:\/\/www.mymomentsworld.com\/wp-content\/uploads\/2025\/06\/wkladka-bambusowa-do-fotelika-moon.jpeg","type":"image\/jpeg"}],"twitter_card":"summary_large_image","twitter_misc":{"Szacowany czas czytania":"2 minuty"},"schema":{"@context":"https:\/\/schema.org","@graph":[{"@type":"WebPage","@id":"https:\/\/www.mymomentsworld.com\/sklep\/antypotowa-wkladka-do-fotelika-moon\/","url":"https:\/\/www.mymomentsworld.com\/sklep\/antypotowa-wkladka-do-fotelika-moon\/","name":"Antypotowa wk\u0142adka do fotelika Moon | My Moments - Produkty dla niemowl\u0105t, dzieci i rodzic\u00f3w","isPartOf":{"@id":"https:\/\/www.mymomentsworld.com\/#website"},"primaryImageOfPage":{"@id":"https:\/\/www.mymomentsworld.com\/sklep\/antypotowa-wkladka-do-fotelika-moon\/#primaryimage"},"image":{"@id":"https:\/\/www.mymomentsworld.com\/sklep\/antypotowa-wkladka-do-fotelika-moon\/#primaryimage"},"thumbnailUrl":"https:\/\/www.mymomentsworld.com\/wp-content\/uploads\/2025\/06\/wkladka-bambusowa-do-fotelika-moon.jpeg","datePublished":"2025-06-02T17:39:53+00:00","dateModified":"2026-03-29T17:35:54+00:00","breadcrumb":{"@id":"https:\/\/www.mymomentsworld.com\/sklep\/antypotowa-wkladka-do-fotelika-moon\/#breadcrumb"},"inLanguage":"pl-PL","potentialAction":[{"@type":"ReadAction","target":["https:\/\/www.mymomentsworld.com\/sklep\/antypotowa-wkladka-do-fotelika-moon\/"]}]},{"@type":"ImageObject","inLanguage":"pl-PL","@id":"https:\/\/www.mymomentsworld.com\/sklep\/antypotowa-wkladka-do-fotelika-moon\/#primaryimage","url":"https:\/\/www.mymomentsworld.com\/wp-content\/uploads\/2025\/06\/wkladka-bambusowa-do-fotelika-moon.jpeg","contentUrl":"https:\/\/www.mymomentsworld.com\/wp-content\/uploads\/2025\/06\/wkladka-bambusowa-do-fotelika-moon.jpeg","width":800,"height":800},{"@type":"BreadcrumbList","@id":"https:\/\/www.mymomentsworld.com\/sklep\/antypotowa-wkladka-do-fotelika-moon\/#breadcrumb","itemListElement":[{"@type":"ListItem","position":1,"name":"Strona g\u0142\u00f3wna","item":"https:\/\/www.mymomentsworld.com\/"},{"@type":"ListItem","position":2,"name":"Produkty","item":"https:\/\/www.mymomentsworld.com\/sklep\/"},{"@type":"ListItem","position":3,"name":"Antypotowa wk\u0142adka do fotelika Moon"}]},{"@type":"WebSite","@id":"https:\/\/www.mymomentsworld.com\/#website","url":"https:\/\/www.mymomentsworld.com\/","name":"My Moments","description":"Produkty dla niemowl\u0105t, dzieci i rodzic\u00f3w","publisher":{"@id":"https:\/\/www.mymomentsworld.com\/#organization"},"potentialAction":[{"@type":"SearchAction","target":{"@type":"EntryPoint","urlTemplate":"https:\/\/www.mymomentsworld.com\/?s={search_term_string}"},"query-input":{"@type":"PropertyValueSpecification","valueRequired":true,"valueName":"search_term_string"}}],"inLanguage":"pl-PL"},{"@type":"Organization","@id":"https:\/\/www.mymomentsworld.com\/#organization","name":"My Moments","url":"https:\/\/www.mymomentsworld.com\/","logo":{"@type":"ImageObject","inLanguage":"pl-PL","@id":"https:\/\/www.mymomentsworld.com\/#\/schema\/logo\/image\/","url":"https:\/\/www.mymomentsworld.com\/wp-content\/uploads\/2025\/07\/cropped-logo-transparent.png","contentUrl":"https:\/\/www.mymomentsworld.com\/wp-content\/uploads\/2025\/07\/cropped-logo-transparent.png","width":1024,"height":590,"caption":"My Moments"},"image":{"@id":"https:\/\/www.mymomentsworld.com\/#\/schema\/logo\/image\/"},"sameAs":["https:\/\/www.facebook.com\/mymomentsworld\/","https:\/\/www.instagram.com\/mymomentsworld\/","https:\/\/pinterest.com\/MyMomentsWorld\/"]}]}},"_links":{"self":[{"href":"https:\/\/www.mymomentsworld.com\/pl\/wp-json\/wp\/v2\/product\/630","targetHints":{"allow":["GET"]}}],"collection":[{"href":"https:\/\/www.mymomentsworld.com\/pl\/wp-json\/wp\/v2\/product"}],"about":[{"href":"https:\/\/www.mymomentsworld.com\/pl\/wp-json\/wp\/v2\/types\/product"}],"replies":[{"embeddable":true,"href":"https:\/\/www.mymomentsworld.com\/pl\/wp-json\/wp\/v2\/comments?post=630"}],"wp:featuredmedia":[{"embeddable":true,"href":"https:\/\/www.mymomentsworld.com\/pl\/wp-json\/wp\/v2\/media\/624"}],"wp:attachment":[{"href":"https:\/\/www.mymomentsworld.com\/pl\/wp-json\/wp\/v2\/media?parent=630"}],"wp:term":[{"taxonomy":"product_brand","embeddable":true,"href":"https:\/\/www.mymomentsworld.com\/pl\/wp-json\/wp\/v2\/product_brand?post=630"},{"taxonomy":"product_cat","embeddable":true,"href":"https:\/\/www.mymomentsworld.com\/pl\/wp-json\/wp\/v2\/product_cat?post=630"},{"taxonomy":"product_tag","embeddable":true,"href":"https:\/\/www.mymomentsworld.com\/pl\/wp-json\/wp\/v2\/product_tag?post=630"}],"curies":[{"name":"wp","href":"https:\/\/api.w.org\/{rel}","templated":true}]}}